{"id":152567,"date":"2023-08-17T13:19:14","date_gmt":"2023-08-17T11:19:14","guid":{"rendered":"https:\/\/audiohypnosis.online\/product\/kevesebb-kannabiszhasznalat\/"},"modified":"2023-08-17T13:19:14","modified_gmt":"2023-08-17T11:19:14","slug":"kevesebb-kannabisz-hasznalat","status":"publish","type":"product","link":"https:\/\/audiohypnosis.online\/hu\/termek\/kevesebb-kannabisz-hasznalat\/","title":{"rendered":"Kevesebb kannabiszhaszn\u00e1lat"},"content":{"rendered":"<p>Szeretn\u00e9 kontroll\u00e1lni a t\u00falzott kannabiszhaszn\u00e1latot? Audio hipn\u00f3zis MP3-ink az eg\u00e9szs\u00e9gesebb v\u00e1laszt\u00e1sokhoz vezet\u0151 utat k\u00edn\u00e1lj\u00e1k. Meg\u00e9rett az id\u0151 a pozit\u00edv \u00e1talakul\u00e1sra. Vezessen be tart\u00f3s v\u00e1ltoztat\u00e1sokat a gyors \u00e9s eg\u00e9szs\u00e9ges siker \u00e9rdek\u00e9ben. A kannabiszhaszn\u00e1lat sikeres cs\u00f6kkent\u00e9s\u00e9vel a szabads\u00e1g, a kontroll \u00e9s a j\u00f3l\u00e9t \u00faj szintj\u00e9t \u00e9rheti el.<\/p>\n<p>Kezdje el a v\u00e1ltoz\u00e1shoz vezet\u0151 utat m\u00e9g ma. Audio hipn\u00f3zis MP3-ink a kiegyens\u00falyozott, eg\u00e9szs\u00e9ges \u00e9letm\u00f3d fel\u00e9 vezetik \u00d6nt.<\/p>\n<p>Egy k\u00e9zik\u00f6nyvet is biztos\u00edtunk, hogy pontosan tudd, hogyan \u00e9rheted el a legjobb eredm\u00e9nyeket az audio hipn\u00f3zis MP3-akkal.<\/p>\n<p>Hozz\u00e1f\u00e9r\u00e9st kapsz 6 let\u00f6lthet\u0151 hangf\u00e1jlhoz (MP3).<\/p>\n<p>Az alap \u00fcl\u00e9s (passz\u00edv), egy r\u00f6videbb v\u00e1ltozat (passz\u00edv) \u00e9s egy s\u00e9ta k\u00f6zben hallgathat\u00f3 \u00fcl\u00e9s.<\/p>\n","protected":false},"excerpt":{"rendered":"<p>Szeretn\u00e9 kontroll\u00e1lni a t\u00falzott kannabiszhaszn\u00e1latot?<\/p>\n","protected":false},"featured_media":152587,"comment_status":"open","ping_status":"closed","template":"","meta":[],"language":[3142,3141],"product_cat":[3244],"product_tag":[3503,3274,3277,3502,3276,3213,3175],"class_list":{"0":"post-152567","1":"product","2":"type-product","3":"status-publish","4":"has-post-thumbnail","6":"language-francia","7":"language-holland","8":"product_cat-fuggosegek","9":"product_tag-avhengighet-hu","10":"product_tag-cannabis-hu","11":"product_tag-gyom","12":"product_tag-helse-hu","13":"product_tag-marihuana-hu","14":"product_tag-onkontroll","15":"product_tag-wellness-hu","16":"pa_languages-francia","17":"pa_languages-holland","19":"entry","20":"has-media","22":"first","23":"instock","24":"shipping-taxable","25":"purchasable","26":"product-type-variable","27":"has-product-nav","28":"col","29":"span_1_of_4","30":"owp-content-center","31":"owp-thumbs-layout-horizontal","32":"owp-btn-big","33":"owp-tabs-layout-vertical","34":"has-no-thumbnails"},"acf":[],"aioseo_notices":[],"_links":{"self":[{"href":"https:\/\/audiohypnosis.online\/hu\/wp-json\/wp\/v2\/product\/152567","targetHints":{"allow":["GET"]}}],"collection":[{"href":"https:\/\/audiohypnosis.online\/hu\/wp-json\/wp\/v2\/product"}],"about":[{"href":"https:\/\/audiohypnosis.online\/hu\/wp-json\/wp\/v2\/types\/product"}],"replies":[{"embeddable":true,"href":"https:\/\/audiohypnosis.online\/hu\/wp-json\/wp\/v2\/comments?post=152567"}],"version-history":[{"count":0,"href":"https:\/\/audiohypnosis.online\/hu\/wp-json\/wp\/v2\/product\/152567\/revisions"}],"wp:featuredmedia":[{"embeddable":true,"href":"https:\/\/audiohypnosis.online\/hu\/wp-json\/wp\/v2\/media\/152587"}],"wp:attachment":[{"href":"https:\/\/audiohypnosis.online\/hu\/wp-json\/wp\/v2\/media?parent=152567"}],"wp:term":[{"taxonomy":"language","embeddable":true,"href":"https:\/\/audiohypnosis.online\/hu\/wp-json\/wp\/v2\/language?post=152567"},{"taxonomy":"product_cat","embeddable":true,"href":"https:\/\/audiohypnosis.online\/hu\/wp-json\/wp\/v2\/product_cat?post=152567"},{"taxonomy":"product_tag","embeddable":true,"href":"https:\/\/audiohypnosis.online\/hu\/wp-json\/wp\/v2\/product_tag?post=152567"}],"curies":[{"name":"wp","href":"https:\/\/api.w.org\/{rel}","templated":true}]}}