{"id":152565,"date":"2023-10-14T09:09:04","date_gmt":"2023-10-14T07:09:04","guid":{"rendered":"https:\/\/audiohypnosis.online\/product\/jobb-alvas\/"},"modified":"2023-10-14T09:09:04","modified_gmt":"2023-10-14T07:09:04","slug":"jobb-alvas","status":"publish","type":"product","link":"https:\/\/audiohypnosis.online\/hu\/termek\/jobb-alvas\/","title":{"rendered":"Jobb alv\u00e1s"},"content":{"rendered":"<p>\u00c1lmatlan \u00e9jszak\u00e1kkal k\u00fczd? Audio hipn\u00f3zis MP3-ink c\u00e9lja, hogy seg\u00edtsenek \u00d6nnek m\u00e9ly \u00e9s pihentet\u0151 alv\u00e1st el\u00e9rni. Hozz\u00e1f\u00e9r\u00e9st kapsz 6 let\u00f6lthet\u0151 hangf\u00e1jlhoz \u00e9s egy k\u00e9zik\u00f6nyvh\u00f6z, amelyek a jobb alv\u00e1si szok\u00e1sok fel\u00e9 vezetnek.<\/p>\n","protected":false},"excerpt":{"rendered":"<p>\u00c1lmatlan \u00e9jszak\u00e1kkal k\u00fczd?<\/p>\n","protected":false},"featured_media":152576,"comment_status":"closed","ping_status":"closed","template":"","meta":[],"language":[3142,3141,3143,3157,3164,3148],"product_cat":[3256],"product_tag":[3217,3262,3502,3273,3175],"class_list":{"0":"post-152565","1":"product","2":"type-product","3":"status-publish","4":"has-post-thumbnail","6":"language-francia","7":"language-holland","8":"language-nemet","9":"language-olasz","10":"language-portugal-brazilia","11":"language-szerb","12":"product_cat-alvas","13":"product_tag-alvas","14":"product_tag-fejlesztes","15":"product_tag-helse-hu","16":"product_tag-relaxacio","17":"product_tag-wellness-hu","18":"pa_languages-francia","19":"pa_languages-holland","20":"pa_languages-nemet","21":"pa_languages-olasz","22":"pa_languages-portugal-brazilia","23":"pa_languages-szerb","25":"entry","26":"has-media","28":"first","29":"instock","30":"purchasable","31":"product-type-variable","32":"has-product-nav","33":"col","34":"span_1_of_4","35":"owp-content-center","36":"owp-thumbs-layout-horizontal","37":"owp-btn-big","38":"owp-tabs-layout-vertical","39":"has-no-thumbnails"},"acf":[],"aioseo_notices":[],"_links":{"self":[{"href":"https:\/\/audiohypnosis.online\/hu\/wp-json\/wp\/v2\/product\/152565","targetHints":{"allow":["GET"]}}],"collection":[{"href":"https:\/\/audiohypnosis.online\/hu\/wp-json\/wp\/v2\/product"}],"about":[{"href":"https:\/\/audiohypnosis.online\/hu\/wp-json\/wp\/v2\/types\/product"}],"replies":[{"embeddable":true,"href":"https:\/\/audiohypnosis.online\/hu\/wp-json\/wp\/v2\/comments?post=152565"}],"version-history":[{"count":0,"href":"https:\/\/audiohypnosis.online\/hu\/wp-json\/wp\/v2\/product\/152565\/revisions"}],"wp:featuredmedia":[{"embeddable":true,"href":"https:\/\/audiohypnosis.online\/hu\/wp-json\/wp\/v2\/media\/152576"}],"wp:attachment":[{"href":"https:\/\/audiohypnosis.online\/hu\/wp-json\/wp\/v2\/media?parent=152565"}],"wp:term":[{"taxonomy":"language","embeddable":true,"href":"https:\/\/audiohypnosis.online\/hu\/wp-json\/wp\/v2\/language?post=152565"},{"taxonomy":"product_cat","embeddable":true,"href":"https:\/\/audiohypnosis.online\/hu\/wp-json\/wp\/v2\/product_cat?post=152565"},{"taxonomy":"product_tag","embeddable":true,"href":"https:\/\/audiohypnosis.online\/hu\/wp-json\/wp\/v2\/product_tag?post=152565"}],"curies":[{"name":"wp","href":"https:\/\/api.w.org\/{rel}","templated":true}]}}