{"id":152563,"date":"2023-10-14T09:09:04","date_gmt":"2023-10-14T07:09:04","guid":{"rendered":"https:\/\/audiohypnosis.online\/product\/felelem-a-pokoktol\/"},"modified":"2023-10-14T09:09:04","modified_gmt":"2023-10-14T07:09:04","slug":"felelem-a-pokoktol","status":"publish","type":"product","link":"https:\/\/audiohypnosis.online\/hu\/termek\/felelem-a-pokoktol\/","title":{"rendered":"F\u00e9lelem a p\u00f3kokt\u00f3l"},"content":{"rendered":"<p>A p\u00f3kokt\u00f3l megborzong a b\u0151r\u00f6d? Hanghipn\u00f3zisos foglalkoz\u00e1sainkkal megszerezheti az ir\u00e1ny\u00edt\u00e1st a f\u00e9lelmei felett. Csomagunk 6 k\u00fcl\u00f6nb\u00f6z\u0151 audio MP3-at tartalmaz az \u00d6n ig\u00e9nyeinek megfelel\u0151en, valamint egy k\u00e9zik\u00f6nyvet a legjobb eredm\u00e9nyek \u00e9rdek\u00e9ben.<\/p>\n","protected":false},"excerpt":{"rendered":"<p>A p\u00f3kokt\u00f3l megborzong a b\u0151r\u00f6d?<\/p>\n","protected":false},"featured_media":152566,"comment_status":"closed","ping_status":"closed","template":"","meta":[],"language":[3142,3141,3143,3148],"product_cat":[3149],"product_tag":[3153,3206,3268,3155,3175],"class_list":{"0":"post-152563","1":"product","2":"type-product","3":"status-publish","4":"has-post-thumbnail","6":"language-francia","7":"language-holland","8":"language-nemet","9":"language-szerb","10":"product_cat-felelmek-es-fobiak","11":"product_tag-felelem","12":"product_tag-fobia-hu","13":"product_tag-pokok","14":"product_tag-szorongas","15":"product_tag-wellness-hu","16":"pa_languages-francia","17":"pa_languages-holland","18":"pa_languages-nemet","19":"pa_languages-szerb","21":"entry","22":"has-media","24":"first","25":"instock","26":"purchasable","27":"product-type-variable","28":"has-product-nav","29":"col","30":"span_1_of_4","31":"owp-content-center","32":"owp-thumbs-layout-horizontal","33":"owp-btn-big","34":"owp-tabs-layout-vertical","35":"has-no-thumbnails"},"acf":[],"aioseo_notices":[],"_links":{"self":[{"href":"https:\/\/audiohypnosis.online\/hu\/wp-json\/wp\/v2\/product\/152563","targetHints":{"allow":["GET"]}}],"collection":[{"href":"https:\/\/audiohypnosis.online\/hu\/wp-json\/wp\/v2\/product"}],"about":[{"href":"https:\/\/audiohypnosis.online\/hu\/wp-json\/wp\/v2\/types\/product"}],"replies":[{"embeddable":true,"href":"https:\/\/audiohypnosis.online\/hu\/wp-json\/wp\/v2\/comments?post=152563"}],"version-history":[{"count":0,"href":"https:\/\/audiohypnosis.online\/hu\/wp-json\/wp\/v2\/product\/152563\/revisions"}],"wp:featuredmedia":[{"embeddable":true,"href":"https:\/\/audiohypnosis.online\/hu\/wp-json\/wp\/v2\/media\/152566"}],"wp:attachment":[{"href":"https:\/\/audiohypnosis.online\/hu\/wp-json\/wp\/v2\/media?parent=152563"}],"wp:term":[{"taxonomy":"language","embeddable":true,"href":"https:\/\/audiohypnosis.online\/hu\/wp-json\/wp\/v2\/language?post=152563"},{"taxonomy":"product_cat","embeddable":true,"href":"https:\/\/audiohypnosis.online\/hu\/wp-json\/wp\/v2\/product_cat?post=152563"},{"taxonomy":"product_tag","embeddable":true,"href":"https:\/\/audiohypnosis.online\/hu\/wp-json\/wp\/v2\/product_tag?post=152563"}],"curies":[{"name":"wp","href":"https:\/\/api.w.org\/{rel}","templated":true}]}}