{"id":152528,"date":"2023-10-14T09:09:04","date_gmt":"2023-10-14T07:09:04","guid":{"rendered":"https:\/\/audiohypnosis.online\/product\/randizas-magabiztosan\/"},"modified":"2023-10-14T09:09:04","modified_gmt":"2023-10-14T07:09:04","slug":"randizas-magabiztossaggal","status":"publish","type":"product","link":"https:\/\/audiohypnosis.online\/hu\/termek\/randizas-magabiztossaggal\/","title":{"rendered":"Randiz\u00e1s magabiztosan"},"content":{"rendered":"<p>Ideges vagy a randiz\u00e1st\u00f3l? Hangos hipn\u00f3zis MP3-aink c\u00e9lja, hogy n\u00f6velje az \u00f6nbizalm\u00e1t, \u00edgy a randiz\u00e1s kev\u00e9sb\u00e9 lesz ijeszt\u0151. 6 k\u00fcl\u00f6nb\u00f6z\u0151 hangf\u00e1jl \u00e9s egy k\u00e9zik\u00f6nyv a hat\u00e9kony gyakorlatokhoz, hogy a k\u00f6vetkez\u0151 randi sikeres legyen.<\/p>\n","protected":false},"excerpt":{"rendered":"<p>T\u00f6bb \u00f6nbizalomra van sz\u00fcks\u00e9ged a randiz\u00e1sban?<\/p>\n","protected":false},"featured_media":152544,"comment_status":"closed","ping_status":"closed","template":"","meta":[],"language":[3146,3142,3141,3143,3157,3164,3147,3148],"product_cat":[3230],"product_tag":[3156,3151,3267,3231,3233],"class_list":{"0":"post-152528","1":"product","2":"type-product","3":"status-publish","4":"has-post-thumbnail","6":"language-angol","7":"language-francia","8":"language-holland","9":"language-nemet","10":"language-olasz","11":"language-portugal-brazilia","12":"language-spanyol","13":"language-szerb","14":"product_cat-kapcsolatok","15":"product_tag-bizalom","16":"product_tag-emotionalwellness-hu","17":"product_tag-ismerkedes","18":"product_tag-kapcsolatok","19":"product_tag-szerelem","20":"pa_languages-angol","21":"pa_languages-francia","22":"pa_languages-holland","23":"pa_languages-lengyel","24":"pa_languages-magyar","25":"pa_languages-nemet","26":"pa_languages-portugal-brazilia","27":"pa_languages-szerb","28":"pa_languages-ukran","30":"entry","31":"has-media","33":"first","34":"instock","35":"purchasable","36":"product-type-variable","37":"has-product-nav","38":"col","39":"span_1_of_4","40":"owp-content-center","41":"owp-thumbs-layout-horizontal","42":"owp-btn-big","43":"owp-tabs-layout-vertical","44":"has-no-thumbnails"},"acf":[],"aioseo_notices":[],"_links":{"self":[{"href":"https:\/\/audiohypnosis.online\/hu\/wp-json\/wp\/v2\/product\/152528","targetHints":{"allow":["GET"]}}],"collection":[{"href":"https:\/\/audiohypnosis.online\/hu\/wp-json\/wp\/v2\/product"}],"about":[{"href":"https:\/\/audiohypnosis.online\/hu\/wp-json\/wp\/v2\/types\/product"}],"replies":[{"embeddable":true,"href":"https:\/\/audiohypnosis.online\/hu\/wp-json\/wp\/v2\/comments?post=152528"}],"version-history":[{"count":0,"href":"https:\/\/audiohypnosis.online\/hu\/wp-json\/wp\/v2\/product\/152528\/revisions"}],"wp:featuredmedia":[{"embeddable":true,"href":"https:\/\/audiohypnosis.online\/hu\/wp-json\/wp\/v2\/media\/152544"}],"wp:attachment":[{"href":"https:\/\/audiohypnosis.online\/hu\/wp-json\/wp\/v2\/media?parent=152528"}],"wp:term":[{"taxonomy":"language","embeddable":true,"href":"https:\/\/audiohypnosis.online\/hu\/wp-json\/wp\/v2\/language?post=152528"},{"taxonomy":"product_cat","embeddable":true,"href":"https:\/\/audiohypnosis.online\/hu\/wp-json\/wp\/v2\/product_cat?post=152528"},{"taxonomy":"product_tag","embeddable":true,"href":"https:\/\/audiohypnosis.online\/hu\/wp-json\/wp\/v2\/product_tag?post=152528"}],"curies":[{"name":"wp","href":"https:\/\/api.w.org\/{rel}","templated":true}]}}