{"id":152526,"date":"2023-10-14T09:09:04","date_gmt":"2023-10-14T07:09:04","guid":{"rendered":"https:\/\/audiohypnosis.online\/product\/rubor\/"},"modified":"2023-10-14T09:09:04","modified_gmt":"2023-10-14T07:09:04","slug":"pirulva","status":"publish","type":"product","link":"https:\/\/audiohypnosis.online\/hu\/termek\/pirulva\/","title":{"rendered":"Rubor"},"content":{"rendered":"<p>Lutando contra o rubor excessivo? Nossos MP3s de hipnose de \u00e1udio podem gui\u00e1-lo para recuperar o controle sobre essa rea\u00e7\u00e3o involunt\u00e1ria. Voc\u00ea ter\u00e1 acesso a 6 arquivos de \u00e1udio para download and um manual para ajud\u00e1-lo a obter os melhores resultados.<\/p>\n","protected":false},"excerpt":{"rendered":"<p>Luta com rubor excessivo?<\/p>\n","protected":false},"featured_media":152531,"comment_status":"closed","ping_status":"closed","template":"","meta":[],"language":[3141,3143],"product_cat":[3159],"product_tag":[3151,3502,3162,3155,3265],"class_list":{"0":"post-152526","1":"product","2":"type-product","3":"status-publish","4":"has-post-thumbnail","6":"language-holland","7":"language-nemet","8":"product_cat-egeszseg-es-jolet","9":"product_tag-emotionalwellness-hu","10":"product_tag-helse-hu","11":"product_tag-selfcare-hu","12":"product_tag-szorongas","13":"product_tag-vezerles","14":"pa_languages-holland","15":"pa_languages-nemet","16":"pa_languages-ukran","18":"entry","19":"has-media","21":"first","22":"instock","23":"purchasable","24":"product-type-variable","25":"has-product-nav","26":"col","27":"span_1_of_4","28":"owp-content-center","29":"owp-thumbs-layout-horizontal","30":"owp-btn-big","31":"owp-tabs-layout-vertical","32":"has-no-thumbnails"},"acf":[],"aioseo_notices":[],"_links":{"self":[{"href":"https:\/\/audiohypnosis.online\/hu\/wp-json\/wp\/v2\/product\/152526","targetHints":{"allow":["GET"]}}],"collection":[{"href":"https:\/\/audiohypnosis.online\/hu\/wp-json\/wp\/v2\/product"}],"about":[{"href":"https:\/\/audiohypnosis.online\/hu\/wp-json\/wp\/v2\/types\/product"}],"replies":[{"embeddable":true,"href":"https:\/\/audiohypnosis.online\/hu\/wp-json\/wp\/v2\/comments?post=152526"}],"version-history":[{"count":0,"href":"https:\/\/audiohypnosis.online\/hu\/wp-json\/wp\/v2\/product\/152526\/revisions"}],"wp:featuredmedia":[{"embeddable":true,"href":"https:\/\/audiohypnosis.online\/hu\/wp-json\/wp\/v2\/media\/152531"}],"wp:attachment":[{"href":"https:\/\/audiohypnosis.online\/hu\/wp-json\/wp\/v2\/media?parent=152526"}],"wp:term":[{"taxonomy":"language","embeddable":true,"href":"https:\/\/audiohypnosis.online\/hu\/wp-json\/wp\/v2\/language?post=152526"},{"taxonomy":"product_cat","embeddable":true,"href":"https:\/\/audiohypnosis.online\/hu\/wp-json\/wp\/v2\/product_cat?post=152526"},{"taxonomy":"product_tag","embeddable":true,"href":"https:\/\/audiohypnosis.online\/hu\/wp-json\/wp\/v2\/product_tag?post=152526"}],"curies":[{"name":"wp","href":"https:\/\/api.w.org\/{rel}","templated":true}]}}