{"id":152525,"date":"2023-10-14T09:09:04","date_gmt":"2023-10-14T07:09:04","guid":{"rendered":"https:\/\/audiohypnosis.online\/product\/felelem-a-tuktol-injekcioktol\/"},"modified":"2023-10-14T09:09:04","modified_gmt":"2023-10-14T07:09:04","slug":"fear-of-needles-injections","status":"publish","type":"product","link":"https:\/\/audiohypnosis.online\/hu\/termek\/fear-of-needles-injections\/","title":{"rendered":"F\u00e9lelem a t\u0171kt\u0151l\/injekci\u00f3kt\u00f3l"},"content":{"rendered":"<p>F\u00e9l a t\u0171kt\u0151l \u00e9s az injekci\u00f3kt\u00f3l? Hangos hipn\u00f3zis MP3-ink seg\u00edthetnek \u00d6nnek legy\u0151zni ezt a f\u00e9lelmet. A 6 let\u00f6lthet\u0151 hangf\u00e1jl \u00e9s a legjobb gyakorlatokat tartalmaz\u00f3 k\u00e9zik\u00f6nyv seg\u00edts\u00e9g\u00e9vel v\u00e9gre retteg\u00e9s n\u00e9lk\u00fcl n\u00e9zhetsz szembe az orvosi elj\u00e1r\u00e1sokkal.<\/p>\n","protected":false},"excerpt":{"rendered":"<p>F\u00e9l a t\u0171kt\u0151l vagy az injekci\u00f3kt\u00f3l?<\/p>\n","protected":false},"featured_media":152529,"comment_status":"closed","ping_status":"closed","template":"","meta":[],"language":[3141,3143],"product_cat":[3149],"product_tag":[3153,3206,3502,3155,3264],"class_list":{"0":"post-152525","1":"product","2":"type-product","3":"status-publish","4":"has-post-thumbnail","6":"language-holland","7":"language-nemet","8":"product_cat-felelmek-es-fobiak","9":"product_tag-felelem","10":"product_tag-fobia-hu","11":"product_tag-helse-hu","12":"product_tag-szorongas","13":"product_tag-tuk","14":"pa_languages-holland","15":"pa_languages-nemet","17":"entry","18":"has-media","20":"first","21":"instock","22":"purchasable","23":"product-type-variable","24":"has-product-nav","25":"col","26":"span_1_of_4","27":"owp-content-center","28":"owp-thumbs-layout-horizontal","29":"owp-btn-big","30":"owp-tabs-layout-vertical","31":"has-no-thumbnails"},"acf":[],"aioseo_notices":[],"_links":{"self":[{"href":"https:\/\/audiohypnosis.online\/hu\/wp-json\/wp\/v2\/product\/152525","targetHints":{"allow":["GET"]}}],"collection":[{"href":"https:\/\/audiohypnosis.online\/hu\/wp-json\/wp\/v2\/product"}],"about":[{"href":"https:\/\/audiohypnosis.online\/hu\/wp-json\/wp\/v2\/types\/product"}],"replies":[{"embeddable":true,"href":"https:\/\/audiohypnosis.online\/hu\/wp-json\/wp\/v2\/comments?post=152525"}],"version-history":[{"count":0,"href":"https:\/\/audiohypnosis.online\/hu\/wp-json\/wp\/v2\/product\/152525\/revisions"}],"wp:featuredmedia":[{"embeddable":true,"href":"https:\/\/audiohypnosis.online\/hu\/wp-json\/wp\/v2\/media\/152529"}],"wp:attachment":[{"href":"https:\/\/audiohypnosis.online\/hu\/wp-json\/wp\/v2\/media?parent=152525"}],"wp:term":[{"taxonomy":"language","embeddable":true,"href":"https:\/\/audiohypnosis.online\/hu\/wp-json\/wp\/v2\/language?post=152525"},{"taxonomy":"product_cat","embeddable":true,"href":"https:\/\/audiohypnosis.online\/hu\/wp-json\/wp\/v2\/product_cat?post=152525"},{"taxonomy":"product_tag","embeddable":true,"href":"https:\/\/audiohypnosis.online\/hu\/wp-json\/wp\/v2\/product_tag?post=152525"}],"curies":[{"name":"wp","href":"https:\/\/api.w.org\/{rel}","templated":true}]}}