{"id":152489,"date":"2023-10-14T09:09:04","date_gmt":"2023-10-14T07:09:04","guid":{"rendered":"https:\/\/audiohypnosis.online\/product\/darteritus\/"},"modified":"2023-10-14T09:09:04","modified_gmt":"2023-10-14T07:09:04","slug":"darteritus","status":"publish","type":"product","link":"https:\/\/audiohypnosis.online\/hu\/termek\/darteritus\/","title":{"rendered":"Darteritus"},"content":{"rendered":"<p>Darteritussal k\u00fczdesz a darts j\u00e1t\u00e9kodban? Hanghipn\u00f3zisos foglalkoz\u00e1saink seg\u00edthetnek jav\u00edtani a koncentr\u00e1ci\u00f3j\u00e1t \u00e9s a k\u00e9szs\u00e9geit. A csomag 6 hangf\u00e1jlt \u00e9s egy k\u00e9zik\u00f6nyvet tartalmaz, amelyek a jobb teljes\u00edtm\u00e9ny fel\u00e9 ir\u00e1ny\u00edtj\u00e1k \u00d6nt.<\/p>\n","protected":false},"excerpt":{"rendered":"<p>Szeretn\u00e9d fejleszteni a darts j\u00e1t\u00e9kodat?<\/p>\n","protected":false},"featured_media":152503,"comment_status":"closed","ping_status":"closed","template":"","meta":[],"language":[3142,3141,3148],"product_cat":[3212],"product_tag":[3263,3262,3219,3216,3214],"class_list":{"0":"post-152489","1":"product","2":"type-product","3":"status-publish","4":"has-post-thumbnail","6":"language-francia","7":"language-holland","8":"language-szerb","9":"product_cat-sport-es-jatekok","10":"product_tag-darts-hu","11":"product_tag-fejlesztes","12":"product_tag-kepesseg","13":"product_tag-sport-hu","14":"product_tag-szabadido","15":"pa_languages-francia","16":"pa_languages-holland","17":"pa_languages-szerb","19":"entry","20":"has-media","22":"first","23":"instock","24":"purchasable","25":"product-type-variable","26":"has-product-nav","27":"col","28":"span_1_of_4","29":"owp-content-center","30":"owp-thumbs-layout-horizontal","31":"owp-btn-big","32":"owp-tabs-layout-vertical","33":"has-no-thumbnails"},"acf":[],"aioseo_notices":[],"_links":{"self":[{"href":"https:\/\/audiohypnosis.online\/hu\/wp-json\/wp\/v2\/product\/152489","targetHints":{"allow":["GET"]}}],"collection":[{"href":"https:\/\/audiohypnosis.online\/hu\/wp-json\/wp\/v2\/product"}],"about":[{"href":"https:\/\/audiohypnosis.online\/hu\/wp-json\/wp\/v2\/types\/product"}],"replies":[{"embeddable":true,"href":"https:\/\/audiohypnosis.online\/hu\/wp-json\/wp\/v2\/comments?post=152489"}],"version-history":[{"count":0,"href":"https:\/\/audiohypnosis.online\/hu\/wp-json\/wp\/v2\/product\/152489\/revisions"}],"wp:featuredmedia":[{"embeddable":true,"href":"https:\/\/audiohypnosis.online\/hu\/wp-json\/wp\/v2\/media\/152503"}],"wp:attachment":[{"href":"https:\/\/audiohypnosis.online\/hu\/wp-json\/wp\/v2\/media?parent=152489"}],"wp:term":[{"taxonomy":"language","embeddable":true,"href":"https:\/\/audiohypnosis.online\/hu\/wp-json\/wp\/v2\/language?post=152489"},{"taxonomy":"product_cat","embeddable":true,"href":"https:\/\/audiohypnosis.online\/hu\/wp-json\/wp\/v2\/product_cat?post=152489"},{"taxonomy":"product_tag","embeddable":true,"href":"https:\/\/audiohypnosis.online\/hu\/wp-json\/wp\/v2\/product_tag?post=152489"}],"curies":[{"name":"wp","href":"https:\/\/api.w.org\/{rel}","templated":true}]}}