{"id":152488,"date":"2023-10-14T09:09:04","date_gmt":"2023-10-14T07:09:04","guid":{"rendered":"https:\/\/audiohypnosis.online\/product\/jobb-padel\/"},"modified":"2023-10-14T09:09:04","modified_gmt":"2023-10-14T07:09:04","slug":"better-padel","status":"publish","type":"product","link":"https:\/\/audiohypnosis.online\/hu\/termek\/better-padel\/","title":{"rendered":"Jobb Padel"},"content":{"rendered":"<p>Ez az audiohipn\u00f3zis csomag a technika, a strat\u00e9gia \u00e9s a ment\u00e1lis f\u00f3kusz jav\u00edt\u00e1s\u00e1ra \u00f6sszpontos\u00edt a padelben.<\/p>\n<p>\u00d6szt\u00f6nzi a szem\u00e9lyes n\u00f6veked\u00e9st a sportban , ami nagyobb \u00e9lvezethez , sikerhez , \u00e9s a j\u00e1t\u00e9k m\u00e9lyebb meg\u00e9rt\u00e9s\u00e9hez \u00e9s megbecs\u00fcl\u00e9s\u00e9hez vezet.<\/p>\n<p>A csomag 6 f\u00e1jlt tartalmaz (l\u00e1sd al\u00e1bb) + egy k\u00e9zik\u00f6nyvet .<\/p>\n","protected":false},"excerpt":{"rendered":"<p>Fedezd fel az evez\u0151s teniszben val\u00f3 kiv\u00e1l\u00f3s\u00e1g titk\u00e1t!<\/p>\n<p>K\u00e9szen \u00e1llsz arra, hogy felszabad\u00edtsd a teljes potenci\u00e1lodat?<\/p>\n<p>\u2728 Alak\u00edtsd \u00e1t az evez\u0151s j\u00e1t\u00e9kodat \u00fagy, ahogy m\u00e9g sosem k\u00e9pzelted!<\/p>\n","protected":false},"featured_media":152498,"comment_status":"closed","ping_status":"closed","template":"","meta":[],"language":[3141,3148],"product_cat":[3212],"product_tag":[3262,3219,3260,3216,3214],"class_list":{"0":"post-152488","1":"product","2":"type-product","3":"status-publish","4":"has-post-thumbnail","6":"language-holland","7":"language-szerb","8":"product_cat-sport-es-jatekok","9":"product_tag-fejlesztes","10":"product_tag-kepesseg","11":"product_tag-padel-hu","12":"product_tag-sport-hu","13":"product_tag-szabadido","14":"pa_languages-holland","15":"pa_languages-szerb","17":"entry","18":"has-media","20":"first","21":"instock","22":"purchasable","23":"product-type-variable","24":"has-product-nav","25":"col","26":"span_1_of_4","27":"owp-content-center","28":"owp-thumbs-layout-horizontal","29":"owp-btn-big","30":"owp-tabs-layout-vertical","31":"has-no-thumbnails"},"acf":[],"aioseo_notices":[],"_links":{"self":[{"href":"https:\/\/audiohypnosis.online\/hu\/wp-json\/wp\/v2\/product\/152488","targetHints":{"allow":["GET"]}}],"collection":[{"href":"https:\/\/audiohypnosis.online\/hu\/wp-json\/wp\/v2\/product"}],"about":[{"href":"https:\/\/audiohypnosis.online\/hu\/wp-json\/wp\/v2\/types\/product"}],"replies":[{"embeddable":true,"href":"https:\/\/audiohypnosis.online\/hu\/wp-json\/wp\/v2\/comments?post=152488"}],"version-history":[{"count":0,"href":"https:\/\/audiohypnosis.online\/hu\/wp-json\/wp\/v2\/product\/152488\/revisions"}],"wp:featuredmedia":[{"embeddable":true,"href":"https:\/\/audiohypnosis.online\/hu\/wp-json\/wp\/v2\/media\/152498"}],"wp:attachment":[{"href":"https:\/\/audiohypnosis.online\/hu\/wp-json\/wp\/v2\/media?parent=152488"}],"wp:term":[{"taxonomy":"language","embeddable":true,"href":"https:\/\/audiohypnosis.online\/hu\/wp-json\/wp\/v2\/language?post=152488"},{"taxonomy":"product_cat","embeddable":true,"href":"https:\/\/audiohypnosis.online\/hu\/wp-json\/wp\/v2\/product_cat?post=152488"},{"taxonomy":"product_tag","embeddable":true,"href":"https:\/\/audiohypnosis.online\/hu\/wp-json\/wp\/v2\/product_tag?post=152488"}],"curies":[{"name":"wp","href":"https:\/\/api.w.org\/{rel}","templated":true}]}}