{"id":152487,"date":"2023-10-14T09:09:04","date_gmt":"2023-10-14T07:09:04","guid":{"rendered":"https:\/\/audiohypnosis.online\/product\/felelem-az-elkotelezettsegtol\/"},"modified":"2023-10-14T09:09:04","modified_gmt":"2023-10-14T07:09:04","slug":"elkotelezettsegtol-valo-felelem","status":"publish","type":"product","link":"https:\/\/audiohypnosis.online\/hu\/termek\/elkotelezettsegtol-valo-felelem\/","title":{"rendered":"F\u00e9lelem az elk\u00f6telezetts\u00e9gt\u0151l"},"content":{"rendered":"<p>F\u00e9l a p\u00e1rkapcsolati elk\u00f6telez\u0151d\u00e9st\u0151l? Hangos hipn\u00f3zis foglalkoz\u00e1saink c\u00e9lja, hogy seg\u00edtsenek lek\u00fczdeni ezt a f\u00e9lelmet \u00e9s elfogadni a szerelmet. A csomag 6 k\u00fcl\u00f6nb\u00f6z\u0151 audio MP3-at \u00e9s egy k\u00e9zik\u00f6nyvet tartalmaz a hat\u00e9kony eredm\u00e9nyek \u00e9rdek\u00e9ben.<\/p>\n","protected":false},"excerpt":{"rendered":"<p>F\u00e9lsz az elk\u00f6telez\u0151d\u00e9st\u0151l a kapcsolatokban?<\/p>\n","protected":false},"featured_media":152494,"comment_status":"closed","ping_status":"closed","template":"","meta":[],"language":[3146,3142,3141,3143,3157,3164,3147,3148],"product_cat":[3230],"product_tag":[3153,3231,3261,3233,3155],"class_list":{"0":"post-152487","1":"product","2":"type-product","3":"status-publish","4":"has-post-thumbnail","6":"language-angol","7":"language-francia","8":"language-holland","9":"language-nemet","10":"language-olasz","11":"language-portugal-brazilia","12":"language-spanyol","13":"language-szerb","14":"product_cat-kapcsolatok","15":"product_tag-felelem","16":"product_tag-kapcsolatok","17":"product_tag-kotelezettsegvallalas","18":"product_tag-szerelem","19":"product_tag-szorongas","20":"pa_languages-francia","21":"pa_languages-holland","22":"pa_languages-nemet","24":"entry","25":"has-media","27":"first","28":"instock","29":"purchasable","30":"product-type-variable","31":"has-product-nav","32":"col","33":"span_1_of_4","34":"owp-content-center","35":"owp-thumbs-layout-horizontal","36":"owp-btn-big","37":"owp-tabs-layout-vertical","38":"has-no-thumbnails"},"acf":[],"aioseo_notices":[],"_links":{"self":[{"href":"https:\/\/audiohypnosis.online\/hu\/wp-json\/wp\/v2\/product\/152487","targetHints":{"allow":["GET"]}}],"collection":[{"href":"https:\/\/audiohypnosis.online\/hu\/wp-json\/wp\/v2\/product"}],"about":[{"href":"https:\/\/audiohypnosis.online\/hu\/wp-json\/wp\/v2\/types\/product"}],"replies":[{"embeddable":true,"href":"https:\/\/audiohypnosis.online\/hu\/wp-json\/wp\/v2\/comments?post=152487"}],"version-history":[{"count":0,"href":"https:\/\/audiohypnosis.online\/hu\/wp-json\/wp\/v2\/product\/152487\/revisions"}],"wp:featuredmedia":[{"embeddable":true,"href":"https:\/\/audiohypnosis.online\/hu\/wp-json\/wp\/v2\/media\/152494"}],"wp:attachment":[{"href":"https:\/\/audiohypnosis.online\/hu\/wp-json\/wp\/v2\/media?parent=152487"}],"wp:term":[{"taxonomy":"language","embeddable":true,"href":"https:\/\/audiohypnosis.online\/hu\/wp-json\/wp\/v2\/language?post=152487"},{"taxonomy":"product_cat","embeddable":true,"href":"https:\/\/audiohypnosis.online\/hu\/wp-json\/wp\/v2\/product_cat?post=152487"},{"taxonomy":"product_tag","embeddable":true,"href":"https:\/\/audiohypnosis.online\/hu\/wp-json\/wp\/v2\/product_tag?post=152487"}],"curies":[{"name":"wp","href":"https:\/\/api.w.org\/{rel}","templated":true}]}}