{"id":152486,"date":"2023-10-14T09:09:04","date_gmt":"2023-10-14T07:09:04","guid":{"rendered":"https:\/\/audiohypnosis.online\/product\/felelem-a-kutyaktol\/"},"modified":"2023-10-14T09:09:04","modified_gmt":"2023-10-14T07:09:04","slug":"felelem-a-kutyaktol","status":"publish","type":"product","link":"https:\/\/audiohypnosis.online\/hu\/termek\/felelem-a-kutyaktol\/","title":{"rendered":"F\u00e9lelem a kuty\u00e1kt\u00f3l"},"content":{"rendered":"<p>A kuty\u00e1k \u00e1lland\u00f3 szorong\u00e1s forr\u00e1sa az \u00d6n sz\u00e1m\u00e1ra? Hanghipn\u00f3zisos foglalkoz\u00e1saink c\u00e9lja, hogy seg\u00edts\u00fcnk abban, hogy a kuty\u00e1k k\u00f6r\u00fcl nyugodtan \u00e9rezd magad. T\u00f6rje meg a f\u00e9lelem k\u00f6r\u00e9t, \u00e9s \u00e9lvezze a nyugodtabb lelki\u00e1llapotot. Csomagunk 6 let\u00f6lthet\u0151 hangf\u00e1jlt \u00e9s egy k\u00e9zik\u00f6nyvet tartalmaz a maxim\u00e1lis hat\u00e9konys\u00e1g \u00e9rdek\u00e9ben.<\/p>\n","protected":false},"excerpt":{"rendered":"<p>Szorongsz a kuty\u00e1k k\u00f6r\u00fcl?<\/p>\n","protected":false},"featured_media":152490,"comment_status":"closed","ping_status":"closed","template":"","meta":[],"language":[3141,3148],"product_cat":[3149],"product_tag":[3153,3206,3259,3155,3175],"class_list":{"0":"post-152486","1":"product","2":"type-product","3":"status-publish","4":"has-post-thumbnail","6":"language-holland","7":"language-szerb","8":"product_cat-felelmek-es-fobiak","9":"product_tag-felelem","10":"product_tag-fobia-hu","11":"product_tag-kutyak","12":"product_tag-szorongas","13":"product_tag-wellness-hu","14":"pa_languages-holland","15":"pa_languages-szerb","17":"entry","18":"has-media","20":"first","21":"instock","22":"purchasable","23":"product-type-variable","24":"has-product-nav","25":"col","26":"span_1_of_4","27":"owp-content-center","28":"owp-thumbs-layout-horizontal","29":"owp-btn-big","30":"owp-tabs-layout-vertical","31":"has-no-thumbnails"},"acf":[],"aioseo_notices":[],"_links":{"self":[{"href":"https:\/\/audiohypnosis.online\/hu\/wp-json\/wp\/v2\/product\/152486","targetHints":{"allow":["GET"]}}],"collection":[{"href":"https:\/\/audiohypnosis.online\/hu\/wp-json\/wp\/v2\/product"}],"about":[{"href":"https:\/\/audiohypnosis.online\/hu\/wp-json\/wp\/v2\/types\/product"}],"replies":[{"embeddable":true,"href":"https:\/\/audiohypnosis.online\/hu\/wp-json\/wp\/v2\/comments?post=152486"}],"version-history":[{"count":0,"href":"https:\/\/audiohypnosis.online\/hu\/wp-json\/wp\/v2\/product\/152486\/revisions"}],"wp:featuredmedia":[{"embeddable":true,"href":"https:\/\/audiohypnosis.online\/hu\/wp-json\/wp\/v2\/media\/152490"}],"wp:attachment":[{"href":"https:\/\/audiohypnosis.online\/hu\/wp-json\/wp\/v2\/media?parent=152486"}],"wp:term":[{"taxonomy":"language","embeddable":true,"href":"https:\/\/audiohypnosis.online\/hu\/wp-json\/wp\/v2\/language?post=152486"},{"taxonomy":"product_cat","embeddable":true,"href":"https:\/\/audiohypnosis.online\/hu\/wp-json\/wp\/v2\/product_cat?post=152486"},{"taxonomy":"product_tag","embeddable":true,"href":"https:\/\/audiohypnosis.online\/hu\/wp-json\/wp\/v2\/product_tag?post=152486"}],"curies":[{"name":"wp","href":"https:\/\/api.w.org\/{rel}","templated":true}]}}