{"id":152449,"date":"2023-10-14T09:09:09","date_gmt":"2023-10-14T07:09:09","guid":{"rendered":"https:\/\/audiohypnosis.online\/product\/remalmok\/"},"modified":"2023-10-14T09:09:09","modified_gmt":"2023-10-14T07:09:09","slug":"remalmok","status":"publish","type":"product","link":"https:\/\/audiohypnosis.online\/hu\/termek\/remalmok\/","title":{"rendered":"R\u00e9m\u00e1lmok"},"content":{"rendered":"<p>R\u00e9m\u00e1lmok k\u00eds\u00e9rtik? Audio hipn\u00f3zis MP3-inkat \u00fagy tervezt\u00fck, hogy seg\u00edtsenek \u00d6nnek nyugodtabban aludni. Kap 6 let\u00f6lthet\u0151 hangf\u00e1jlt \u00e9s egy k\u00e9zik\u00f6nyvet a legjobb gyakorlatokr\u00f3l, amelyekkel jav\u00edthatja alv\u00e1smin\u0151s\u00e9g\u00e9t.<\/p>\n","protected":false},"excerpt":{"rendered":"<p>Visszat\u00e9r\u0151 r\u00e9m\u00e1lmokkal k\u00fczd?<\/p>\n","protected":false},"featured_media":152456,"comment_status":"closed","ping_status":"closed","template":"","meta":[],"language":[3142,3141,3143,3164],"product_cat":[3256],"product_tag":[3217,3151,3502,3257,3175],"class_list":{"0":"post-152449","1":"product","2":"type-product","3":"status-publish","4":"has-post-thumbnail","6":"language-francia","7":"language-holland","8":"language-nemet","9":"language-portugal-brazilia","10":"product_cat-alvas","11":"product_tag-alvas","12":"product_tag-emotionalwellness-hu","13":"product_tag-helse-hu","14":"product_tag-remalmok","15":"product_tag-wellness-hu","16":"pa_languages-francia","17":"pa_languages-holland","18":"pa_languages-nemet","19":"pa_languages-portugal-brazilia","21":"entry","22":"has-media","24":"first","25":"instock","26":"purchasable","27":"product-type-variable","28":"has-product-nav","29":"col","30":"span_1_of_4","31":"owp-content-center","32":"owp-thumbs-layout-horizontal","33":"owp-btn-big","34":"owp-tabs-layout-vertical","35":"has-no-thumbnails"},"acf":[],"aioseo_notices":[],"_links":{"self":[{"href":"https:\/\/audiohypnosis.online\/hu\/wp-json\/wp\/v2\/product\/152449","targetHints":{"allow":["GET"]}}],"collection":[{"href":"https:\/\/audiohypnosis.online\/hu\/wp-json\/wp\/v2\/product"}],"about":[{"href":"https:\/\/audiohypnosis.online\/hu\/wp-json\/wp\/v2\/types\/product"}],"replies":[{"embeddable":true,"href":"https:\/\/audiohypnosis.online\/hu\/wp-json\/wp\/v2\/comments?post=152449"}],"version-history":[{"count":0,"href":"https:\/\/audiohypnosis.online\/hu\/wp-json\/wp\/v2\/product\/152449\/revisions"}],"wp:featuredmedia":[{"embeddable":true,"href":"https:\/\/audiohypnosis.online\/hu\/wp-json\/wp\/v2\/media\/152456"}],"wp:attachment":[{"href":"https:\/\/audiohypnosis.online\/hu\/wp-json\/wp\/v2\/media?parent=152449"}],"wp:term":[{"taxonomy":"language","embeddable":true,"href":"https:\/\/audiohypnosis.online\/hu\/wp-json\/wp\/v2\/language?post=152449"},{"taxonomy":"product_cat","embeddable":true,"href":"https:\/\/audiohypnosis.online\/hu\/wp-json\/wp\/v2\/product_cat?post=152449"},{"taxonomy":"product_tag","embeddable":true,"href":"https:\/\/audiohypnosis.online\/hu\/wp-json\/wp\/v2\/product_tag?post=152449"}],"curies":[{"name":"wp","href":"https:\/\/api.w.org\/{rel}","templated":true}]}}