{"id":152448,"date":"2023-10-14T09:09:04","date_gmt":"2023-10-14T07:09:04","guid":{"rendered":"https:\/\/audiohypnosis.online\/product\/felelem-a-sotetsegtol\/"},"modified":"2023-10-14T09:09:04","modified_gmt":"2023-10-14T07:09:04","slug":"felelem-a-sotetsegtol","status":"publish","type":"product","link":"https:\/\/audiohypnosis.online\/hu\/termek\/felelem-a-sotetsegtol\/","title":{"rendered":"F\u00e9lelem a s\u00f6t\u00e9ts\u00e9gt\u0151l"},"content":{"rendered":"<p>F\u00e9lsz a s\u00f6t\u00e9tben? Hangos hipn\u00f3zis MP3-inkat \u00fagy tervezt\u00fck, hogy seg\u00edtsenek legy\u0151zni ezt a f\u00e9lelmet. K\u00e9nyelmesen \u00e9s biztons\u00e1gban \u00e9rezheti mag\u00e1t b\u00e1rmilyen f\u00e9nyviszonyok k\u00f6z\u00f6tt. Hozz\u00e1f\u00e9r\u00e9st kapsz 6 let\u00f6lthet\u0151 hangf\u00e1jlhoz, valamint egy k\u00e9zik\u00f6nyvh\u00f6z, amely seg\u00edt a legt\u00f6bbet kihozni a hipn\u00f3zis \u00e9lm\u00e9ny\u00e9b\u0151l.<\/p>\n","protected":false},"excerpt":{"rendered":"<p>K\u00fczd a s\u00f6t\u00e9ts\u00e9gt\u0151l val\u00f3 f\u00e9lelemmel?<\/p>\n","protected":false},"featured_media":152454,"comment_status":"closed","ping_status":"closed","template":"","meta":[],"language":[3146,3142,3141,3143,3157,3164,3147,3148],"product_cat":[3149],"product_tag":[3217,3153,3206,3255,3155],"class_list":{"0":"post-152448","1":"product","2":"type-product","3":"status-publish","4":"has-post-thumbnail","6":"language-angol","7":"language-francia","8":"language-holland","9":"language-nemet","10":"language-olasz","11":"language-portugal-brazilia","12":"language-spanyol","13":"language-szerb","14":"product_cat-felelmek-es-fobiak","15":"product_tag-alvas","16":"product_tag-felelem","17":"product_tag-fobia-hu","18":"product_tag-sotetseg","19":"product_tag-szorongas","20":"pa_languages-angol","21":"pa_languages-francia","22":"pa_languages-holland","23":"pa_languages-lengyel","24":"pa_languages-magyar","25":"pa_languages-nemet","26":"pa_languages-spanyol","27":"pa_languages-szerb","28":"pa_languages-ukran","30":"entry","31":"has-media","33":"first","34":"instock","35":"purchasable","36":"product-type-variable","37":"has-product-nav","38":"col","39":"span_1_of_4","40":"owp-content-center","41":"owp-thumbs-layout-horizontal","42":"owp-btn-big","43":"owp-tabs-layout-vertical","44":"has-no-thumbnails"},"acf":[],"aioseo_notices":[],"_links":{"self":[{"href":"https:\/\/audiohypnosis.online\/hu\/wp-json\/wp\/v2\/product\/152448","targetHints":{"allow":["GET"]}}],"collection":[{"href":"https:\/\/audiohypnosis.online\/hu\/wp-json\/wp\/v2\/product"}],"about":[{"href":"https:\/\/audiohypnosis.online\/hu\/wp-json\/wp\/v2\/types\/product"}],"replies":[{"embeddable":true,"href":"https:\/\/audiohypnosis.online\/hu\/wp-json\/wp\/v2\/comments?post=152448"}],"version-history":[{"count":0,"href":"https:\/\/audiohypnosis.online\/hu\/wp-json\/wp\/v2\/product\/152448\/revisions"}],"wp:featuredmedia":[{"embeddable":true,"href":"https:\/\/audiohypnosis.online\/hu\/wp-json\/wp\/v2\/media\/152454"}],"wp:attachment":[{"href":"https:\/\/audiohypnosis.online\/hu\/wp-json\/wp\/v2\/media?parent=152448"}],"wp:term":[{"taxonomy":"language","embeddable":true,"href":"https:\/\/audiohypnosis.online\/hu\/wp-json\/wp\/v2\/language?post=152448"},{"taxonomy":"product_cat","embeddable":true,"href":"https:\/\/audiohypnosis.online\/hu\/wp-json\/wp\/v2\/product_cat?post=152448"},{"taxonomy":"product_tag","embeddable":true,"href":"https:\/\/audiohypnosis.online\/hu\/wp-json\/wp\/v2\/product_tag?post=152448"}],"curies":[{"name":"wp","href":"https:\/\/api.w.org\/{rel}","templated":true}]}}