{"id":152447,"date":"2023-10-14T09:09:09","date_gmt":"2023-10-14T07:09:09","guid":{"rendered":"https:\/\/audiohypnosis.online\/product\/szerencsejatek-fuggoseg\/"},"modified":"2023-10-14T09:09:09","modified_gmt":"2023-10-14T07:09:09","slug":"szerencsejatek-fuggoseg","status":"publish","type":"product","link":"https:\/\/audiohypnosis.online\/hu\/termek\/szerencsejatek-fuggoseg\/","title":{"rendered":"Szerencsej\u00e1t\u00e9k-f\u00fcgg\u0151s\u00e9g"},"content":{"rendered":"<p>Szerencsej\u00e1t\u00e9k-f\u00fcgg\u0151s\u00e9ggel k\u00fczd? Hanghipn\u00f3zisos foglalkoz\u00e1sainkat \u00fagy tervezt\u00fck, hogy seg\u00edts\u00fcnk visszanyerni az ir\u00e1ny\u00edt\u00e1st. A csomag 6 let\u00f6lthet\u0151 hangf\u00e1jlt \u00e9s egy k\u00e9zik\u00f6nyvet tartalmaz, amely v\u00e9gigvezeti \u00d6nt a szerencsej\u00e1t\u00e9kt\u00f3l val\u00f3 megszabadul\u00e1s \u00fatj\u00e1n.<\/p>\n","protected":false},"excerpt":{"rendered":"<p>Szerencsej\u00e1t\u00e9k-f\u00fcgg\u0151s\u00e9ggel k\u00fczd?<\/p>\n","protected":false},"featured_media":152460,"comment_status":"closed","ping_status":"closed","template":"","meta":[],"language":[3142,3141,3143,3148],"product_cat":[3244],"product_tag":[3503,3502,3213,3258,3175],"class_list":{"0":"post-152447","1":"product","2":"type-product","3":"status-publish","4":"has-post-thumbnail","6":"language-francia","7":"language-holland","8":"language-nemet","9":"language-szerb","10":"product_cat-fuggosegek","11":"product_tag-avhengighet-hu","12":"product_tag-helse-hu","13":"product_tag-onkontroll","14":"product_tag-szerencsejatek","15":"product_tag-wellness-hu","16":"pa_languages-francia","17":"pa_languages-holland","18":"pa_languages-nemet","19":"pa_languages-szerb","21":"entry","22":"has-media","24":"first","25":"instock","26":"purchasable","27":"product-type-variable","28":"has-product-nav","29":"col","30":"span_1_of_4","31":"owp-content-center","32":"owp-thumbs-layout-horizontal","33":"owp-btn-big","34":"owp-tabs-layout-vertical","35":"has-no-thumbnails"},"acf":[],"aioseo_notices":[],"_links":{"self":[{"href":"https:\/\/audiohypnosis.online\/hu\/wp-json\/wp\/v2\/product\/152447","targetHints":{"allow":["GET"]}}],"collection":[{"href":"https:\/\/audiohypnosis.online\/hu\/wp-json\/wp\/v2\/product"}],"about":[{"href":"https:\/\/audiohypnosis.online\/hu\/wp-json\/wp\/v2\/types\/product"}],"replies":[{"embeddable":true,"href":"https:\/\/audiohypnosis.online\/hu\/wp-json\/wp\/v2\/comments?post=152447"}],"version-history":[{"count":0,"href":"https:\/\/audiohypnosis.online\/hu\/wp-json\/wp\/v2\/product\/152447\/revisions"}],"wp:featuredmedia":[{"embeddable":true,"href":"https:\/\/audiohypnosis.online\/hu\/wp-json\/wp\/v2\/media\/152460"}],"wp:attachment":[{"href":"https:\/\/audiohypnosis.online\/hu\/wp-json\/wp\/v2\/media?parent=152447"}],"wp:term":[{"taxonomy":"language","embeddable":true,"href":"https:\/\/audiohypnosis.online\/hu\/wp-json\/wp\/v2\/language?post=152447"},{"taxonomy":"product_cat","embeddable":true,"href":"https:\/\/audiohypnosis.online\/hu\/wp-json\/wp\/v2\/product_cat?post=152447"},{"taxonomy":"product_tag","embeddable":true,"href":"https:\/\/audiohypnosis.online\/hu\/wp-json\/wp\/v2\/product_tag?post=152447"}],"curies":[{"name":"wp","href":"https:\/\/api.w.org\/{rel}","templated":true}]}}