{"id":152446,"date":"2023-10-14T09:09:09","date_gmt":"2023-10-14T07:09:09","guid":{"rendered":"https:\/\/audiohypnosis.online\/product\/fokozott-szexualis-vagy\/"},"modified":"2023-10-14T09:09:09","modified_gmt":"2023-10-14T07:09:09","slug":"fokozott-szexualis-vagyakozas","status":"publish","type":"product","link":"https:\/\/audiohypnosis.online\/hu\/termek\/fokozott-szexualis-vagyakozas\/","title":{"rendered":"Fokozott szexu\u00e1lis v\u00e1gy"},"content":{"rendered":"<p>Teljesebb szexu\u00e1lis \u00e9letre v\u00e1gyik? A hanghipn\u00f3zis MP3-ak seg\u00edthetnek a libid\u00f3 fokoz\u00e1s\u00e1ban. Szerezzen hozz\u00e1f\u00e9r\u00e9st 6 let\u00f6lthet\u0151 hangf\u00e1jlhoz \u00e9s egy k\u00e9zik\u00f6nyvh\u00f6z, amelyek egy kiel\u00e9g\u00edt\u0151bb intim \u00e9let fel\u00e9 vezetik \u00d6nt.<\/p>\n","protected":false},"excerpt":{"rendered":"<p>Szeretn\u00e9 fokozni a szexu\u00e1lis v\u00e1gyat?<\/p>\n","protected":false},"featured_media":152450,"comment_status":"closed","ping_status":"closed","template":"","meta":[],"language":[3142,3141,3143,3164,3147,3148],"product_cat":[3237],"product_tag":[3251,3231,3250,3253,3252],"class_list":{"0":"post-152446","1":"product","2":"type-product","3":"status-publish","4":"has-post-thumbnail","6":"language-francia","7":"language-holland","8":"language-nemet","9":"language-portugal-brazilia","10":"language-spanyol","11":"language-szerb","12":"product_cat-szexualitas","13":"product_tag-gezondheid-hu","14":"product_tag-kapcsolatok","15":"product_tag-libido-hu","16":"product_tag-seksuelewelzijn-hu","17":"product_tag-verlangen-hu","18":"pa_languages-angol","19":"pa_languages-francia","20":"pa_languages-holland","21":"pa_languages-magyar","22":"pa_languages-nemet","23":"pa_languages-portugal-brazilia","24":"pa_languages-spanyol","25":"pa_languages-szerb","26":"pa_languages-ukran","28":"entry","29":"has-media","31":"first","32":"instock","33":"purchasable","34":"product-type-variable","35":"has-product-nav","36":"col","37":"span_1_of_4","38":"owp-content-center","39":"owp-thumbs-layout-horizontal","40":"owp-btn-big","41":"owp-tabs-layout-vertical","42":"has-no-thumbnails"},"acf":[],"aioseo_notices":[],"_links":{"self":[{"href":"https:\/\/audiohypnosis.online\/hu\/wp-json\/wp\/v2\/product\/152446","targetHints":{"allow":["GET"]}}],"collection":[{"href":"https:\/\/audiohypnosis.online\/hu\/wp-json\/wp\/v2\/product"}],"about":[{"href":"https:\/\/audiohypnosis.online\/hu\/wp-json\/wp\/v2\/types\/product"}],"replies":[{"embeddable":true,"href":"https:\/\/audiohypnosis.online\/hu\/wp-json\/wp\/v2\/comments?post=152446"}],"version-history":[{"count":0,"href":"https:\/\/audiohypnosis.online\/hu\/wp-json\/wp\/v2\/product\/152446\/revisions"}],"wp:featuredmedia":[{"embeddable":true,"href":"https:\/\/audiohypnosis.online\/hu\/wp-json\/wp\/v2\/media\/152450"}],"wp:attachment":[{"href":"https:\/\/audiohypnosis.online\/hu\/wp-json\/wp\/v2\/media?parent=152446"}],"wp:term":[{"taxonomy":"language","embeddable":true,"href":"https:\/\/audiohypnosis.online\/hu\/wp-json\/wp\/v2\/language?post=152446"},{"taxonomy":"product_cat","embeddable":true,"href":"https:\/\/audiohypnosis.online\/hu\/wp-json\/wp\/v2\/product_cat?post=152446"},{"taxonomy":"product_tag","embeddable":true,"href":"https:\/\/audiohypnosis.online\/hu\/wp-json\/wp\/v2\/product_tag?post=152446"}],"curies":[{"name":"wp","href":"https:\/\/api.w.org\/{rel}","templated":true}]}}