{"id":152411,"date":"2023-10-14T09:09:04","date_gmt":"2023-10-14T07:09:04","guid":{"rendered":"https:\/\/audiohypnosis.online\/product\/felelem-a-fogorvostol\/"},"modified":"2023-10-14T09:09:04","modified_gmt":"2023-10-14T07:09:04","slug":"felelem-a-fogorvostol","status":"publish","type":"product","link":"https:\/\/audiohypnosis.online\/hu\/termek\/felelem-a-fogorvostol\/","title":{"rendered":"F\u00e9lelem a fogorvost\u00f3l"},"content":{"rendered":"<p>Ha a fogorvosi l\u00e1togat\u00e1s gondolata megb\u00e9n\u00edtja a f\u00e9lelemt\u0151l, audio-hipn\u00f3zisos foglalkoz\u00e1sainkkal visszanyerheti az ir\u00e1ny\u00edt\u00e1st. Szabaduljon meg a fog\u00e1szati szorong\u00e1st\u00f3l, \u00e9s n\u00e9zzen szembe magabiztosan a tal\u00e1lkoz\u00f3kkal. A csomag 6 k\u00fcl\u00f6nb\u00f6z\u0151 audio MP3-at \u00e9s egy oktat\u00f3 k\u00e9zik\u00f6nyvet tartalmaz, amelyek egy nyugodtabb fog\u00e1szati \u00e9lm\u00e9nyhez vezetik \u00d6nt.<\/p>\n","protected":false},"excerpt":{"rendered":"<p>Retteg a fogorvosi tal\u00e1lkoz\u00f3kt\u00f3l?<\/p>\n","protected":false},"featured_media":152423,"comment_status":"closed","ping_status":"closed","template":"","meta":[],"language":[3141,3143,3148],"product_cat":[3149],"product_tag":[3215,3153,3206,3248,3155],"class_list":{"0":"post-152411","1":"product","2":"type-product","3":"status-publish","4":"has-post-thumbnail","6":"language-holland","7":"language-nemet","8":"language-szerb","9":"product_cat-felelmek-es-fobiak","10":"product_tag-dentalcare-hu","11":"product_tag-felelem","12":"product_tag-fobia-hu","13":"product_tag-fogorvos","14":"product_tag-szorongas","15":"pa_languages-holland","16":"pa_languages-nemet","17":"pa_languages-szerb","19":"entry","20":"has-media","22":"first","23":"instock","24":"purchasable","25":"product-type-variable","26":"has-product-nav","27":"col","28":"span_1_of_4","29":"owp-content-center","30":"owp-thumbs-layout-horizontal","31":"owp-btn-big","32":"owp-tabs-layout-vertical","33":"has-no-thumbnails"},"acf":[],"aioseo_notices":[],"_links":{"self":[{"href":"https:\/\/audiohypnosis.online\/hu\/wp-json\/wp\/v2\/product\/152411","targetHints":{"allow":["GET"]}}],"collection":[{"href":"https:\/\/audiohypnosis.online\/hu\/wp-json\/wp\/v2\/product"}],"about":[{"href":"https:\/\/audiohypnosis.online\/hu\/wp-json\/wp\/v2\/types\/product"}],"replies":[{"embeddable":true,"href":"https:\/\/audiohypnosis.online\/hu\/wp-json\/wp\/v2\/comments?post=152411"}],"version-history":[{"count":0,"href":"https:\/\/audiohypnosis.online\/hu\/wp-json\/wp\/v2\/product\/152411\/revisions"}],"wp:featuredmedia":[{"embeddable":true,"href":"https:\/\/audiohypnosis.online\/hu\/wp-json\/wp\/v2\/media\/152423"}],"wp:attachment":[{"href":"https:\/\/audiohypnosis.online\/hu\/wp-json\/wp\/v2\/media?parent=152411"}],"wp:term":[{"taxonomy":"language","embeddable":true,"href":"https:\/\/audiohypnosis.online\/hu\/wp-json\/wp\/v2\/language?post=152411"},{"taxonomy":"product_cat","embeddable":true,"href":"https:\/\/audiohypnosis.online\/hu\/wp-json\/wp\/v2\/product_cat?post=152411"},{"taxonomy":"product_tag","embeddable":true,"href":"https:\/\/audiohypnosis.online\/hu\/wp-json\/wp\/v2\/product_tag?post=152411"}],"curies":[{"name":"wp","href":"https:\/\/api.w.org\/{rel}","templated":true}]}}