{"id":152410,"date":"2023-10-14T09:09:09","date_gmt":"2023-10-14T07:09:09","guid":{"rendered":"https:\/\/audiohypnosis.online\/product\/a-gyoztes-gondolkodasmodja\/"},"modified":"2023-10-14T09:09:09","modified_gmt":"2023-10-14T07:09:09","slug":"winners-mindset","status":"publish","type":"product","link":"https:\/\/audiohypnosis.online\/hu\/termek\/winners-mindset\/","title":{"rendered":"A gy\u0151ztes gondolkod\u00e1sm\u00f3dja"},"content":{"rendered":"<p>Indulj el egy \u00e1talak\u00edt\u00f3 utaz\u00e1sra a &#8216;Gy\u0151ztes gondolkod\u00e1sm\u00f3d&#8217; hipn\u00f3zis MP3-mal.<\/p>\n<p>Ez a szak\u00e9rtelemmel kidolgozott hangfelv\u00e9tel \u00fagy lett megtervezve, hogy \u00e1tprogramozza a gondolkod\u00e1si mint\u00e1kat, el\u0151seg\u00edtve a megingathatatlan \u00f6nbizalmat \u00e9s a koncentr\u00e1lt, sikerorient\u00e1lt gondolkod\u00e1sm\u00f3dot.<\/p>\n<p>Ez az MP3 ide\u00e1lis mindenkinek, aki le akarja gy\u0151zni a ment\u00e1lis blokkokat, \u00e9s teljes m\u00e9rt\u00e9kben ki akarja akn\u00e1zni a benne rejl\u0151 lehet\u0151s\u00e9geket, \u00e9s ez az MP3 a szem\u00e9lyes \u00e9s szakmai gy\u0151zelemhez vezet\u0151 ugr\u00f3deszka.<\/p>\n<p>Tapasztald meg a pozit\u00edv v\u00e1ltoz\u00e1s erej\u00e9t, \u00e9s kezdd el megval\u00f3s\u00edtani \u00e1lmaidat m\u00e9g ma!&#8221;<\/p>\n","protected":false},"excerpt":{"rendered":"<p>Gy\u0151ztes mentalit\u00e1st keres?<\/p>\n","protected":false},"featured_media":152427,"comment_status":"closed","ping_status":"closed","template":"","meta":[],"language":[3146,3142,3141,3143,3164,3147],"product_cat":[3144],"product_tag":[3156,3247,3194,3145,3249],"class_list":{"0":"post-152410","1":"product","2":"type-product","3":"status-publish","4":"has-post-thumbnail","6":"language-angol","7":"language-francia","8":"language-holland","9":"language-nemet","10":"language-portugal-brazilia","11":"language-spanyol","12":"product_cat-onfejlesztes","13":"product_tag-bizalom","14":"product_tag-gondolkodasmod","15":"product_tag-motivacio","16":"product_tag-selfimprovement-hu","17":"product_tag-siker","18":"pa_languages-angol","19":"pa_languages-francia","20":"pa_languages-holland","21":"pa_languages-lengyel","22":"pa_languages-magyar","23":"pa_languages-nemet","24":"pa_languages-portugal-brazilia","25":"pa_languages-spanyol","26":"pa_languages-ukran","28":"entry","29":"has-media","31":"first","32":"instock","33":"purchasable","34":"product-type-variable","35":"has-product-nav","36":"col","37":"span_1_of_4","38":"owp-content-center","39":"owp-thumbs-layout-horizontal","40":"owp-btn-big","41":"owp-tabs-layout-vertical","42":"has-no-thumbnails"},"acf":[],"aioseo_notices":[],"_links":{"self":[{"href":"https:\/\/audiohypnosis.online\/hu\/wp-json\/wp\/v2\/product\/152410","targetHints":{"allow":["GET"]}}],"collection":[{"href":"https:\/\/audiohypnosis.online\/hu\/wp-json\/wp\/v2\/product"}],"about":[{"href":"https:\/\/audiohypnosis.online\/hu\/wp-json\/wp\/v2\/types\/product"}],"replies":[{"embeddable":true,"href":"https:\/\/audiohypnosis.online\/hu\/wp-json\/wp\/v2\/comments?post=152410"}],"version-history":[{"count":0,"href":"https:\/\/audiohypnosis.online\/hu\/wp-json\/wp\/v2\/product\/152410\/revisions"}],"wp:featuredmedia":[{"embeddable":true,"href":"https:\/\/audiohypnosis.online\/hu\/wp-json\/wp\/v2\/media\/152427"}],"wp:attachment":[{"href":"https:\/\/audiohypnosis.online\/hu\/wp-json\/wp\/v2\/media?parent=152410"}],"wp:term":[{"taxonomy":"language","embeddable":true,"href":"https:\/\/audiohypnosis.online\/hu\/wp-json\/wp\/v2\/language?post=152410"},{"taxonomy":"product_cat","embeddable":true,"href":"https:\/\/audiohypnosis.online\/hu\/wp-json\/wp\/v2\/product_cat?post=152410"},{"taxonomy":"product_tag","embeddable":true,"href":"https:\/\/audiohypnosis.online\/hu\/wp-json\/wp\/v2\/product_tag?post=152410"}],"curies":[{"name":"wp","href":"https:\/\/api.w.org\/{rel}","templated":true}]}}