{"id":152409,"date":"2023-10-14T09:09:09","date_gmt":"2023-10-14T07:09:09","guid":{"rendered":"https:\/\/audiohypnosis.online\/product\/tobb-edzes\/"},"modified":"2023-10-14T09:09:09","modified_gmt":"2023-10-14T07:09:09","slug":"tobb-gyakorlat","status":"publish","type":"product","link":"https:\/\/audiohypnosis.online\/hu\/termek\/tobb-gyakorlat\/","title":{"rendered":"T\u00f6bb edz\u00e9s"},"content":{"rendered":"<p>Szeretne fizikailag akt\u00edvabb\u00e1 v\u00e1lni? Hanghipn\u00f3zisos foglalkoz\u00e1saink az eg\u00e9szs\u00e9gesebb \u00e9letm\u00f3d fel\u00e9 terelik \u00d6nt a testmozg\u00e1s ir\u00e1nti fokozott motiv\u00e1ci\u00f3n kereszt\u00fcl. A csomag 6 k\u00fcl\u00f6nb\u00f6z\u0151 hangf\u00e1jlt \u00e9s egy k\u00e9zik\u00f6nyvet tartalmaz a legjobb eredm\u00e9nyek \u00e9rdek\u00e9ben.<\/p>\n","protected":false},"excerpt":{"rendered":"<p>Szeretn\u00e9 n\u00f6velni a fizikai aktivit\u00e1s\u00e1t?<\/p>\n","protected":false},"featured_media":152214,"comment_status":"closed","ping_status":"closed","template":"","meta":[],"language":[],"product_cat":[3198],"product_tag":[3172,3190,3194,3192,3175],"class_list":{"0":"post-152409","1":"product","2":"type-product","3":"status-publish","4":"has-post-thumbnail","6":"product_cat-suly","7":"product_tag-egeszseg","8":"product_tag-gyakorlat","9":"product_tag-motivacio","10":"product_tag-physicalactivity-hu","11":"product_tag-wellness-hu","13":"entry","14":"has-media","16":"first","17":"instock","18":"purchasable","19":"product-type-variable","20":"has-product-nav","21":"col","22":"span_1_of_4","23":"owp-content-center","24":"owp-thumbs-layout-horizontal","25":"owp-btn-big","26":"owp-tabs-layout-vertical","27":"has-no-thumbnails"},"acf":[],"aioseo_notices":[],"_links":{"self":[{"href":"https:\/\/audiohypnosis.online\/hu\/wp-json\/wp\/v2\/product\/152409","targetHints":{"allow":["GET"]}}],"collection":[{"href":"https:\/\/audiohypnosis.online\/hu\/wp-json\/wp\/v2\/product"}],"about":[{"href":"https:\/\/audiohypnosis.online\/hu\/wp-json\/wp\/v2\/types\/product"}],"replies":[{"embeddable":true,"href":"https:\/\/audiohypnosis.online\/hu\/wp-json\/wp\/v2\/comments?post=152409"}],"version-history":[{"count":0,"href":"https:\/\/audiohypnosis.online\/hu\/wp-json\/wp\/v2\/product\/152409\/revisions"}],"wp:featuredmedia":[{"embeddable":true,"href":"https:\/\/audiohypnosis.online\/hu\/wp-json\/wp\/v2\/media\/152214"}],"wp:attachment":[{"href":"https:\/\/audiohypnosis.online\/hu\/wp-json\/wp\/v2\/media?parent=152409"}],"wp:term":[{"taxonomy":"language","embeddable":true,"href":"https:\/\/audiohypnosis.online\/hu\/wp-json\/wp\/v2\/language?post=152409"},{"taxonomy":"product_cat","embeddable":true,"href":"https:\/\/audiohypnosis.online\/hu\/wp-json\/wp\/v2\/product_cat?post=152409"},{"taxonomy":"product_tag","embeddable":true,"href":"https:\/\/audiohypnosis.online\/hu\/wp-json\/wp\/v2\/product_tag?post=152409"}],"curies":[{"name":"wp","href":"https:\/\/api.w.org\/{rel}","templated":true}]}}