{"id":152408,"date":"2023-10-14T09:09:09","date_gmt":"2023-10-14T07:09:09","guid":{"rendered":"https:\/\/audiohypnosis.online\/product\/nincs-alkohol\/"},"modified":"2023-10-14T09:09:09","modified_gmt":"2023-10-14T07:09:09","slug":"alkoholmentes","status":"publish","type":"product","link":"https:\/\/audiohypnosis.online\/hu\/termek\/alkoholmentes\/","title":{"rendered":"Nincs alkohol"},"content":{"rendered":"<p>Tart\u00f3zkodni szeretne az alkoholt\u00f3l? Audio hipn\u00f3zis MP3-ink az eg\u00e9szs\u00e9gesebb \u00e9lethez vezet\u0151 utat k\u00edn\u00e1lj\u00e1k. Ellen\u0151rizze alkoholfogyaszt\u00e1s\u00e1t, \u00e9s \u00e9lvezze a kiegyens\u00falyozottabb \u00e9letm\u00f3dot. A csomag 6 hangf\u00e1jlt \u00e9s egy \u00e1tfog\u00f3 k\u00e9zik\u00f6nyvet tartalmaz.<\/p>\n","protected":false},"excerpt":{"rendered":"<p>Szeretne leszokni az alkoholr\u00f3l?<\/p>\n","protected":false},"featured_media":152414,"comment_status":"closed","ping_status":"closed","template":"","meta":[],"language":[3146,3142,3141,3143,3157,3164,3147,3148],"product_cat":[3244],"product_tag":[3246,3205,3245,3207,3210],"class_list":{"0":"post-152408","1":"product","2":"type-product","3":"status-publish","4":"has-post-thumbnail","6":"language-angol","7":"language-francia","8":"language-holland","9":"language-nemet","10":"language-olasz","11":"language-portugal-brazilia","12":"language-spanyol","13":"language-szerb","14":"product_cat-fuggosegek","15":"product_tag--hu","20":"pa_languages-angol","21":"pa_languages-francia","22":"pa_languages-holland","23":"pa_languages-magyar","24":"pa_languages-nemet","25":"pa_languages-olasz","26":"pa_languages-portugal-brazilia","27":"pa_languages-spanyol","28":"pa_languages-szerb","29":"pa_languages-ukran","31":"entry","32":"has-media","34":"first","35":"instock","36":"purchasable","37":"product-type-variable","38":"has-product-nav","39":"col","40":"span_1_of_4","41":"owp-content-center","42":"owp-thumbs-layout-horizontal","43":"owp-btn-big","44":"owp-tabs-layout-vertical","45":"has-no-thumbnails"},"acf":[],"aioseo_notices":[],"_links":{"self":[{"href":"https:\/\/audiohypnosis.online\/hu\/wp-json\/wp\/v2\/product\/152408","targetHints":{"allow":["GET"]}}],"collection":[{"href":"https:\/\/audiohypnosis.online\/hu\/wp-json\/wp\/v2\/product"}],"about":[{"href":"https:\/\/audiohypnosis.online\/hu\/wp-json\/wp\/v2\/types\/product"}],"replies":[{"embeddable":true,"href":"https:\/\/audiohypnosis.online\/hu\/wp-json\/wp\/v2\/comments?post=152408"}],"version-history":[{"count":0,"href":"https:\/\/audiohypnosis.online\/hu\/wp-json\/wp\/v2\/product\/152408\/revisions"}],"wp:featuredmedia":[{"embeddable":true,"href":"https:\/\/audiohypnosis.online\/hu\/wp-json\/wp\/v2\/media\/152414"}],"wp:attachment":[{"href":"https:\/\/audiohypnosis.online\/hu\/wp-json\/wp\/v2\/media?parent=152408"}],"wp:term":[{"taxonomy":"language","embeddable":true,"href":"https:\/\/audiohypnosis.online\/hu\/wp-json\/wp\/v2\/language?post=152408"},{"taxonomy":"product_cat","embeddable":true,"href":"https:\/\/audiohypnosis.online\/hu\/wp-json\/wp\/v2\/product_cat?post=152408"},{"taxonomy":"product_tag","embeddable":true,"href":"https:\/\/audiohypnosis.online\/hu\/wp-json\/wp\/v2\/product_tag?post=152408"}],"curies":[{"name":"wp","href":"https:\/\/api.w.org\/{rel}","templated":true}]}}