{"id":152372,"date":"2023-10-14T09:09:09","date_gmt":"2023-10-14T07:09:09","guid":{"rendered":"https:\/\/audiohypnosis.online\/product\/kevesebb-aggodalom\/"},"modified":"2023-10-14T09:09:09","modified_gmt":"2023-10-14T07:09:09","slug":"kevesebb-gonddal","status":"publish","type":"product","link":"https:\/\/audiohypnosis.online\/hu\/termek\/kevesebb-gonddal\/","title":{"rendered":"Kevesebb aggodalom"},"content":{"rendered":"<p>T\u00fals\u00e1gosan agg\u00f3dik? Audio hipn\u00f3zis MP3-ink seg\u00edthetnek abban, hogy nyugodtabban \u00e1lljon hozz\u00e1 az \u00e9lethez. A csomag 6 hangf\u00e1jlt \u00e9s egy k\u00e9zik\u00f6nyvet tartalmaz, hogy kevesebb stressz \u00e9s t\u00f6bb b\u00e9ke fel\u00e9 vezessen.<\/p>\n","protected":false},"excerpt":{"rendered":"<p>Szeretne kevesebbet agg\u00f3dni \u00e9s t\u00f6bbet \u00e9lni?<\/p>\n","protected":false},"featured_media":152387,"comment_status":"closed","ping_status":"closed","template":"","meta":[],"language":[3142,3141,3143,3164],"product_cat":[3154],"product_tag":[3243,3151,3162,3152,3155],"class_list":{"0":"post-152372","1":"product","2":"type-product","3":"status-publish","4":"has-post-thumbnail","6":"language-francia","7":"language-holland","8":"language-nemet","9":"language-portugal-brazilia","10":"product_cat-erzelmi-jolet","11":"product_tag-aggodalom","12":"product_tag-emotionalwellness-hu","13":"product_tag-selfcare-hu","14":"product_tag-stressz","15":"product_tag-szorongas","16":"pa_languages-francia","17":"pa_languages-holland","18":"pa_languages-nemet","19":"pa_languages-portugal-brazilia","21":"entry","22":"has-media","24":"first","25":"instock","26":"purchasable","27":"product-type-variable","28":"has-product-nav","29":"col","30":"span_1_of_4","31":"owp-content-center","32":"owp-thumbs-layout-horizontal","33":"owp-btn-big","34":"owp-tabs-layout-vertical","35":"has-no-thumbnails"},"acf":[],"aioseo_notices":[],"_links":{"self":[{"href":"https:\/\/audiohypnosis.online\/hu\/wp-json\/wp\/v2\/product\/152372","targetHints":{"allow":["GET"]}}],"collection":[{"href":"https:\/\/audiohypnosis.online\/hu\/wp-json\/wp\/v2\/product"}],"about":[{"href":"https:\/\/audiohypnosis.online\/hu\/wp-json\/wp\/v2\/types\/product"}],"replies":[{"embeddable":true,"href":"https:\/\/audiohypnosis.online\/hu\/wp-json\/wp\/v2\/comments?post=152372"}],"version-history":[{"count":0,"href":"https:\/\/audiohypnosis.online\/hu\/wp-json\/wp\/v2\/product\/152372\/revisions"}],"wp:featuredmedia":[{"embeddable":true,"href":"https:\/\/audiohypnosis.online\/hu\/wp-json\/wp\/v2\/media\/152387"}],"wp:attachment":[{"href":"https:\/\/audiohypnosis.online\/hu\/wp-json\/wp\/v2\/media?parent=152372"}],"wp:term":[{"taxonomy":"language","embeddable":true,"href":"https:\/\/audiohypnosis.online\/hu\/wp-json\/wp\/v2\/language?post=152372"},{"taxonomy":"product_cat","embeddable":true,"href":"https:\/\/audiohypnosis.online\/hu\/wp-json\/wp\/v2\/product_cat?post=152372"},{"taxonomy":"product_tag","embeddable":true,"href":"https:\/\/audiohypnosis.online\/hu\/wp-json\/wp\/v2\/product_tag?post=152372"}],"curies":[{"name":"wp","href":"https:\/\/api.w.org\/{rel}","templated":true}]}}