{"id":152371,"date":"2023-10-14T09:09:09","date_gmt":"2023-10-14T07:09:09","guid":{"rendered":"https:\/\/audiohypnosis.online\/product\/heartbreak\/"},"modified":"2023-10-14T09:09:09","modified_gmt":"2023-10-14T07:09:09","slug":"szivfajdalom","status":"publish","type":"product","link":"https:\/\/audiohypnosis.online\/hu\/termek\/szivfajdalom\/","title":{"rendered":"Heartbreak"},"content":{"rendered":"<p>\u00d6sszet\u00f6rt sz\u00edvvel szenved? Audio hipn\u00f3zis MP3-ink az \u00e9rzelmi gy\u00f3gyul\u00e1shoz vezet\u0151 utat k\u00edn\u00e1lj\u00e1k. Tal\u00e1ljon megk\u00f6nnyebb\u00fcl\u00e9st \u00e9s kezdje \u00fajra a 6 hangf\u00e1jlt \u00e9s egy k\u00e9zik\u00f6nyvet tartalmaz\u00f3 csomagunkkal, amely a legjobb gyakorlatokat tartalmazza.<\/p>\n","protected":false},"excerpt":{"rendered":"<p>Seg\u00edts\u00e9gre van sz\u00fcks\u00e9ge a sz\u00edvf\u00e1jdalom feldolgoz\u00e1s\u00e1hoz?<\/p>\n","protected":false},"featured_media":152381,"comment_status":"closed","ping_status":"closed","template":"","meta":[],"language":[3142,3141,3143],"product_cat":[3230],"product_tag":[3151,3185,3242,3231,3233],"class_list":{"0":"post-152371","1":"product","2":"type-product","3":"status-publish","4":"has-post-thumbnail","6":"language-francia","7":"language-holland","8":"language-nemet","9":"product_cat-kapcsolatok","10":"product_tag-emotionalwellness-hu","11":"product_tag-gyogyito","12":"product_tag-heartbreak-hu","13":"product_tag-kapcsolatok","14":"product_tag-szerelem","15":"pa_languages-francia","16":"pa_languages-holland","17":"pa_languages-nemet","19":"entry","20":"has-media","22":"first","23":"instock","24":"purchasable","25":"product-type-variable","26":"has-product-nav","27":"col","28":"span_1_of_4","29":"owp-content-center","30":"owp-thumbs-layout-horizontal","31":"owp-btn-big","32":"owp-tabs-layout-vertical","33":"has-no-thumbnails"},"acf":[],"aioseo_notices":[],"_links":{"self":[{"href":"https:\/\/audiohypnosis.online\/hu\/wp-json\/wp\/v2\/product\/152371","targetHints":{"allow":["GET"]}}],"collection":[{"href":"https:\/\/audiohypnosis.online\/hu\/wp-json\/wp\/v2\/product"}],"about":[{"href":"https:\/\/audiohypnosis.online\/hu\/wp-json\/wp\/v2\/types\/product"}],"replies":[{"embeddable":true,"href":"https:\/\/audiohypnosis.online\/hu\/wp-json\/wp\/v2\/comments?post=152371"}],"version-history":[{"count":0,"href":"https:\/\/audiohypnosis.online\/hu\/wp-json\/wp\/v2\/product\/152371\/revisions"}],"wp:featuredmedia":[{"embeddable":true,"href":"https:\/\/audiohypnosis.online\/hu\/wp-json\/wp\/v2\/media\/152381"}],"wp:attachment":[{"href":"https:\/\/audiohypnosis.online\/hu\/wp-json\/wp\/v2\/media?parent=152371"}],"wp:term":[{"taxonomy":"language","embeddable":true,"href":"https:\/\/audiohypnosis.online\/hu\/wp-json\/wp\/v2\/language?post=152371"},{"taxonomy":"product_cat","embeddable":true,"href":"https:\/\/audiohypnosis.online\/hu\/wp-json\/wp\/v2\/product_cat?post=152371"},{"taxonomy":"product_tag","embeddable":true,"href":"https:\/\/audiohypnosis.online\/hu\/wp-json\/wp\/v2\/product_tag?post=152371"}],"curies":[{"name":"wp","href":"https:\/\/api.w.org\/{rel}","templated":true}]}}