{"id":152370,"date":"2023-10-14T09:09:04","date_gmt":"2023-10-14T07:09:04","guid":{"rendered":"https:\/\/audiohypnosis.online\/product\/felelem-a-halaltol\/"},"modified":"2023-10-14T09:09:04","modified_gmt":"2023-10-14T07:09:04","slug":"felelem-a-halaltol","status":"publish","type":"product","link":"https:\/\/audiohypnosis.online\/hu\/termek\/felelem-a-halaltol\/","title":{"rendered":"F\u00e9lelem a hal\u00e1lt\u00f3l"},"content":{"rendered":"<p>Egzisztenci\u00e1lis f\u00e9lelmekkel k\u00fczd? Hangos hipn\u00f3zis MP3-ink c\u00e9lja, hogy seg\u00edtsenek megbirk\u00f3zni az \u00e9let elker\u00fclhetetlen aspektus\u00e1val, amellyel mindannyiunknak szembe kell n\u00e9znie: a hal\u00e1llal. Nyugalmat nyerhet \u00e9s teljes \u00e9letet \u00e9lhet, ha foglalkozik ezzel a szorong\u00e1ssal \u00e9s cs\u00f6kkenti azt. Csomagunk 6 let\u00f6lthet\u0151 hangf\u00e1jlt tartalmaz, k\u00fcl\u00f6nb\u00f6z\u0151 v\u00e1ltozatokban, az \u00d6n ig\u00e9nyeinek megfelel\u0151en, valamint egy k\u00e9zik\u00f6nyvet a maxim\u00e1lis hat\u00e9konys\u00e1g \u00e9rdek\u00e9ben.<\/p>\n","protected":false},"excerpt":{"rendered":"<p>Agg\u00f3dsz amiatt, hogy a hal\u00e1lf\u00e9lelmed befoly\u00e1solja a mindennapi \u00e9letedet?<\/p>\n","protected":false},"featured_media":152378,"comment_status":"closed","ping_status":"closed","template":"","meta":[],"language":[3146,3142,3141,3143,3147,3148],"product_cat":[3149],"product_tag":[3153,3206,3241,3155,3175],"class_list":{"0":"post-152370","1":"product","2":"type-product","3":"status-publish","4":"has-post-thumbnail","6":"language-angol","7":"language-francia","8":"language-holland","9":"language-nemet","10":"language-spanyol","11":"language-szerb","12":"product_cat-felelmek-es-fobiak","13":"product_tag-felelem","14":"product_tag-fobia-hu","15":"product_tag-halal","16":"product_tag-szorongas","17":"product_tag-wellness-hu","18":"pa_languages-angol","19":"pa_languages-francia","20":"pa_languages-holland","21":"pa_languages-lengyel","22":"pa_languages-nemet","23":"pa_languages-spanyol","24":"pa_languages-szerb","25":"pa_languages-ukran","27":"entry","28":"has-media","30":"first","31":"instock","32":"purchasable","33":"product-type-variable","34":"has-product-nav","35":"col","36":"span_1_of_4","37":"owp-content-center","38":"owp-thumbs-layout-horizontal","39":"owp-btn-big","40":"owp-tabs-layout-vertical","41":"has-no-thumbnails"},"acf":[],"aioseo_notices":[],"_links":{"self":[{"href":"https:\/\/audiohypnosis.online\/hu\/wp-json\/wp\/v2\/product\/152370","targetHints":{"allow":["GET"]}}],"collection":[{"href":"https:\/\/audiohypnosis.online\/hu\/wp-json\/wp\/v2\/product"}],"about":[{"href":"https:\/\/audiohypnosis.online\/hu\/wp-json\/wp\/v2\/types\/product"}],"replies":[{"embeddable":true,"href":"https:\/\/audiohypnosis.online\/hu\/wp-json\/wp\/v2\/comments?post=152370"}],"version-history":[{"count":0,"href":"https:\/\/audiohypnosis.online\/hu\/wp-json\/wp\/v2\/product\/152370\/revisions"}],"wp:featuredmedia":[{"embeddable":true,"href":"https:\/\/audiohypnosis.online\/hu\/wp-json\/wp\/v2\/media\/152378"}],"wp:attachment":[{"href":"https:\/\/audiohypnosis.online\/hu\/wp-json\/wp\/v2\/media?parent=152370"}],"wp:term":[{"taxonomy":"language","embeddable":true,"href":"https:\/\/audiohypnosis.online\/hu\/wp-json\/wp\/v2\/language?post=152370"},{"taxonomy":"product_cat","embeddable":true,"href":"https:\/\/audiohypnosis.online\/hu\/wp-json\/wp\/v2\/product_cat?post=152370"},{"taxonomy":"product_tag","embeddable":true,"href":"https:\/\/audiohypnosis.online\/hu\/wp-json\/wp\/v2\/product_tag?post=152370"}],"curies":[{"name":"wp","href":"https:\/\/api.w.org\/{rel}","templated":true}]}}