{"id":152367,"date":"2023-10-14T09:09:09","date_gmt":"2023-10-14T07:09:09","guid":{"rendered":"https:\/\/audiohypnosis.online\/product\/erekcios-zavarok\/"},"modified":"2023-10-14T09:09:09","modified_gmt":"2023-10-14T07:09:09","slug":"merevedesi-zavar","status":"publish","type":"product","link":"https:\/\/audiohypnosis.online\/hu\/termek\/merevedesi-zavar\/","title":{"rendered":"Erekci\u00f3s zavarok"},"content":{"rendered":"<p>Probl\u00e9m\u00e1k mer\u00fclnek fel szexu\u00e1lis eg\u00e9szs\u00e9g\u00e9vel kapcsolatban? Hanghipn\u00f3zisos foglalkoz\u00e1saink a f\u00e9rfiak mereved\u00e9si zavarainak kezel\u00e9s\u00e9ben val\u00f3 seg\u00edts\u00e9gny\u00fajt\u00e1sra \u00f6sszpontos\u00edtanak. Hozz\u00e1f\u00e9r\u00e9st kap 6 let\u00f6lthet\u0151 hangf\u00e1jlhoz \u00e9s egy k\u00e9zik\u00f6nyvh\u00f6z a legjobb gyakorlatokr\u00f3l.<\/p>\n","protected":false},"excerpt":{"rendered":"<p>Szeretn\u00e9 kezelni a mereved\u00e9si zavarokat?<\/p>\n","protected":false},"featured_media":152373,"comment_status":"closed","ping_status":"closed","template":"","meta":[],"language":[3146,3141,3143,3157,3148],"product_cat":[3237],"product_tag":[3240,3239,3502,3231,3238],"class_list":{"0":"post-152367","1":"product","2":"type-product","3":"status-publish","4":"has-post-thumbnail","6":"language-angol","7":"language-holland","8":"language-nemet","9":"language-olasz","10":"language-szerb","11":"product_cat-szexualitas","12":"product_tag-erectiledysfunction-hu","13":"product_tag-ferfiak","14":"product_tag-helse-hu","15":"product_tag-kapcsolatok","16":"product_tag-sexualwellness-hu","17":"pa_languages-angol","18":"pa_languages-holland","19":"pa_languages-nemet","20":"pa_languages-olasz","21":"pa_languages-szerb","22":"pa_languages-ukran","24":"entry","25":"has-media","27":"first","28":"instock","29":"purchasable","30":"product-type-variable","31":"has-product-nav","32":"col","33":"span_1_of_4","34":"owp-content-center","35":"owp-thumbs-layout-horizontal","36":"owp-btn-big","37":"owp-tabs-layout-vertical","38":"has-no-thumbnails"},"acf":[],"aioseo_notices":[],"_links":{"self":[{"href":"https:\/\/audiohypnosis.online\/hu\/wp-json\/wp\/v2\/product\/152367","targetHints":{"allow":["GET"]}}],"collection":[{"href":"https:\/\/audiohypnosis.online\/hu\/wp-json\/wp\/v2\/product"}],"about":[{"href":"https:\/\/audiohypnosis.online\/hu\/wp-json\/wp\/v2\/types\/product"}],"replies":[{"embeddable":true,"href":"https:\/\/audiohypnosis.online\/hu\/wp-json\/wp\/v2\/comments?post=152367"}],"version-history":[{"count":0,"href":"https:\/\/audiohypnosis.online\/hu\/wp-json\/wp\/v2\/product\/152367\/revisions"}],"wp:featuredmedia":[{"embeddable":true,"href":"https:\/\/audiohypnosis.online\/hu\/wp-json\/wp\/v2\/media\/152373"}],"wp:attachment":[{"href":"https:\/\/audiohypnosis.online\/hu\/wp-json\/wp\/v2\/media?parent=152367"}],"wp:term":[{"taxonomy":"language","embeddable":true,"href":"https:\/\/audiohypnosis.online\/hu\/wp-json\/wp\/v2\/language?post=152367"},{"taxonomy":"product_cat","embeddable":true,"href":"https:\/\/audiohypnosis.online\/hu\/wp-json\/wp\/v2\/product_cat?post=152367"},{"taxonomy":"product_tag","embeddable":true,"href":"https:\/\/audiohypnosis.online\/hu\/wp-json\/wp\/v2\/product_tag?post=152367"}],"curies":[{"name":"wp","href":"https:\/\/api.w.org\/{rel}","templated":true}]}}