{"id":152337,"date":"2023-10-14T09:09:09","date_gmt":"2023-10-14T07:09:09","guid":{"rendered":"https:\/\/audiohypnosis.online\/product\/kevesebb-cukorbevitel\/"},"modified":"2023-10-14T09:09:09","modified_gmt":"2023-10-14T07:09:09","slug":"kevesebb-cukorbevitel","status":"publish","type":"product","link":"https:\/\/audiohypnosis.online\/hu\/termek\/kevesebb-cukorbevitel\/","title":{"rendered":"Kevesebb cukorbevitel"},"content":{"rendered":"<p>K\u00fczd a cukorfogyaszt\u00e1s cs\u00f6kkent\u00e9s\u00e9vel? Hanghipn\u00f3zisos foglalkoz\u00e1saink seg\u00edthetnek \u00d6nnek abban, hogy eg\u00e9szs\u00e9gesebb \u00e9trendi d\u00f6nt\u00e9seket hozzon. A legjobb eredm\u00e9nyek \u00e9rdek\u00e9ben 6 let\u00f6lthet\u0151 hangf\u00e1jlt \u00e9s egy k\u00e9zik\u00f6nyvet kap.<\/p>\n","protected":false},"excerpt":{"rendered":"<p>Pr\u00f3b\u00e1lja cs\u00f6kkenteni a cukorbevitelt?<\/p>\n","protected":false},"featured_media":152355,"comment_status":"closed","ping_status":"closed","template":"","meta":[],"language":[3142,3141,3164],"product_cat":[3198],"product_tag":[3236,3234,3502,3213,3175],"class_list":{"0":"post-152337","1":"product","2":"type-product","3":"status-publish","4":"has-post-thumbnail","6":"language-francia","7":"language-holland","8":"language-portugal-brazilia","9":"product_cat-suly","10":"product_tag-cukor","11":"product_tag-dieta-hu-2","12":"product_tag-helse-hu","13":"product_tag-onkontroll","14":"product_tag-wellness-hu","15":"pa_languages-francia","16":"pa_languages-holland","17":"pa_languages-portugal-brazilia","19":"entry","20":"has-media","22":"first","23":"instock","24":"purchasable","25":"product-type-variable","26":"has-product-nav","27":"col","28":"span_1_of_4","29":"owp-content-center","30":"owp-thumbs-layout-horizontal","31":"owp-btn-big","32":"owp-tabs-layout-vertical","33":"has-no-thumbnails"},"acf":[],"aioseo_notices":[],"_links":{"self":[{"href":"https:\/\/audiohypnosis.online\/hu\/wp-json\/wp\/v2\/product\/152337","targetHints":{"allow":["GET"]}}],"collection":[{"href":"https:\/\/audiohypnosis.online\/hu\/wp-json\/wp\/v2\/product"}],"about":[{"href":"https:\/\/audiohypnosis.online\/hu\/wp-json\/wp\/v2\/types\/product"}],"replies":[{"embeddable":true,"href":"https:\/\/audiohypnosis.online\/hu\/wp-json\/wp\/v2\/comments?post=152337"}],"version-history":[{"count":0,"href":"https:\/\/audiohypnosis.online\/hu\/wp-json\/wp\/v2\/product\/152337\/revisions"}],"wp:featuredmedia":[{"embeddable":true,"href":"https:\/\/audiohypnosis.online\/hu\/wp-json\/wp\/v2\/media\/152355"}],"wp:attachment":[{"href":"https:\/\/audiohypnosis.online\/hu\/wp-json\/wp\/v2\/media?parent=152337"}],"wp:term":[{"taxonomy":"language","embeddable":true,"href":"https:\/\/audiohypnosis.online\/hu\/wp-json\/wp\/v2\/language?post=152337"},{"taxonomy":"product_cat","embeddable":true,"href":"https:\/\/audiohypnosis.online\/hu\/wp-json\/wp\/v2\/product_cat?post=152337"},{"taxonomy":"product_tag","embeddable":true,"href":"https:\/\/audiohypnosis.online\/hu\/wp-json\/wp\/v2\/product_tag?post=152337"}],"curies":[{"name":"wp","href":"https:\/\/api.w.org\/{rel}","templated":true}]}}