{"id":152333,"date":"2023-10-14T09:09:09","date_gmt":"2023-10-14T07:09:09","guid":{"rendered":"https:\/\/audiohypnosis.online\/product\/tulzott-izzadas\/"},"modified":"2023-10-14T09:09:09","modified_gmt":"2023-10-14T07:09:09","slug":"tulzott-izzadas","status":"publish","type":"product","link":"https:\/\/audiohypnosis.online\/hu\/termek\/tulzott-izzadas\/","title":{"rendered":"T\u00falzott izzad\u00e1s"},"content":{"rendered":"<p>Agg\u00f3dik a t\u00falzott izzad\u00e1s miatt?<br \/>\nHanghipn\u00f3zisos foglalkoz\u00e1saink lehet\u0151s\u00e9get k\u00edn\u00e1lnak arra, hogy jobban kezelje ezt az \u00e1llapotot.<br \/>\nSzerezzen hozz\u00e1f\u00e9r\u00e9st 6 let\u00f6lthet\u0151 hangf\u00e1jlhoz \u00e9s egy k\u00e9zik\u00f6nyvh\u00f6z a legjobb gyakorlatokhoz.  <\/p>\n","protected":false},"excerpt":{"rendered":"<p>K\u00fczd a t\u00falzott izzad\u00e1ssal?<\/p>\n","protected":false},"featured_media":152344,"comment_status":"closed","ping_status":"closed","template":"","meta":[],"language":[3146,3142,3141,3143,3147,3148],"product_cat":[3159],"product_tag":[3502,3232,3229,3213,3175],"class_list":{"0":"post-152333","1":"product","2":"type-product","3":"status-publish","4":"has-post-thumbnail","6":"language-angol","7":"language-francia","8":"language-holland","9":"language-nemet","10":"language-spanyol","11":"language-szerb","12":"product_cat-egeszseg-es-jolet","13":"product_tag-helse-hu","14":"product_tag-higienia","15":"product_tag-izzadsag","16":"product_tag-onkontroll","17":"product_tag-wellness-hu","18":"pa_languages-angol","19":"pa_languages-francia","20":"pa_languages-holland","21":"pa_languages-lengyel","22":"pa_languages-nemet","23":"pa_languages-spanyol","24":"pa_languages-szerb","25":"pa_languages-ukran","27":"entry","28":"has-media","30":"first","31":"instock","32":"purchasable","33":"product-type-variable","34":"has-product-nav","35":"col","36":"span_1_of_4","37":"owp-content-center","38":"owp-thumbs-layout-horizontal","39":"owp-btn-big","40":"owp-tabs-layout-vertical","41":"has-no-thumbnails"},"acf":[],"aioseo_notices":[],"_links":{"self":[{"href":"https:\/\/audiohypnosis.online\/hu\/wp-json\/wp\/v2\/product\/152333","targetHints":{"allow":["GET"]}}],"collection":[{"href":"https:\/\/audiohypnosis.online\/hu\/wp-json\/wp\/v2\/product"}],"about":[{"href":"https:\/\/audiohypnosis.online\/hu\/wp-json\/wp\/v2\/types\/product"}],"replies":[{"embeddable":true,"href":"https:\/\/audiohypnosis.online\/hu\/wp-json\/wp\/v2\/comments?post=152333"}],"version-history":[{"count":0,"href":"https:\/\/audiohypnosis.online\/hu\/wp-json\/wp\/v2\/product\/152333\/revisions"}],"wp:featuredmedia":[{"embeddable":true,"href":"https:\/\/audiohypnosis.online\/hu\/wp-json\/wp\/v2\/media\/152344"}],"wp:attachment":[{"href":"https:\/\/audiohypnosis.online\/hu\/wp-json\/wp\/v2\/media?parent=152333"}],"wp:term":[{"taxonomy":"language","embeddable":true,"href":"https:\/\/audiohypnosis.online\/hu\/wp-json\/wp\/v2\/language?post=152333"},{"taxonomy":"product_cat","embeddable":true,"href":"https:\/\/audiohypnosis.online\/hu\/wp-json\/wp\/v2\/product_cat?post=152333"},{"taxonomy":"product_tag","embeddable":true,"href":"https:\/\/audiohypnosis.online\/hu\/wp-json\/wp\/v2\/product_tag?post=152333"}],"curies":[{"name":"wp","href":"https:\/\/api.w.org\/{rel}","templated":true}]}}