{"id":152332,"date":"2023-10-14T09:09:09","date_gmt":"2023-10-14T07:09:09","guid":{"rendered":"https:\/\/audiohypnosis.online\/product\/feltekenyseg\/"},"modified":"2023-10-14T09:09:09","modified_gmt":"2023-10-14T07:09:09","slug":"feltekenyseg","status":"publish","type":"product","link":"https:\/\/audiohypnosis.online\/hu\/termek\/feltekenyseg\/","title":{"rendered":"F\u00e9lt\u00e9kenys\u00e9g"},"content":{"rendered":"<p>A f\u00e9lt\u00e9kenys\u00e9g megviseli a kapcsolatait? Hanghipn\u00f3zisos foglalkoz\u00e1saink c\u00e9lja, hogy seg\u00edts\u00fcnk \u00d6nnek kontroll\u00e1lni ezt az \u00e9rz\u00e9st. Hozz\u00e1f\u00e9r\u00e9s 6 let\u00f6lthet\u0151 hangf\u00e1jlhoz \u00e9s egy \u00e1tfog\u00f3 k\u00e9zik\u00f6nyvh\u00f6z.<\/p>\n","protected":false},"excerpt":{"rendered":"<p>F\u00e9lt\u00e9kenys\u00e9ggel k\u00fczd?<\/p>\n","protected":false},"featured_media":152349,"comment_status":"closed","ping_status":"closed","template":"","meta":[],"language":[3142,3141,3143,3164],"product_cat":[3230],"product_tag":[3151,3235,3231,3213,3233],"class_list":{"0":"post-152332","1":"product","2":"type-product","3":"status-publish","4":"has-post-thumbnail","6":"language-francia","7":"language-holland","8":"language-nemet","9":"language-portugal-brazilia","10":"product_cat-kapcsolatok","11":"product_tag-emotionalwellness-hu","12":"product_tag-feltekenyseg","13":"product_tag-kapcsolatok","14":"product_tag-onkontroll","15":"product_tag-szerelem","16":"pa_languages-francia","17":"pa_languages-holland","18":"pa_languages-nemet","19":"pa_languages-portugal-brazilia","21":"entry","22":"has-media","24":"first","25":"instock","26":"purchasable","27":"product-type-variable","28":"has-product-nav","29":"col","30":"span_1_of_4","31":"owp-content-center","32":"owp-thumbs-layout-horizontal","33":"owp-btn-big","34":"owp-tabs-layout-vertical","35":"has-no-thumbnails"},"acf":[],"aioseo_notices":[],"_links":{"self":[{"href":"https:\/\/audiohypnosis.online\/hu\/wp-json\/wp\/v2\/product\/152332","targetHints":{"allow":["GET"]}}],"collection":[{"href":"https:\/\/audiohypnosis.online\/hu\/wp-json\/wp\/v2\/product"}],"about":[{"href":"https:\/\/audiohypnosis.online\/hu\/wp-json\/wp\/v2\/types\/product"}],"replies":[{"embeddable":true,"href":"https:\/\/audiohypnosis.online\/hu\/wp-json\/wp\/v2\/comments?post=152332"}],"version-history":[{"count":0,"href":"https:\/\/audiohypnosis.online\/hu\/wp-json\/wp\/v2\/product\/152332\/revisions"}],"wp:featuredmedia":[{"embeddable":true,"href":"https:\/\/audiohypnosis.online\/hu\/wp-json\/wp\/v2\/media\/152349"}],"wp:attachment":[{"href":"https:\/\/audiohypnosis.online\/hu\/wp-json\/wp\/v2\/media?parent=152332"}],"wp:term":[{"taxonomy":"language","embeddable":true,"href":"https:\/\/audiohypnosis.online\/hu\/wp-json\/wp\/v2\/language?post=152332"},{"taxonomy":"product_cat","embeddable":true,"href":"https:\/\/audiohypnosis.online\/hu\/wp-json\/wp\/v2\/product_cat?post=152332"},{"taxonomy":"product_tag","embeddable":true,"href":"https:\/\/audiohypnosis.online\/hu\/wp-json\/wp\/v2\/product_tag?post=152332"}],"curies":[{"name":"wp","href":"https:\/\/api.w.org\/{rel}","templated":true}]}}