{"id":152331,"date":"2023-10-14T09:09:09","date_gmt":"2023-10-14T07:09:09","guid":{"rendered":"https:\/\/audiohypnosis.online\/product\/ego-boost\/"},"modified":"2023-10-14T09:09:09","modified_gmt":"2023-10-14T07:09:09","slug":"ego-boost","status":"publish","type":"product","link":"https:\/\/audiohypnosis.online\/hu\/termek\/ego-boost\/","title":{"rendered":"Ego Boost"},"content":{"rendered":"<p>Az \u00f6nbecs\u00fcl\u00e9sed n\u00f6vel\u00e9s\u00e9re v\u00e1gysz? Hanghipn\u00f3zisos foglalkoz\u00e1saink egy er\u0151sebb \u00f6nismerethez vezet\u0151 utat k\u00edn\u00e1lnak. Hozz\u00e1f\u00e9r\u00e9s 6 let\u00f6lthet\u0151 hangf\u00e1jlhoz \u00e9s egy k\u00e9zik\u00f6nyvh\u00f6z, amelyek eligaz\u00edtanak a pozit\u00edvabb \u00f6nk\u00e9p fel\u00e9 vezet\u0151 \u00faton.<\/p>\n","protected":false},"excerpt":{"rendered":"<p>Az \u00f6nbecs\u00fcl\u00e9sed n\u00f6vel\u00e9s\u00e9re v\u00e1gysz?<\/p>\n","protected":false},"featured_media":152334,"comment_status":"closed","ping_status":"closed","template":"","meta":[],"language":[3142,3141,3143,3148],"product_cat":[3144],"product_tag":[3156,3151,3167,3161,3145],"class_list":{"0":"post-152331","1":"product","2":"type-product","3":"status-publish","4":"has-post-thumbnail","6":"language-francia","7":"language-holland","8":"language-nemet","9":"language-szerb","10":"product_cat-onfejlesztes","11":"product_tag-bizalom","12":"product_tag-emotionalwellness-hu","13":"product_tag-pozitivitas","14":"product_tag-selfesteem-hu","15":"product_tag-selfimprovement-hu","16":"pa_languages-francia","17":"pa_languages-holland","18":"pa_languages-nemet","19":"pa_languages-szerb","20":"pa_languages-ukran","22":"entry","23":"has-media","25":"first","26":"instock","27":"purchasable","28":"product-type-variable","29":"has-product-nav","30":"col","31":"span_1_of_4","32":"owp-content-center","33":"owp-thumbs-layout-horizontal","34":"owp-btn-big","35":"owp-tabs-layout-vertical","36":"has-no-thumbnails"},"acf":[],"aioseo_notices":[],"_links":{"self":[{"href":"https:\/\/audiohypnosis.online\/hu\/wp-json\/wp\/v2\/product\/152331","targetHints":{"allow":["GET"]}}],"collection":[{"href":"https:\/\/audiohypnosis.online\/hu\/wp-json\/wp\/v2\/product"}],"about":[{"href":"https:\/\/audiohypnosis.online\/hu\/wp-json\/wp\/v2\/types\/product"}],"replies":[{"embeddable":true,"href":"https:\/\/audiohypnosis.online\/hu\/wp-json\/wp\/v2\/comments?post=152331"}],"version-history":[{"count":0,"href":"https:\/\/audiohypnosis.online\/hu\/wp-json\/wp\/v2\/product\/152331\/revisions"}],"wp:featuredmedia":[{"embeddable":true,"href":"https:\/\/audiohypnosis.online\/hu\/wp-json\/wp\/v2\/media\/152334"}],"wp:attachment":[{"href":"https:\/\/audiohypnosis.online\/hu\/wp-json\/wp\/v2\/media?parent=152331"}],"wp:term":[{"taxonomy":"language","embeddable":true,"href":"https:\/\/audiohypnosis.online\/hu\/wp-json\/wp\/v2\/language?post=152331"},{"taxonomy":"product_cat","embeddable":true,"href":"https:\/\/audiohypnosis.online\/hu\/wp-json\/wp\/v2\/product_cat?post=152331"},{"taxonomy":"product_tag","embeddable":true,"href":"https:\/\/audiohypnosis.online\/hu\/wp-json\/wp\/v2\/product_tag?post=152331"}],"curies":[{"name":"wp","href":"https:\/\/api.w.org\/{rel}","templated":true}]}}