{"id":152296,"date":"2023-10-14T09:09:09","date_gmt":"2023-10-14T07:09:09","guid":{"rendered":"https:\/\/audiohypnosis.online\/product\/varakozas-a-golfban\/"},"modified":"2023-10-14T09:09:09","modified_gmt":"2023-10-14T07:09:09","slug":"waiting-in-golf","status":"publish","type":"product","link":"https:\/\/audiohypnosis.online\/hu\/termek\/waiting-in-golf\/","title":{"rendered":"V\u00e1rakoz\u00e1s a golfban"},"content":{"rendered":"<p>T\u00fcrelmetlen\u00fcl v\u00e1r a sor\u00e1ra a golfp\u00e1ly\u00e1n? Audi\u00f3 hipn\u00f3zis MP3-aink c\u00e9lja, hogy seg\u00edtsenek a t\u00fcrelem \u00e1pol\u00e1s\u00e1ban, jav\u00edtva ezzel mind a j\u00e1t\u00e9k\u00e1t, mind a ment\u00e1lis j\u00f3l\u00e9t\u00e9t. A csomag 6 hangf\u00e1jlt \u00e9s egy k\u00e9zik\u00f6nyvet tartalmaz a hat\u00e9kony haszn\u00e1lathoz.<\/p>\n","protected":false},"excerpt":{"rendered":"<p>T\u00fcrelemre van sz\u00fcks\u00e9ge a golfj\u00e1t\u00e9k\u00e1hoz?<\/p>\n","protected":false},"featured_media":152307,"comment_status":"closed","ping_status":"closed","template":"","meta":[],"language":[3141,3143],"product_cat":[3212],"product_tag":[3218,3216,3214,3227,3224],"class_list":{"0":"post-152296","1":"product","2":"type-product","3":"status-publish","4":"has-post-thumbnail","6":"language-holland","7":"language-nemet","8":"product_cat-sport-es-jatekok","9":"product_tag-golf-hu","10":"product_tag-sport-hu","11":"product_tag-szabadido","12":"product_tag-turelem","13":"product_tag-varakozas","14":"pa_languages-holland","15":"pa_languages-nemet","17":"entry","18":"has-media","20":"first","21":"instock","22":"purchasable","23":"product-type-variable","24":"has-product-nav","25":"col","26":"span_1_of_4","27":"owp-content-center","28":"owp-thumbs-layout-horizontal","29":"owp-btn-big","30":"owp-tabs-layout-vertical","31":"has-no-thumbnails"},"acf":[],"aioseo_notices":[],"_links":{"self":[{"href":"https:\/\/audiohypnosis.online\/hu\/wp-json\/wp\/v2\/product\/152296","targetHints":{"allow":["GET"]}}],"collection":[{"href":"https:\/\/audiohypnosis.online\/hu\/wp-json\/wp\/v2\/product"}],"about":[{"href":"https:\/\/audiohypnosis.online\/hu\/wp-json\/wp\/v2\/types\/product"}],"replies":[{"embeddable":true,"href":"https:\/\/audiohypnosis.online\/hu\/wp-json\/wp\/v2\/comments?post=152296"}],"version-history":[{"count":0,"href":"https:\/\/audiohypnosis.online\/hu\/wp-json\/wp\/v2\/product\/152296\/revisions"}],"wp:featuredmedia":[{"embeddable":true,"href":"https:\/\/audiohypnosis.online\/hu\/wp-json\/wp\/v2\/media\/152307"}],"wp:attachment":[{"href":"https:\/\/audiohypnosis.online\/hu\/wp-json\/wp\/v2\/media?parent=152296"}],"wp:term":[{"taxonomy":"language","embeddable":true,"href":"https:\/\/audiohypnosis.online\/hu\/wp-json\/wp\/v2\/language?post=152296"},{"taxonomy":"product_cat","embeddable":true,"href":"https:\/\/audiohypnosis.online\/hu\/wp-json\/wp\/v2\/product_cat?post=152296"},{"taxonomy":"product_tag","embeddable":true,"href":"https:\/\/audiohypnosis.online\/hu\/wp-json\/wp\/v2\/product_tag?post=152296"}],"curies":[{"name":"wp","href":"https:\/\/api.w.org\/{rel}","templated":true}]}}