{"id":152295,"date":"2023-10-14T09:09:09","date_gmt":"2023-10-14T07:09:09","guid":{"rendered":"https:\/\/audiohypnosis.online\/product\/migren\/"},"modified":"2023-10-14T09:09:09","modified_gmt":"2023-10-14T07:09:09","slug":"migren","status":"publish","type":"product","link":"https:\/\/audiohypnosis.online\/hu\/termek\/migren\/","title":{"rendered":"Migr\u00e9n"},"content":{"rendered":"<p>Elege van abb\u00f3l, hogy a migr\u00e9n megzavarja az \u00e9let\u00e9t? Hanghipn\u00f3zisos foglalkoz\u00e1saink a f\u00e1jdalomcsillap\u00edt\u00e1sra \u00e9s -kezel\u00e9sre \u00f6sszpontos\u00edtanak. Kap 6 let\u00f6lthet\u0151 hangf\u00e1jlt \u00e9s egy k\u00e9zik\u00f6nyvet a legjobb gyakorlatokr\u00f3l, amelyek seg\u00edtenek a t\u00fcnetek kezel\u00e9s\u00e9ben.<\/p>\n","protected":false},"excerpt":{"rendered":"<p>Seg\u00edts\u00e9gre van sz\u00fcks\u00e9ge a migr\u00e9n ellen?<\/p>\n","protected":false},"featured_media":152308,"comment_status":"closed","ping_status":"closed","template":"","meta":[],"language":[3146,3142,3141,3143,3157,3164,3147,3148],"product_cat":[3159],"product_tag":[3228,3225,3178,3160],"class_list":{"0":"post-152295","1":"product","2":"type-product","3":"status-publish","4":"has-post-thumbnail","6":"language-angol","7":"language-francia","8":"language-holland","9":"language-nemet","10":"language-olasz","11":"language-portugal-brazilia","12":"language-spanyol","13":"language-szerb","14":"product_cat-egeszseg-es-jolet","15":"product_tag-migrena-hu","16":"product_tag-painmanagement-hu","17":"product_tag-ulga-hu","18":"product_tag-zdrowie-hu","19":"pa_languages-angol","20":"pa_languages-francia","21":"pa_languages-holland","22":"pa_languages-magyar","23":"pa_languages-nemet","24":"pa_languages-olasz","25":"pa_languages-portugal-brazilia","26":"pa_languages-spanyol","27":"pa_languages-szerb","28":"pa_languages-ukran","30":"entry","31":"has-media","33":"first","34":"instock","35":"purchasable","36":"product-type-variable","37":"has-product-nav","38":"col","39":"span_1_of_4","40":"owp-content-center","41":"owp-thumbs-layout-horizontal","42":"owp-btn-big","43":"owp-tabs-layout-vertical","44":"has-no-thumbnails"},"acf":[],"aioseo_notices":[],"_links":{"self":[{"href":"https:\/\/audiohypnosis.online\/hu\/wp-json\/wp\/v2\/product\/152295","targetHints":{"allow":["GET"]}}],"collection":[{"href":"https:\/\/audiohypnosis.online\/hu\/wp-json\/wp\/v2\/product"}],"about":[{"href":"https:\/\/audiohypnosis.online\/hu\/wp-json\/wp\/v2\/types\/product"}],"replies":[{"embeddable":true,"href":"https:\/\/audiohypnosis.online\/hu\/wp-json\/wp\/v2\/comments?post=152295"}],"version-history":[{"count":0,"href":"https:\/\/audiohypnosis.online\/hu\/wp-json\/wp\/v2\/product\/152295\/revisions"}],"wp:featuredmedia":[{"embeddable":true,"href":"https:\/\/audiohypnosis.online\/hu\/wp-json\/wp\/v2\/media\/152308"}],"wp:attachment":[{"href":"https:\/\/audiohypnosis.online\/hu\/wp-json\/wp\/v2\/media?parent=152295"}],"wp:term":[{"taxonomy":"language","embeddable":true,"href":"https:\/\/audiohypnosis.online\/hu\/wp-json\/wp\/v2\/language?post=152295"},{"taxonomy":"product_cat","embeddable":true,"href":"https:\/\/audiohypnosis.online\/hu\/wp-json\/wp\/v2\/product_cat?post=152295"},{"taxonomy":"product_tag","embeddable":true,"href":"https:\/\/audiohypnosis.online\/hu\/wp-json\/wp\/v2\/product_tag?post=152295"}],"curies":[{"name":"wp","href":"https:\/\/api.w.org\/{rel}","templated":true}]}}