{"id":152294,"date":"2023-10-14T09:09:09","date_gmt":"2023-10-14T07:09:09","guid":{"rendered":"https:\/\/audiohypnosis.online\/product\/koromragas\/"},"modified":"2023-10-14T09:09:09","modified_gmt":"2023-10-14T07:09:09","slug":"koromragas","status":"publish","type":"product","link":"https:\/\/audiohypnosis.online\/hu\/termek\/koromragas\/","title":{"rendered":"K\u00f6r\u00f6mr\u00e1g\u00e1s"},"content":{"rendered":"<p>Szeretne leszokni a k\u00f6r\u00f6mr\u00e1g\u00e1sr\u00f3l? Hanghipn\u00f3zis MP3-ink seg\u00edthetnek abban, hogy uralni tudja ezt a szok\u00e1st. Hozz\u00e1f\u00e9r\u00e9st kapsz 6 let\u00f6lthet\u0151 hangf\u00e1jlhoz \u00e9s egy k\u00e9zik\u00f6nyvh\u00f6z a hat\u00e9kony gyakorlatokhoz.<\/p>\n","protected":false},"excerpt":{"rendered":"<p>Szeretn\u00e9 abbahagyni a k\u00f6r\u00f6mr\u00e1g\u00e1st?<\/p>\n","protected":false},"featured_media":152305,"comment_status":"closed","ping_status":"closed","template":"","meta":[],"language":[3146,3141],"product_cat":[3222],"product_tag":[3502,3226,3213,3223,3175],"class_list":{"0":"post-152294","1":"product","2":"type-product","3":"status-publish","4":"has-post-thumbnail","6":"language-angol","7":"language-holland","8":"product_cat-rossz-szokasok","9":"product_tag-helse-hu","10":"product_tag-nailbiting-hu","11":"product_tag-onkontroll","12":"product_tag-szokas","13":"product_tag-wellness-hu","14":"pa_languages-angol","15":"pa_languages-holland","16":"pa_languages-ukran","18":"entry","19":"has-media","21":"first","22":"instock","23":"purchasable","24":"product-type-variable","25":"has-product-nav","26":"col","27":"span_1_of_4","28":"owp-content-center","29":"owp-thumbs-layout-horizontal","30":"owp-btn-big","31":"owp-tabs-layout-vertical","32":"has-no-thumbnails"},"acf":[],"aioseo_notices":[],"_links":{"self":[{"href":"https:\/\/audiohypnosis.online\/hu\/wp-json\/wp\/v2\/product\/152294","targetHints":{"allow":["GET"]}}],"collection":[{"href":"https:\/\/audiohypnosis.online\/hu\/wp-json\/wp\/v2\/product"}],"about":[{"href":"https:\/\/audiohypnosis.online\/hu\/wp-json\/wp\/v2\/types\/product"}],"replies":[{"embeddable":true,"href":"https:\/\/audiohypnosis.online\/hu\/wp-json\/wp\/v2\/comments?post=152294"}],"version-history":[{"count":0,"href":"https:\/\/audiohypnosis.online\/hu\/wp-json\/wp\/v2\/product\/152294\/revisions"}],"wp:featuredmedia":[{"embeddable":true,"href":"https:\/\/audiohypnosis.online\/hu\/wp-json\/wp\/v2\/media\/152305"}],"wp:attachment":[{"href":"https:\/\/audiohypnosis.online\/hu\/wp-json\/wp\/v2\/media?parent=152294"}],"wp:term":[{"taxonomy":"language","embeddable":true,"href":"https:\/\/audiohypnosis.online\/hu\/wp-json\/wp\/v2\/language?post=152294"},{"taxonomy":"product_cat","embeddable":true,"href":"https:\/\/audiohypnosis.online\/hu\/wp-json\/wp\/v2\/product_cat?post=152294"},{"taxonomy":"product_tag","embeddable":true,"href":"https:\/\/audiohypnosis.online\/hu\/wp-json\/wp\/v2\/product_tag?post=152294"}],"curies":[{"name":"wp","href":"https:\/\/api.w.org\/{rel}","templated":true}]}}