{"id":152293,"date":"2023-10-14T09:09:13","date_gmt":"2023-10-14T07:09:13","guid":{"rendered":"https:\/\/audiohypnosis.online\/product\/yips-golf-putting\/"},"modified":"2023-10-14T09:09:13","modified_gmt":"2023-10-14T07:09:13","slug":"yips-putting","status":"publish","type":"product","link":"https:\/\/audiohypnosis.online\/hu\/termek\/yips-putting\/","title":{"rendered":"Yips (Golf Putting)"},"content":{"rendered":"<p>Neh\u00e9zs\u00e9gei vannak a yips-szel golfoz\u00e1s k\u00f6zben?<br \/>\nHanghipn\u00f3zisos foglalkoz\u00e1saink seg\u00edthetnek visszanyerni a f\u00f3kuszt \u00e9s a k\u00e9pess\u00e9geket.<br \/>\nHozz\u00e1f\u00e9r\u00e9st kap 6 let\u00f6lthet\u0151 hangf\u00e1jlhoz \u00e9s egy k\u00e9zik\u00f6nyvh\u00f6z a legjobb gyakorlatokhoz.  <\/p>\n","protected":false},"excerpt":{"rendered":"<p>Gondot okoz a yips a puttingol\u00e1sban?<\/p>\n","protected":false},"featured_media":152603,"comment_status":"closed","ping_status":"closed","template":"","meta":[],"language":[3141],"product_cat":[3212],"product_tag":[3221,3218,3219,3216,3214],"class_list":{"0":"post-152293","1":"product","2":"type-product","3":"status-publish","4":"has-post-thumbnail","6":"language-holland","7":"product_cat-sport-es-jatekok","8":"product_tag-a","9":"product_tag-golf-hu","10":"product_tag-kepesseg","11":"product_tag-sport-hu","12":"product_tag-szabadido","13":"pa_languages-holland","15":"entry","16":"has-media","18":"first","19":"instock","20":"purchasable","21":"product-type-variable","22":"has-product-nav","23":"col","24":"span_1_of_4","25":"owp-content-center","26":"owp-thumbs-layout-horizontal","27":"owp-btn-big","28":"owp-tabs-layout-vertical","29":"has-no-thumbnails"},"acf":[],"aioseo_notices":[],"_links":{"self":[{"href":"https:\/\/audiohypnosis.online\/hu\/wp-json\/wp\/v2\/product\/152293","targetHints":{"allow":["GET"]}}],"collection":[{"href":"https:\/\/audiohypnosis.online\/hu\/wp-json\/wp\/v2\/product"}],"about":[{"href":"https:\/\/audiohypnosis.online\/hu\/wp-json\/wp\/v2\/types\/product"}],"replies":[{"embeddable":true,"href":"https:\/\/audiohypnosis.online\/hu\/wp-json\/wp\/v2\/comments?post=152293"}],"version-history":[{"count":0,"href":"https:\/\/audiohypnosis.online\/hu\/wp-json\/wp\/v2\/product\/152293\/revisions"}],"wp:featuredmedia":[{"embeddable":true,"href":"https:\/\/audiohypnosis.online\/hu\/wp-json\/wp\/v2\/media\/152603"}],"wp:attachment":[{"href":"https:\/\/audiohypnosis.online\/hu\/wp-json\/wp\/v2\/media?parent=152293"}],"wp:term":[{"taxonomy":"language","embeddable":true,"href":"https:\/\/audiohypnosis.online\/hu\/wp-json\/wp\/v2\/language?post=152293"},{"taxonomy":"product_cat","embeddable":true,"href":"https:\/\/audiohypnosis.online\/hu\/wp-json\/wp\/v2\/product_cat?post=152293"},{"taxonomy":"product_tag","embeddable":true,"href":"https:\/\/audiohypnosis.online\/hu\/wp-json\/wp\/v2\/product_tag?post=152293"}],"curies":[{"name":"wp","href":"https:\/\/api.w.org\/{rel}","templated":true}]}}