{"id":152276,"date":"2023-10-14T09:09:13","date_gmt":"2023-10-14T07:09:13","guid":{"rendered":"https:\/\/audiohypnosis.online\/product\/yips-chipping\/"},"modified":"2023-10-14T09:09:13","modified_gmt":"2023-10-14T07:09:13","slug":"csip-csup","status":"publish","type":"product","link":"https:\/\/audiohypnosis.online\/hu\/termek\/csip-csup\/","title":{"rendered":"Yips (Chipping)"},"content":{"rendered":"<p>K\u00fczd a yips-szel golfoz\u00e1s k\u00f6zben?<br \/>\nAudio hipn\u00f3zis MP3-ink a k\u00e9szs\u00e9g \u00e9s a koncentr\u00e1ci\u00f3 jav\u00edt\u00e1s\u00e1ra \u00f6sszpontos\u00edtanak.<br \/>\nA legjobb eredm\u00e9nyek \u00e9rdek\u00e9ben 6 hangf\u00e1jlt \u00e9s egy k\u00e9zik\u00f6nyvet kap.  <\/p>\n","protected":false},"excerpt":{"rendered":"<p>K\u00fcszk\u00f6dsz a cs\u00edp\u0151ss\u00e9ggel a chippingben?<\/p>\n","protected":false},"featured_media":160647,"comment_status":"closed","ping_status":"closed","template":"","meta":[],"language":[3141],"product_cat":[3212],"product_tag":[3220,3218,3219,3216,3214],"class_list":{"0":"post-152276","1":"product","2":"type-product","3":"status-publish","4":"has-post-thumbnail","6":"language-holland","7":"product_cat-sport-es-jatekok","8":"product_tag-chipping-hu","9":"product_tag-golf-hu","10":"product_tag-kepesseg","11":"product_tag-sport-hu","12":"product_tag-szabadido","13":"pa_languages-holland","15":"entry","16":"has-media","18":"first","19":"instock","20":"purchasable","21":"product-type-variable","22":"has-product-nav","23":"col","24":"span_1_of_4","25":"owp-content-center","26":"owp-thumbs-layout-horizontal","27":"owp-btn-big","28":"owp-tabs-layout-vertical","29":"has-no-thumbnails"},"acf":[],"aioseo_notices":[],"_links":{"self":[{"href":"https:\/\/audiohypnosis.online\/hu\/wp-json\/wp\/v2\/product\/152276","targetHints":{"allow":["GET"]}}],"collection":[{"href":"https:\/\/audiohypnosis.online\/hu\/wp-json\/wp\/v2\/product"}],"about":[{"href":"https:\/\/audiohypnosis.online\/hu\/wp-json\/wp\/v2\/types\/product"}],"replies":[{"embeddable":true,"href":"https:\/\/audiohypnosis.online\/hu\/wp-json\/wp\/v2\/comments?post=152276"}],"version-history":[{"count":0,"href":"https:\/\/audiohypnosis.online\/hu\/wp-json\/wp\/v2\/product\/152276\/revisions"}],"wp:featuredmedia":[{"embeddable":true,"href":"https:\/\/audiohypnosis.online\/hu\/wp-json\/wp\/v2\/media\/160647"}],"wp:attachment":[{"href":"https:\/\/audiohypnosis.online\/hu\/wp-json\/wp\/v2\/media?parent=152276"}],"wp:term":[{"taxonomy":"language","embeddable":true,"href":"https:\/\/audiohypnosis.online\/hu\/wp-json\/wp\/v2\/language?post=152276"},{"taxonomy":"product_cat","embeddable":true,"href":"https:\/\/audiohypnosis.online\/hu\/wp-json\/wp\/v2\/product_cat?post=152276"},{"taxonomy":"product_tag","embeddable":true,"href":"https:\/\/audiohypnosis.online\/hu\/wp-json\/wp\/v2\/product_tag?post=152276"}],"curies":[{"name":"wp","href":"https:\/\/api.w.org\/{rel}","templated":true}]}}