{"id":152275,"date":"2023-10-14T09:09:13","date_gmt":"2023-10-14T07:09:13","guid":{"rendered":"https:\/\/audiohypnosis.online\/product\/fogcsikorgatas\/"},"modified":"2023-10-14T09:09:13","modified_gmt":"2023-10-14T07:09:13","slug":"fogcsiszolo","status":"publish","type":"product","link":"https:\/\/audiohypnosis.online\/hu\/termek\/fogcsiszolo\/","title":{"rendered":"Fogcsikorgat\u00e1s"},"content":{"rendered":"<p>K\u00fczd a fogcsikorgat\u00e1ssal?<br \/>\nHanghipn\u00f3zisos foglalkoz\u00e1saink arra \u00f6sszpontos\u00edtanak, hogy seg\u00edtsenek \u00d6nnek kezelni ezt a szok\u00e1st.<br \/>\nHozz\u00e1f\u00e9r\u00e9st kap 6 let\u00f6lthet\u0151 hangf\u00e1jlhoz \u00e9s egy k\u00e9zik\u00f6nyvh\u00f6z a legjobb gyakorlatokhoz.  <\/p>\n","protected":false},"excerpt":{"rendered":"<p>K\u00fczd a fogcsikorgat\u00e1ssal?<\/p>\n","protected":false},"featured_media":152277,"comment_status":"closed","ping_status":"closed","template":"","meta":[],"language":[3142,3141,3164],"product_cat":[3159],"product_tag":[3217,3215,3502,3213,3152],"class_list":{"0":"post-152275","1":"product","2":"type-product","3":"status-publish","4":"has-post-thumbnail","6":"language-francia","7":"language-holland","8":"language-portugal-brazilia","9":"product_cat-egeszseg-es-jolet","10":"product_tag-alvas","11":"product_tag-dentalcare-hu","12":"product_tag-helse-hu","13":"product_tag-onkontroll","14":"product_tag-stressz","15":"pa_languages-francia","16":"pa_languages-holland","17":"pa_languages-portugal-brazilia","19":"entry","20":"has-media","22":"first","23":"instock","24":"purchasable","25":"product-type-variable","26":"has-product-nav","27":"col","28":"span_1_of_4","29":"owp-content-center","30":"owp-thumbs-layout-horizontal","31":"owp-btn-big","32":"owp-tabs-layout-vertical","33":"has-no-thumbnails"},"acf":[],"aioseo_notices":[],"_links":{"self":[{"href":"https:\/\/audiohypnosis.online\/hu\/wp-json\/wp\/v2\/product\/152275","targetHints":{"allow":["GET"]}}],"collection":[{"href":"https:\/\/audiohypnosis.online\/hu\/wp-json\/wp\/v2\/product"}],"about":[{"href":"https:\/\/audiohypnosis.online\/hu\/wp-json\/wp\/v2\/types\/product"}],"replies":[{"embeddable":true,"href":"https:\/\/audiohypnosis.online\/hu\/wp-json\/wp\/v2\/comments?post=152275"}],"version-history":[{"count":0,"href":"https:\/\/audiohypnosis.online\/hu\/wp-json\/wp\/v2\/product\/152275\/revisions"}],"wp:featuredmedia":[{"embeddable":true,"href":"https:\/\/audiohypnosis.online\/hu\/wp-json\/wp\/v2\/media\/152277"}],"wp:attachment":[{"href":"https:\/\/audiohypnosis.online\/hu\/wp-json\/wp\/v2\/media?parent=152275"}],"wp:term":[{"taxonomy":"language","embeddable":true,"href":"https:\/\/audiohypnosis.online\/hu\/wp-json\/wp\/v2\/language?post=152275"},{"taxonomy":"product_cat","embeddable":true,"href":"https:\/\/audiohypnosis.online\/hu\/wp-json\/wp\/v2\/product_cat?post=152275"},{"taxonomy":"product_tag","embeddable":true,"href":"https:\/\/audiohypnosis.online\/hu\/wp-json\/wp\/v2\/product_tag?post=152275"}],"curies":[{"name":"wp","href":"https:\/\/api.w.org\/{rel}","templated":true}]}}