{"id":152257,"date":"2023-10-14T09:09:13","date_gmt":"2023-10-14T07:09:13","guid":{"rendered":"https:\/\/audiohypnosis.online\/product\/felelem-a-repulestol\/"},"modified":"2023-10-14T09:09:13","modified_gmt":"2023-10-14T07:09:13","slug":"repulestol-valo-felelem","status":"publish","type":"product","link":"https:\/\/audiohypnosis.online\/hu\/termek\/repulestol-valo-felelem\/","title":{"rendered":"F\u00e9lelem a rep\u00fcl\u00e9st\u0151l"},"content":{"rendered":"<p>F\u00e9l a rep\u00fcl\u00e9st\u0151l?<br \/>\nHanghipn\u00f3zisos foglalkoz\u00e1sainkat \u00fagy tervezt\u00fck, hogy seg\u00edtsenek lek\u00fczdeni ezt a f\u00e9lelmet.<br \/>\nA csomag 6 k\u00fcl\u00f6nb\u00f6z\u0151 audio MP3-at \u00e9s egy k\u00e9zik\u00f6nyvet tartalmaz a hat\u00e9kony gyakorlatokhoz.  <\/p>\n","protected":false},"excerpt":{"rendered":"<p>F\u00e9l a rep\u00fcl\u00e9st\u0151l?<\/p>\n","protected":false},"featured_media":152259,"comment_status":"closed","ping_status":"closed","template":"","meta":[],"language":[3141,3143,3148],"product_cat":[3149],"product_tag":[3153,3206,3208,3155,3211],"class_list":{"0":"post-152257","1":"product","2":"type-product","3":"status-publish","4":"has-post-thumbnail","6":"language-holland","7":"language-nemet","8":"language-szerb","9":"product_cat-felelmek-es-fobiak","10":"product_tag-felelem","11":"product_tag-fobia-hu","12":"product_tag-repulo","13":"product_tag-szorongas","14":"product_tag-utazas","15":"pa_languages-holland","16":"pa_languages-nemet","17":"pa_languages-szerb","19":"entry","20":"has-media","22":"first","23":"instock","24":"purchasable","25":"product-type-variable","26":"has-product-nav","27":"col","28":"span_1_of_4","29":"owp-content-center","30":"owp-thumbs-layout-horizontal","31":"owp-btn-big","32":"owp-tabs-layout-vertical","33":"has-no-thumbnails"},"acf":[],"aioseo_notices":[],"_links":{"self":[{"href":"https:\/\/audiohypnosis.online\/hu\/wp-json\/wp\/v2\/product\/152257","targetHints":{"allow":["GET"]}}],"collection":[{"href":"https:\/\/audiohypnosis.online\/hu\/wp-json\/wp\/v2\/product"}],"about":[{"href":"https:\/\/audiohypnosis.online\/hu\/wp-json\/wp\/v2\/types\/product"}],"replies":[{"embeddable":true,"href":"https:\/\/audiohypnosis.online\/hu\/wp-json\/wp\/v2\/comments?post=152257"}],"version-history":[{"count":0,"href":"https:\/\/audiohypnosis.online\/hu\/wp-json\/wp\/v2\/product\/152257\/revisions"}],"wp:featuredmedia":[{"embeddable":true,"href":"https:\/\/audiohypnosis.online\/hu\/wp-json\/wp\/v2\/media\/152259"}],"wp:attachment":[{"href":"https:\/\/audiohypnosis.online\/hu\/wp-json\/wp\/v2\/media?parent=152257"}],"wp:term":[{"taxonomy":"language","embeddable":true,"href":"https:\/\/audiohypnosis.online\/hu\/wp-json\/wp\/v2\/language?post=152257"},{"taxonomy":"product_cat","embeddable":true,"href":"https:\/\/audiohypnosis.online\/hu\/wp-json\/wp\/v2\/product_cat?post=152257"},{"taxonomy":"product_tag","embeddable":true,"href":"https:\/\/audiohypnosis.online\/hu\/wp-json\/wp\/v2\/product_tag?post=152257"}],"curies":[{"name":"wp","href":"https:\/\/api.w.org\/{rel}","templated":true}]}}