{"id":152256,"date":"2023-10-14T09:09:13","date_gmt":"2023-10-14T07:09:13","guid":{"rendered":"https:\/\/audiohypnosis.online\/product\/dadogas\/"},"modified":"2023-10-14T09:09:13","modified_gmt":"2023-10-14T07:09:13","slug":"dadogas","status":"publish","type":"product","link":"https:\/\/audiohypnosis.online\/hu\/termek\/dadogas\/","title":{"rendered":"Dadog\u00e1s"},"content":{"rendered":"<p>A dadog\u00e1s kezel\u00e9s\u00e9t keresi?<br \/>\nAudi\u00f3 hipn\u00f3zis MP3-ink seg\u00edthetnek abban, hogy jobban kontroll\u00e1lni tudja besz\u00e9d\u00e9t.<br \/>\nA csomag 6 hangf\u00e1jlt \u00e9s egy k\u00e9zik\u00f6nyvet tartalmaz a hat\u00e9kony gyakorlatokhoz.  <\/p>\n","protected":false},"excerpt":{"rendered":"<p>Szeretn\u00e9 kontroll\u00e1lni a dadog\u00e1s\u00e1t?<\/p>\n","protected":false},"featured_media":152258,"comment_status":"closed","ping_status":"closed","template":"","meta":[],"language":[3142,3141,3143,3157,3147,3148],"product_cat":[3159],"product_tag":[3205,3204,3209,3207,3210],"class_list":{"0":"post-152256","1":"product","2":"type-product","3":"status-publish","4":"has-post-thumbnail","6":"language-francia","7":"language-holland","8":"language-nemet","9":"language-olasz","10":"language-spanyol","11":"language-szerb","12":"product_cat-egeszseg-es-jolet","13":"product_tag--hu","18":"pa_languages-francia","19":"pa_languages-holland","20":"pa_languages-magyar","21":"pa_languages-olasz","22":"pa_languages-spanyol","23":"pa_languages-szerb","24":"pa_languages-ukran","26":"entry","27":"has-media","29":"first","30":"instock","31":"purchasable","32":"product-type-variable","33":"has-product-nav","34":"col","35":"span_1_of_4","36":"owp-content-center","37":"owp-thumbs-layout-horizontal","38":"owp-btn-big","39":"owp-tabs-layout-vertical","40":"has-no-thumbnails"},"acf":[],"aioseo_notices":[],"_links":{"self":[{"href":"https:\/\/audiohypnosis.online\/hu\/wp-json\/wp\/v2\/product\/152256","targetHints":{"allow":["GET"]}}],"collection":[{"href":"https:\/\/audiohypnosis.online\/hu\/wp-json\/wp\/v2\/product"}],"about":[{"href":"https:\/\/audiohypnosis.online\/hu\/wp-json\/wp\/v2\/types\/product"}],"replies":[{"embeddable":true,"href":"https:\/\/audiohypnosis.online\/hu\/wp-json\/wp\/v2\/comments?post=152256"}],"version-history":[{"count":0,"href":"https:\/\/audiohypnosis.online\/hu\/wp-json\/wp\/v2\/product\/152256\/revisions"}],"wp:featuredmedia":[{"embeddable":true,"href":"https:\/\/audiohypnosis.online\/hu\/wp-json\/wp\/v2\/media\/152258"}],"wp:attachment":[{"href":"https:\/\/audiohypnosis.online\/hu\/wp-json\/wp\/v2\/media?parent=152256"}],"wp:term":[{"taxonomy":"language","embeddable":true,"href":"https:\/\/audiohypnosis.online\/hu\/wp-json\/wp\/v2\/language?post=152256"},{"taxonomy":"product_cat","embeddable":true,"href":"https:\/\/audiohypnosis.online\/hu\/wp-json\/wp\/v2\/product_cat?post=152256"},{"taxonomy":"product_tag","embeddable":true,"href":"https:\/\/audiohypnosis.online\/hu\/wp-json\/wp\/v2\/product_tag?post=152256"}],"curies":[{"name":"wp","href":"https:\/\/api.w.org\/{rel}","templated":true}]}}