{"id":152233,"date":"2023-10-14T09:09:13","date_gmt":"2023-10-14T07:09:13","guid":{"rendered":"https:\/\/audiohypnosis.online\/product\/fogyas\/"},"modified":"2023-10-14T09:09:13","modified_gmt":"2023-10-14T07:09:13","slug":"sulycsokkento","status":"publish","type":"product","link":"https:\/\/audiohypnosis.online\/hu\/termek\/sulycsokkento\/","title":{"rendered":"Fogy\u00e1s"},"content":{"rendered":"<p>Fogyni szeretne?<br \/>\nHangos hipn\u00f3zis foglalkoz\u00e1saink az eg\u00e9szs\u00e9gesebb \u00e9tkez\u00e9si \u00e9s edz\u00e9si szok\u00e1sok fel\u00e9 terelik \u00d6nt.<br \/>\nHozz\u00e1f\u00e9r\u00e9st kap 6 let\u00f6lthet\u0151 hangf\u00e1jlhoz \u00e9s egy k\u00e9zik\u00f6nyvh\u00f6z a legjobb gyakorlatokhoz.  <\/p>\n","protected":false},"excerpt":{"rendered":"<p>Szeretne leadni n\u00e9h\u00e1ny kil\u00f3t?<\/p>\n","protected":false},"featured_media":152235,"comment_status":"closed","ping_status":"closed","template":"","meta":[],"language":[3142,3141,3143,3157,3164,3147,3148],"product_cat":[3198],"product_tag":[3201,3199,3203,3160],"class_list":{"0":"post-152233","1":"product","2":"type-product","3":"status-publish","4":"has-post-thumbnail","6":"language-francia","7":"language-holland","8":"language-nemet","9":"language-olasz","10":"language-portugal-brazilia","11":"language-spanyol","12":"language-szerb","13":"product_cat-suly","14":"product_tag-cwiczenia-hu","15":"product_tag-dieta-hu","16":"product_tag-odchudzanie-hu","17":"product_tag-zdrowie-hu","18":"pa_languages-francia","19":"pa_languages-holland","20":"pa_languages-magyar","21":"pa_languages-nemet","22":"pa_languages-olasz","23":"pa_languages-portugal-brazilia","24":"pa_languages-spanyol","25":"pa_languages-szerb","26":"pa_languages-ukran","28":"entry","29":"has-media","31":"first","32":"instock","33":"purchasable","34":"product-type-variable","35":"has-product-nav","36":"col","37":"span_1_of_4","38":"owp-content-center","39":"owp-thumbs-layout-horizontal","40":"owp-btn-big","41":"owp-tabs-layout-vertical","42":"has-no-thumbnails"},"acf":[],"aioseo_notices":[],"_links":{"self":[{"href":"https:\/\/audiohypnosis.online\/hu\/wp-json\/wp\/v2\/product\/152233","targetHints":{"allow":["GET"]}}],"collection":[{"href":"https:\/\/audiohypnosis.online\/hu\/wp-json\/wp\/v2\/product"}],"about":[{"href":"https:\/\/audiohypnosis.online\/hu\/wp-json\/wp\/v2\/types\/product"}],"replies":[{"embeddable":true,"href":"https:\/\/audiohypnosis.online\/hu\/wp-json\/wp\/v2\/comments?post=152233"}],"version-history":[{"count":0,"href":"https:\/\/audiohypnosis.online\/hu\/wp-json\/wp\/v2\/product\/152233\/revisions"}],"wp:featuredmedia":[{"embeddable":true,"href":"https:\/\/audiohypnosis.online\/hu\/wp-json\/wp\/v2\/media\/152235"}],"wp:attachment":[{"href":"https:\/\/audiohypnosis.online\/hu\/wp-json\/wp\/v2\/media?parent=152233"}],"wp:term":[{"taxonomy":"language","embeddable":true,"href":"https:\/\/audiohypnosis.online\/hu\/wp-json\/wp\/v2\/language?post=152233"},{"taxonomy":"product_cat","embeddable":true,"href":"https:\/\/audiohypnosis.online\/hu\/wp-json\/wp\/v2\/product_cat?post=152233"},{"taxonomy":"product_tag","embeddable":true,"href":"https:\/\/audiohypnosis.online\/hu\/wp-json\/wp\/v2\/product_tag?post=152233"}],"curies":[{"name":"wp","href":"https:\/\/api.w.org\/{rel}","templated":true}]}}