{"id":152232,"date":"2023-10-14T09:09:13","date_gmt":"2023-10-14T07:09:13","guid":{"rendered":"https:\/\/audiohypnosis.online\/product\/nyilvanos-beszed\/"},"modified":"2023-10-14T09:09:13","modified_gmt":"2023-10-14T07:09:13","slug":"nyilvanos-beszed","status":"publish","type":"product","link":"https:\/\/audiohypnosis.online\/hu\/termek\/nyilvanos-beszed\/","title":{"rendered":"Nyilv\u00e1nos besz\u00e9d"},"content":{"rendered":"<p>Szeretn\u00e9 fejleszteni a nyilv\u00e1nos besz\u00e9dk\u00e9szs\u00e9g\u00e9t?<br \/>\nHanghipn\u00f3zisos foglalkoz\u00e1saink az \u00f6nbizalmad \u00e9s kommunik\u00e1ci\u00f3s k\u00e9szs\u00e9geid n\u00f6vel\u00e9s\u00e9re \u00f6sszpontos\u00edtanak.<br \/>\nA legjobb eredm\u00e9nyek \u00e9rdek\u00e9ben 6 hangf\u00e1jlt \u00e9s egy k\u00e9zik\u00f6nyvet kap.  <\/p>\n","protected":false},"excerpt":{"rendered":"<p>F\u00e9l a nyilv\u00e1nos besz\u00e9dt\u0151l?<\/p>\n","protected":false},"featured_media":152234,"comment_status":"closed","ping_status":"closed","template":"","meta":[],"language":[3142,3141,3143,3157,3164,3147,3148],"product_cat":[3144],"product_tag":[3195,3196,3200,3202,3197],"class_list":{"0":"post-152232","1":"product","2":"type-product","3":"status-publish","4":"has-post-thumbnail","6":"language-francia","7":"language-holland","8":"language-nemet","9":"language-olasz","10":"language-portugal-brazilia","11":"language-spanyol","12":"language-szerb","13":"product_cat-onfejlesztes","14":"product_tag-komunikacja-hu","15":"product_tag-pewnosc-siebie-hu","16":"product_tag-samodoskonalenie-hu","17":"product_tag-umiejetnosc-hu","18":"product_tag-wystapienia-publiczne-hu","19":"pa_languages-francia","20":"pa_languages-holland","21":"pa_languages-magyar","22":"pa_languages-nemet","23":"pa_languages-olasz","24":"pa_languages-portugal-brazilia","25":"pa_languages-spanyol","26":"pa_languages-szerb","27":"pa_languages-ukran","29":"entry","30":"has-media","32":"first","33":"instock","34":"purchasable","35":"product-type-variable","36":"has-product-nav","37":"col","38":"span_1_of_4","39":"owp-content-center","40":"owp-thumbs-layout-horizontal","41":"owp-btn-big","42":"owp-tabs-layout-vertical","43":"has-no-thumbnails"},"acf":[],"aioseo_notices":[],"_links":{"self":[{"href":"https:\/\/audiohypnosis.online\/hu\/wp-json\/wp\/v2\/product\/152232","targetHints":{"allow":["GET"]}}],"collection":[{"href":"https:\/\/audiohypnosis.online\/hu\/wp-json\/wp\/v2\/product"}],"about":[{"href":"https:\/\/audiohypnosis.online\/hu\/wp-json\/wp\/v2\/types\/product"}],"replies":[{"embeddable":true,"href":"https:\/\/audiohypnosis.online\/hu\/wp-json\/wp\/v2\/comments?post=152232"}],"version-history":[{"count":0,"href":"https:\/\/audiohypnosis.online\/hu\/wp-json\/wp\/v2\/product\/152232\/revisions"}],"wp:featuredmedia":[{"embeddable":true,"href":"https:\/\/audiohypnosis.online\/hu\/wp-json\/wp\/v2\/media\/152234"}],"wp:attachment":[{"href":"https:\/\/audiohypnosis.online\/hu\/wp-json\/wp\/v2\/media?parent=152232"}],"wp:term":[{"taxonomy":"language","embeddable":true,"href":"https:\/\/audiohypnosis.online\/hu\/wp-json\/wp\/v2\/language?post=152232"},{"taxonomy":"product_cat","embeddable":true,"href":"https:\/\/audiohypnosis.online\/hu\/wp-json\/wp\/v2\/product_cat?post=152232"},{"taxonomy":"product_tag","embeddable":true,"href":"https:\/\/audiohypnosis.online\/hu\/wp-json\/wp\/v2\/product_tag?post=152232"}],"curies":[{"name":"wp","href":"https:\/\/api.w.org\/{rel}","templated":true}]}}