{"id":152192,"date":"2023-10-14T09:09:13","date_gmt":"2023-10-14T07:09:13","guid":{"rendered":"https:\/\/audiohypnosis.online\/product\/gyaszolo\/"},"modified":"2023-10-14T09:09:13","modified_gmt":"2023-10-14T07:09:13","slug":"gyaszolo","status":"publish","type":"product","link":"https:\/\/audiohypnosis.online\/hu\/termek\/gyaszolo\/","title":{"rendered":"Gy\u00e1szol\u00f3"},"content":{"rendered":"<p>Gy\u00e1szolsz egy vesztes\u00e9get?<br \/>\nHanghipn\u00f3zisos foglalkoz\u00e1saink \u00e9rzelmi t\u00e1mogat\u00e1st \u00e9s gy\u00f3gyul\u00e1st ny\u00fajtanak.<br \/>\nA csomag 6 k\u00fcl\u00f6nb\u00f6z\u0151 audio MP3-at \u00e9s egy k\u00e9zik\u00f6nyvet tartalmaz a hat\u00e9kony gyakorlatokhoz.  <\/p>\n","protected":false},"excerpt":{"rendered":"<p>K\u00fczd a gy\u00e1szfolyamatokkal?<\/p>\n","protected":false},"featured_media":152202,"comment_status":"closed","ping_status":"closed","template":"","meta":[],"language":[3142,3141],"product_cat":[3154],"product_tag":[3151,3187,3185,3189,3188],"class_list":{"0":"post-152192","1":"product","2":"type-product","3":"status-publish","4":"has-post-thumbnail","6":"language-francia","7":"language-holland","8":"product_cat-erzelmi-jolet","9":"product_tag-emotionalwellness-hu","10":"product_tag-gyaszolo","11":"product_tag-gyogyito","12":"product_tag-tamogatas","13":"product_tag-veszteseg","14":"pa_languages-francia","15":"pa_languages-holland","17":"entry","18":"has-media","20":"first","21":"instock","22":"purchasable","23":"product-type-variable","24":"has-product-nav","25":"col","26":"span_1_of_4","27":"owp-content-center","28":"owp-thumbs-layout-horizontal","29":"owp-btn-big","30":"owp-tabs-layout-vertical","31":"has-no-thumbnails"},"acf":[],"aioseo_notices":[],"_links":{"self":[{"href":"https:\/\/audiohypnosis.online\/hu\/wp-json\/wp\/v2\/product\/152192","targetHints":{"allow":["GET"]}}],"collection":[{"href":"https:\/\/audiohypnosis.online\/hu\/wp-json\/wp\/v2\/product"}],"about":[{"href":"https:\/\/audiohypnosis.online\/hu\/wp-json\/wp\/v2\/types\/product"}],"replies":[{"embeddable":true,"href":"https:\/\/audiohypnosis.online\/hu\/wp-json\/wp\/v2\/comments?post=152192"}],"version-history":[{"count":0,"href":"https:\/\/audiohypnosis.online\/hu\/wp-json\/wp\/v2\/product\/152192\/revisions"}],"wp:featuredmedia":[{"embeddable":true,"href":"https:\/\/audiohypnosis.online\/hu\/wp-json\/wp\/v2\/media\/152202"}],"wp:attachment":[{"href":"https:\/\/audiohypnosis.online\/hu\/wp-json\/wp\/v2\/media?parent=152192"}],"wp:term":[{"taxonomy":"language","embeddable":true,"href":"https:\/\/audiohypnosis.online\/hu\/wp-json\/wp\/v2\/language?post=152192"},{"taxonomy":"product_cat","embeddable":true,"href":"https:\/\/audiohypnosis.online\/hu\/wp-json\/wp\/v2\/product_cat?post=152192"},{"taxonomy":"product_tag","embeddable":true,"href":"https:\/\/audiohypnosis.online\/hu\/wp-json\/wp\/v2\/product_tag?post=152192"}],"curies":[{"name":"wp","href":"https:\/\/api.w.org\/{rel}","templated":true}]}}