{"id":152191,"date":"2023-10-14T09:09:13","date_gmt":"2023-10-14T07:09:13","guid":{"rendered":"https:\/\/audiohypnosis.online\/product\/tinnitus\/"},"modified":"2023-10-14T09:09:13","modified_gmt":"2023-10-14T07:09:13","slug":"tinnitus","status":"publish","type":"product","link":"https:\/\/audiohypnosis.online\/hu\/termek\/tinnitus\/","title":{"rendered":"Tinnitus"},"content":{"rendered":"<p>\u00c1lland\u00f3 f\u00fclcseng\u00e9s zavarja?<br \/>\nAudio hipn\u00f3zis MP3-ink a megk\u00f6nnyebb\u00fcl\u00e9sre \u00e9s a j\u00f3 k\u00f6z\u00e9rzetre \u00f6sszpontos\u00edtanak.<br \/>\nA csomag 6 k\u00fcl\u00f6nb\u00f6z\u0151 hangf\u00e1jlt \u00e9s egy k\u00e9zik\u00f6nyvet tartalmaz, amelyek egy csendesebb \u00e9let fel\u00e9 vezetik \u00d6nt.  <\/p>\n","protected":false},"excerpt":{"rendered":"<p>Sz\u00fcks\u00e9ge van a f\u00fclz\u00fag\u00e1s enyh\u00edt\u00e9s\u00e9re?<\/p>\n","protected":false},"featured_media":152193,"comment_status":"closed","ping_status":"closed","template":"","meta":[],"language":[3142,3141,3157],"product_cat":[3159],"product_tag":[3184,3186,3502,3166,3175],"class_list":{"0":"post-152191","1":"product","2":"type-product","3":"status-publish","4":"has-post-thumbnail","6":"language-francia","7":"language-holland","8":"language-olasz","9":"product_cat-egeszseg-es-jolet","10":"product_tag-ful","11":"product_tag-hang","12":"product_tag-helse-hu","13":"product_tag-relief-hu","14":"product_tag-wellness-hu","15":"pa_languages-francia","16":"pa_languages-holland","17":"pa_languages-olasz","19":"entry","20":"has-media","22":"first","23":"instock","24":"purchasable","25":"product-type-variable","26":"has-product-nav","27":"col","28":"span_1_of_4","29":"owp-content-center","30":"owp-thumbs-layout-horizontal","31":"owp-btn-big","32":"owp-tabs-layout-vertical","33":"has-no-thumbnails"},"acf":[],"aioseo_notices":[],"_links":{"self":[{"href":"https:\/\/audiohypnosis.online\/hu\/wp-json\/wp\/v2\/product\/152191","targetHints":{"allow":["GET"]}}],"collection":[{"href":"https:\/\/audiohypnosis.online\/hu\/wp-json\/wp\/v2\/product"}],"about":[{"href":"https:\/\/audiohypnosis.online\/hu\/wp-json\/wp\/v2\/types\/product"}],"replies":[{"embeddable":true,"href":"https:\/\/audiohypnosis.online\/hu\/wp-json\/wp\/v2\/comments?post=152191"}],"version-history":[{"count":0,"href":"https:\/\/audiohypnosis.online\/hu\/wp-json\/wp\/v2\/product\/152191\/revisions"}],"wp:featuredmedia":[{"embeddable":true,"href":"https:\/\/audiohypnosis.online\/hu\/wp-json\/wp\/v2\/media\/152193"}],"wp:attachment":[{"href":"https:\/\/audiohypnosis.online\/hu\/wp-json\/wp\/v2\/media?parent=152191"}],"wp:term":[{"taxonomy":"language","embeddable":true,"href":"https:\/\/audiohypnosis.online\/hu\/wp-json\/wp\/v2\/language?post=152191"},{"taxonomy":"product_cat","embeddable":true,"href":"https:\/\/audiohypnosis.online\/hu\/wp-json\/wp\/v2\/product_cat?post=152191"},{"taxonomy":"product_tag","embeddable":true,"href":"https:\/\/audiohypnosis.online\/hu\/wp-json\/wp\/v2\/product_tag?post=152191"}],"curies":[{"name":"wp","href":"https:\/\/api.w.org\/{rel}","templated":true}]}}