{"id":152181,"date":"2023-10-14T09:09:13","date_gmt":"2023-10-14T07:09:13","guid":{"rendered":"https:\/\/audiohypnosis.online\/product\/vezetesi-teszt-stressz\/"},"modified":"2023-10-14T09:09:13","modified_gmt":"2023-10-14T07:09:13","slug":"vezetesi-teszt-stressz","status":"publish","type":"product","link":"https:\/\/audiohypnosis.online\/hu\/termek\/vezetesi-teszt-stressz\/","title":{"rendered":"Vezet\u00e9si teszt stressz"},"content":{"rendered":"<p>Ideges vagy a k\u00f6zelg\u0151 vezet\u0151i vizsg\u00e1d miatt?<br \/>\nHanghipn\u00f3zisos foglalkoz\u00e1sainkat \u00fagy tervezt\u00fck, hogy enyh\u00edts\u00e9k a stresszt \u00e9s jav\u00edts\u00e1k az \u00f6sszpontos\u00edt\u00e1st.<br \/>\nA legjobb eredm\u00e9nyek \u00e9rdek\u00e9ben 6 let\u00f6lthet\u0151 hangf\u00e1jlt \u00e9s egy k\u00e9zik\u00f6nyvet kap.  <\/p>\n","protected":false},"excerpt":{"rendered":"<p>Ideges vagy a vezet\u0151i vizsg\u00e1d miatt?<\/p>\n","protected":false},"featured_media":152183,"comment_status":"closed","ping_status":"closed","template":"","meta":[],"language":[3142,3141,3143,3164],"product_cat":[3144],"product_tag":[3183,3151,3165,3152,3155],"class_list":{"0":"post-152181","1":"product","2":"type-product","3":"status-publish","4":"has-post-thumbnail","6":"language-francia","7":"language-holland","8":"language-nemet","9":"language-portugal-brazilia","10":"product_cat-onfejlesztes","11":"product_tag-drivingtest-hu","12":"product_tag-emotionalwellness-hu","13":"product_tag-fokusz","14":"product_tag-stressz","15":"product_tag-szorongas","16":"pa_languages-francia","17":"pa_languages-holland","18":"pa_languages-nemet","19":"pa_languages-portugal-brazilia","20":"pa_languages-ukran","22":"entry","23":"has-media","25":"first","26":"instock","27":"purchasable","28":"product-type-variable","29":"has-product-nav","30":"col","31":"span_1_of_4","32":"owp-content-center","33":"owp-thumbs-layout-horizontal","34":"owp-btn-big","35":"owp-tabs-layout-vertical","36":"has-no-thumbnails"},"acf":[],"aioseo_notices":[],"_links":{"self":[{"href":"https:\/\/audiohypnosis.online\/hu\/wp-json\/wp\/v2\/product\/152181","targetHints":{"allow":["GET"]}}],"collection":[{"href":"https:\/\/audiohypnosis.online\/hu\/wp-json\/wp\/v2\/product"}],"about":[{"href":"https:\/\/audiohypnosis.online\/hu\/wp-json\/wp\/v2\/types\/product"}],"replies":[{"embeddable":true,"href":"https:\/\/audiohypnosis.online\/hu\/wp-json\/wp\/v2\/comments?post=152181"}],"version-history":[{"count":0,"href":"https:\/\/audiohypnosis.online\/hu\/wp-json\/wp\/v2\/product\/152181\/revisions"}],"wp:featuredmedia":[{"embeddable":true,"href":"https:\/\/audiohypnosis.online\/hu\/wp-json\/wp\/v2\/media\/152183"}],"wp:attachment":[{"href":"https:\/\/audiohypnosis.online\/hu\/wp-json\/wp\/v2\/media?parent=152181"}],"wp:term":[{"taxonomy":"language","embeddable":true,"href":"https:\/\/audiohypnosis.online\/hu\/wp-json\/wp\/v2\/language?post=152181"},{"taxonomy":"product_cat","embeddable":true,"href":"https:\/\/audiohypnosis.online\/hu\/wp-json\/wp\/v2\/product_cat?post=152181"},{"taxonomy":"product_tag","embeddable":true,"href":"https:\/\/audiohypnosis.online\/hu\/wp-json\/wp\/v2\/product_tag?post=152181"}],"curies":[{"name":"wp","href":"https:\/\/api.w.org\/{rel}","templated":true}]}}