{"id":152095,"date":"2024-01-23T10:21:39","date_gmt":"2024-01-23T09:21:39","guid":{"rendered":"https:\/\/audiohypnosis.online\/product\/agorafobia\/"},"modified":"2024-01-28T10:49:39","modified_gmt":"2024-01-28T09:49:39","slug":"agorafobia","status":"publish","type":"product","link":"https:\/\/audiohypnosis.online\/hu\/termek\/agorafobia\/","title":{"rendered":"Agoraf\u00f3bia"},"content":{"rendered":"<p>Az agoraf\u00f3bia fojtogat\u00f3 szor\u00edt\u00e1s\u00e1ban tal\u00e1lja mag\u00e1t, \u00e9s egy l\u00e1thatatlan er\u0151 ellen k\u00fczd, amely korl\u00e1tozza a vil\u00e1ggal val\u00f3 kapcsolatteremt\u00e9s k\u00e9pess\u00e9g\u00e9t? Csomagunk 6 let\u00f6lthet\u0151 hangf\u00e1jlt tartalmaz, k\u00fcl\u00f6nb\u00f6z\u0151 v\u00e1ltozatokban, az \u00d6n ig\u00e9nyeinek megfelel\u0151en, valamint egy k\u00e9zik\u00f6nyvet a maxim\u00e1lis hat\u00e9konys\u00e1g \u00e9rdek\u00e9ben.<\/p>\n","protected":false},"excerpt":{"rendered":"<p>Az agoraf\u00f3bia elszigetel\u0151 \u00e9s szorongat\u00f3 \u00e1llapot lehet, amely befoly\u00e1solja a nyilv\u00e1nos terekben val\u00f3 t\u00e1j\u00e9koz\u00f3d\u00e1si k\u00e9pess\u00e9get \u00e9s akad\u00e1lyozza a t\u00e1rsas \u00e9rintkez\u00e9seket.<\/p>\n","protected":false},"featured_media":152110,"comment_status":"closed","ping_status":"closed","template":"","meta":[],"language":[3146,3142,3141,3143],"product_cat":[3149],"product_tag":[3177,3153,3170],"class_list":{"0":"post-152095","1":"product","2":"type-product","3":"status-publish","4":"has-post-thumbnail","6":"language-angol","7":"language-francia","8":"language-holland","9":"language-nemet","10":"product_cat-felelmek-es-fobiak","11":"product_tag-agorafobia-hu","12":"product_tag-felelem","13":"product_tag-fobiak","14":"pa_languages-angol","15":"pa_languages-francia","16":"pa_languages-holland","17":"pa_languages-magyar","18":"pa_languages-nemet","19":"pa_languages-ukran","21":"entry","22":"has-media","24":"first","25":"instock","26":"shipping-taxable","27":"purchasable","28":"product-type-variable","29":"has-product-nav","30":"col","31":"span_1_of_4","32":"owp-content-center","33":"owp-thumbs-layout-horizontal","34":"owp-btn-big","35":"owp-tabs-layout-vertical","36":"has-no-thumbnails"},"acf":[],"aioseo_notices":[],"_links":{"self":[{"href":"https:\/\/audiohypnosis.online\/hu\/wp-json\/wp\/v2\/product\/152095","targetHints":{"allow":["GET"]}}],"collection":[{"href":"https:\/\/audiohypnosis.online\/hu\/wp-json\/wp\/v2\/product"}],"about":[{"href":"https:\/\/audiohypnosis.online\/hu\/wp-json\/wp\/v2\/types\/product"}],"replies":[{"embeddable":true,"href":"https:\/\/audiohypnosis.online\/hu\/wp-json\/wp\/v2\/comments?post=152095"}],"version-history":[{"count":1,"href":"https:\/\/audiohypnosis.online\/hu\/wp-json\/wp\/v2\/product\/152095\/revisions"}],"predecessor-version":[{"id":152154,"href":"https:\/\/audiohypnosis.online\/hu\/wp-json\/wp\/v2\/product\/152095\/revisions\/152154"}],"wp:featuredmedia":[{"embeddable":true,"href":"https:\/\/audiohypnosis.online\/hu\/wp-json\/wp\/v2\/media\/152110"}],"wp:attachment":[{"href":"https:\/\/audiohypnosis.online\/hu\/wp-json\/wp\/v2\/media?parent=152095"}],"wp:term":[{"taxonomy":"language","embeddable":true,"href":"https:\/\/audiohypnosis.online\/hu\/wp-json\/wp\/v2\/language?post=152095"},{"taxonomy":"product_cat","embeddable":true,"href":"https:\/\/audiohypnosis.online\/hu\/wp-json\/wp\/v2\/product_cat?post=152095"},{"taxonomy":"product_tag","embeddable":true,"href":"https:\/\/audiohypnosis.online\/hu\/wp-json\/wp\/v2\/product_tag?post=152095"}],"curies":[{"name":"wp","href":"https:\/\/api.w.org\/{rel}","templated":true}]}}