{"id":152094,"date":"2023-10-30T13:36:04","date_gmt":"2023-10-30T12:36:04","guid":{"rendered":"https:\/\/audiohypnosis.online\/product\/az-immunrendszer-erositese\/"},"modified":"2024-01-28T10:49:45","modified_gmt":"2024-01-28T09:49:45","slug":"immunrendszer-erosito-2","status":"publish","type":"product","link":"https:\/\/audiohypnosis.online\/hu\/termek\/immunrendszer-erosito-2\/","title":{"rendered":"Az immunrendszer er\u0151s\u00edt\u00e9se"},"content":{"rendered":"<p>Er\u0151s\u00edteni szeretn\u00e9 az immunrendszer\u00e9t?<br \/>\nHangos hipn\u00f3zis MP3-ink az eg\u00e9szs\u00e9gesebb \u00e9letm\u00f3d fel\u00e9 terelhetik \u00d6nt.<br \/>\nHozz\u00e1f\u00e9r\u00e9st kapsz 6 let\u00f6lthet\u0151 hangf\u00e1jlhoz \u00e9s egy k\u00e9zik\u00f6nyvh\u00f6z a legjobb gyakorlatokhoz.  <\/p>\n","protected":false},"excerpt":{"rendered":"<p>Szeretn\u00e9 er\u0151s\u00edteni az immunrendszer\u00e9t?<\/p>\n","protected":false},"featured_media":152125,"comment_status":"closed","ping_status":"closed","template":"","meta":[],"language":[3146,3142,3141,3143,3157,3164,3147,3148],"product_cat":[3159],"product_tag":[3182,3502,3179,3162,3175],"class_list":{"0":"post-152094","1":"product","2":"type-product","3":"status-publish","4":"has-post-thumbnail","6":"language-angol","7":"language-francia","8":"language-holland","9":"language-nemet","10":"language-olasz","11":"language-portugal-brazilia","12":"language-spanyol","13":"language-szerb","14":"product_cat-egeszseg-es-jolet","15":"product_tag-boost-hu","16":"product_tag-helse-hu","17":"product_tag-immunesystem-hu","18":"product_tag-selfcare-hu","19":"product_tag-wellness-hu","20":"pa_languages-angol","21":"pa_languages-francia","22":"pa_languages-holland","23":"pa_languages-lengyel","24":"pa_languages-magyar","25":"pa_languages-nemet","26":"pa_languages-olasz","27":"pa_languages-portugal-brazilia","28":"pa_languages-spanyol","29":"pa_languages-szerb","30":"pa_languages-ukran","32":"entry","33":"has-media","35":"first","36":"instock","37":"shipping-taxable","38":"purchasable","39":"product-type-variable","40":"has-product-nav","41":"col","42":"span_1_of_4","43":"owp-content-center","44":"owp-thumbs-layout-horizontal","45":"owp-btn-big","46":"owp-tabs-layout-vertical","47":"has-no-thumbnails"},"acf":[],"aioseo_notices":[],"_links":{"self":[{"href":"https:\/\/audiohypnosis.online\/hu\/wp-json\/wp\/v2\/product\/152094","targetHints":{"allow":["GET"]}}],"collection":[{"href":"https:\/\/audiohypnosis.online\/hu\/wp-json\/wp\/v2\/product"}],"about":[{"href":"https:\/\/audiohypnosis.online\/hu\/wp-json\/wp\/v2\/types\/product"}],"replies":[{"embeddable":true,"href":"https:\/\/audiohypnosis.online\/hu\/wp-json\/wp\/v2\/comments?post=152094"}],"version-history":[{"count":1,"href":"https:\/\/audiohypnosis.online\/hu\/wp-json\/wp\/v2\/product\/152094\/revisions"}],"predecessor-version":[{"id":152165,"href":"https:\/\/audiohypnosis.online\/hu\/wp-json\/wp\/v2\/product\/152094\/revisions\/152165"}],"wp:featuredmedia":[{"embeddable":true,"href":"https:\/\/audiohypnosis.online\/hu\/wp-json\/wp\/v2\/media\/152125"}],"wp:attachment":[{"href":"https:\/\/audiohypnosis.online\/hu\/wp-json\/wp\/v2\/media?parent=152094"}],"wp:term":[{"taxonomy":"language","embeddable":true,"href":"https:\/\/audiohypnosis.online\/hu\/wp-json\/wp\/v2\/language?post=152094"},{"taxonomy":"product_cat","embeddable":true,"href":"https:\/\/audiohypnosis.online\/hu\/wp-json\/wp\/v2\/product_cat?post=152094"},{"taxonomy":"product_tag","embeddable":true,"href":"https:\/\/audiohypnosis.online\/hu\/wp-json\/wp\/v2\/product_tag?post=152094"}],"curies":[{"name":"wp","href":"https:\/\/api.w.org\/{rel}","templated":true}]}}