{"id":152093,"date":"2023-10-14T09:09:13","date_gmt":"2023-10-14T07:09:13","guid":{"rendered":"https:\/\/audiohypnosis.online\/product\/termelekenyseg\/"},"modified":"2024-01-28T10:49:50","modified_gmt":"2024-01-28T09:49:50","slug":"termelekenyseg","status":"publish","type":"product","link":"https:\/\/audiohypnosis.online\/hu\/termek\/termelekenyseg\/","title":{"rendered":"Termel\u00e9kenys\u00e9g"},"content":{"rendered":"<p>Sz\u00fcks\u00e9ge van a termel\u00e9kenys\u00e9g n\u00f6vel\u00e9s\u00e9re?<br \/>\nHangos hipn\u00f3zis MP3-ink seg\u00edthetnek abban, hogy \u00f6sszpontos\u00edtani tudj \u00e9s hat\u00e9konyabban v\u00e9gezd a feladataidat.<br \/>\nA csomag 6 k\u00fcl\u00f6nb\u00f6z\u0151 hangf\u00e1jlt \u00e9s egy k\u00e9zik\u00f6nyvet tartalmaz, amelyek a nagyobb termel\u00e9kenys\u00e9g fel\u00e9 vezetik \u00d6nt.  <\/p>\n","protected":false},"excerpt":{"rendered":"<p>Sz\u00fcks\u00e9ge van a termel\u00e9kenys\u00e9g n\u00f6vel\u00e9s\u00e9re?<\/p>\n","protected":false},"featured_media":152121,"comment_status":"closed","ping_status":"closed","template":"","meta":[],"language":[3146,3142,3141,3143,3164,3147,3148],"product_cat":[3144],"product_tag":[3165,3181,3176,3145,3171],"class_list":{"0":"post-152093","1":"product","2":"type-product","3":"status-publish","4":"has-post-thumbnail","6":"language-angol","7":"language-francia","8":"language-holland","9":"language-nemet","10":"language-portugal-brazilia","11":"language-spanyol","12":"language-szerb","13":"product_cat-onfejlesztes","14":"product_tag-fokusz","15":"product_tag-hatekonysag","16":"product_tag-munka","17":"product_tag-selfimprovement-hu","18":"product_tag-termelekenyseg","19":"pa_languages-angol","20":"pa_languages-francia","21":"pa_languages-holland","22":"pa_languages-nemet","23":"pa_languages-portugal-brazilia","24":"pa_languages-spanyol","25":"pa_languages-szerb","26":"pa_languages-ukran","28":"entry","29":"has-media","31":"first","32":"instock","33":"sale","34":"purchasable","35":"product-type-variable","36":"has-product-nav","37":"col","38":"span_1_of_4","39":"owp-content-center","40":"owp-thumbs-layout-horizontal","41":"owp-btn-big","42":"owp-tabs-layout-vertical","43":"has-no-thumbnails"},"acf":[],"aioseo_notices":[],"_links":{"self":[{"href":"https:\/\/audiohypnosis.online\/hu\/wp-json\/wp\/v2\/product\/152093","targetHints":{"allow":["GET"]}}],"collection":[{"href":"https:\/\/audiohypnosis.online\/hu\/wp-json\/wp\/v2\/product"}],"about":[{"href":"https:\/\/audiohypnosis.online\/hu\/wp-json\/wp\/v2\/types\/product"}],"replies":[{"embeddable":true,"href":"https:\/\/audiohypnosis.online\/hu\/wp-json\/wp\/v2\/comments?post=152093"}],"version-history":[{"count":1,"href":"https:\/\/audiohypnosis.online\/hu\/wp-json\/wp\/v2\/product\/152093\/revisions"}],"predecessor-version":[{"id":152170,"href":"https:\/\/audiohypnosis.online\/hu\/wp-json\/wp\/v2\/product\/152093\/revisions\/152170"}],"wp:featuredmedia":[{"embeddable":true,"href":"https:\/\/audiohypnosis.online\/hu\/wp-json\/wp\/v2\/media\/152121"}],"wp:attachment":[{"href":"https:\/\/audiohypnosis.online\/hu\/wp-json\/wp\/v2\/media?parent=152093"}],"wp:term":[{"taxonomy":"language","embeddable":true,"href":"https:\/\/audiohypnosis.online\/hu\/wp-json\/wp\/v2\/language?post=152093"},{"taxonomy":"product_cat","embeddable":true,"href":"https:\/\/audiohypnosis.online\/hu\/wp-json\/wp\/v2\/product_cat?post=152093"},{"taxonomy":"product_tag","embeddable":true,"href":"https:\/\/audiohypnosis.online\/hu\/wp-json\/wp\/v2\/product_tag?post=152093"}],"curies":[{"name":"wp","href":"https:\/\/api.w.org\/{rel}","templated":true}]}}