{"id":152092,"date":"2023-10-14T09:09:13","date_gmt":"2023-10-14T07:09:13","guid":{"rendered":"https:\/\/audiohypnosis.online\/product\/fajdalmas-idoszakok\/"},"modified":"2024-01-28T10:49:45","modified_gmt":"2024-01-28T09:49:45","slug":"fajdalmas-periodusok","status":"publish","type":"product","link":"https:\/\/audiohypnosis.online\/hu\/termek\/fajdalmas-periodusok\/","title":{"rendered":"F\u00e1jdalmas id\u0151szakok"},"content":{"rendered":"<p>F\u00e1jdalmas menstru\u00e1ci\u00f3val k\u00fczd?<br \/>\nHangos hipn\u00f3zis MP3-ink a menstru\u00e1ci\u00f3 alatti f\u00e1jdalomcsillap\u00edt\u00e1sra \u00e9s enyh\u00fcl\u00e9sre \u00f6sszpontos\u00edtanak.<br \/>\nA csomag 6 hangf\u00e1jlt \u00e9s egy k\u00e9zik\u00f6nyvet tartalmaz a hat\u00e9kony haszn\u00e1lathoz.  <\/p>\n","protected":false},"excerpt":{"rendered":"<p>Enyh\u00edt\u00e9sre van sz\u00fcks\u00e9ge a f\u00e1jdalmas menstru\u00e1ci\u00f3t\u00f3l?<\/p>\n","protected":false},"featured_media":152117,"comment_status":"closed","ping_status":"closed","template":"","meta":[],"language":[3146,3142,3141,3143,3157,3147,3148],"product_cat":[3159],"product_tag":[3169,3174,3178,3160,3180],"class_list":{"0":"post-152092","1":"product","2":"type-product","3":"status-publish","4":"has-post-thumbnail","6":"language-angol","7":"language-francia","8":"language-holland","9":"language-nemet","10":"language-olasz","11":"language-spanyol","12":"language-szerb","13":"product_cat-egeszseg-es-jolet","14":"product_tag-miesiaczka-hu","15":"product_tag-smutek-hu","16":"product_tag-ulga-hu","17":"product_tag-zdrowie-hu","18":"product_tag-zdrowie-kobiety-hu","19":"pa_languages-angol","20":"pa_languages-francia","21":"pa_languages-holland","22":"pa_languages-magyar","23":"pa_languages-nemet","24":"pa_languages-olasz","25":"pa_languages-spanyol","26":"pa_languages-szerb","27":"pa_languages-ukran","29":"entry","30":"has-media","32":"first","33":"instock","34":"purchasable","35":"product-type-variable","36":"has-product-nav","37":"col","38":"span_1_of_4","39":"owp-content-center","40":"owp-thumbs-layout-horizontal","41":"owp-btn-big","42":"owp-tabs-layout-vertical","43":"has-no-thumbnails"},"acf":[],"aioseo_notices":[],"_links":{"self":[{"href":"https:\/\/audiohypnosis.online\/hu\/wp-json\/wp\/v2\/product\/152092","targetHints":{"allow":["GET"]}}],"collection":[{"href":"https:\/\/audiohypnosis.online\/hu\/wp-json\/wp\/v2\/product"}],"about":[{"href":"https:\/\/audiohypnosis.online\/hu\/wp-json\/wp\/v2\/types\/product"}],"replies":[{"embeddable":true,"href":"https:\/\/audiohypnosis.online\/hu\/wp-json\/wp\/v2\/comments?post=152092"}],"version-history":[{"count":1,"href":"https:\/\/audiohypnosis.online\/hu\/wp-json\/wp\/v2\/product\/152092\/revisions"}],"predecessor-version":[{"id":152166,"href":"https:\/\/audiohypnosis.online\/hu\/wp-json\/wp\/v2\/product\/152092\/revisions\/152166"}],"wp:featuredmedia":[{"embeddable":true,"href":"https:\/\/audiohypnosis.online\/hu\/wp-json\/wp\/v2\/media\/152117"}],"wp:attachment":[{"href":"https:\/\/audiohypnosis.online\/hu\/wp-json\/wp\/v2\/media?parent=152092"}],"wp:term":[{"taxonomy":"language","embeddable":true,"href":"https:\/\/audiohypnosis.online\/hu\/wp-json\/wp\/v2\/language?post=152092"},{"taxonomy":"product_cat","embeddable":true,"href":"https:\/\/audiohypnosis.online\/hu\/wp-json\/wp\/v2\/product_cat?post=152092"},{"taxonomy":"product_tag","embeddable":true,"href":"https:\/\/audiohypnosis.online\/hu\/wp-json\/wp\/v2\/product_tag?post=152092"}],"curies":[{"name":"wp","href":"https:\/\/api.w.org\/{rel}","templated":true}]}}