{"id":152091,"date":"2023-10-14T09:09:13","date_gmt":"2023-10-14T07:09:13","guid":{"rendered":"https:\/\/audiohypnosis.online\/product\/overthinking\/"},"modified":"2024-01-28T10:49:39","modified_gmt":"2024-01-28T09:49:39","slug":"tulgondolkodva","status":"publish","type":"product","link":"https:\/\/audiohypnosis.online\/hu\/termek\/tulgondolkodva\/","title":{"rendered":"Overthinking"},"content":{"rendered":"<p>A t\u00falgondolkod\u00e1s hurokj\u00e1ba esett?<br \/>\nAudio hipn\u00f3zis MP3-ink seg\u00edthetnek kiszabadulni \u00e9s arra koncentr\u00e1lni, ami igaz\u00e1n sz\u00e1m\u00edt.<br \/>\nA csomag 6 hangf\u00e1jlt \u00e9s egy k\u00e9zik\u00f6nyvet tartalmaz a hat\u00e9kony haszn\u00e1lathoz.  <\/p>\n","protected":false},"excerpt":{"rendered":"<p>Megrekedt\u00e9l egy t\u00falgondolkod\u00e1si hurokban?<\/p>\n","protected":false},"featured_media":152096,"comment_status":"closed","ping_status":"closed","template":"","meta":[],"language":[3142,3141],"product_cat":[3154],"product_tag":[3151,3168,3162,3152,3155],"class_list":{"0":"post-152091","1":"product","2":"type-product","3":"status-publish","4":"has-post-thumbnail","6":"language-francia","7":"language-holland","8":"product_cat-erzelmi-jolet","9":"product_tag-emotionalwellness-hu","10":"product_tag-overthinking-hu","11":"product_tag-selfcare-hu","12":"product_tag-stressz","13":"product_tag-szorongas","14":"pa_languages-francia","15":"pa_languages-holland","16":"pa_languages-nemet","18":"entry","19":"has-media","21":"first","22":"instock","23":"purchasable","24":"product-type-variable","25":"has-product-nav","26":"col","27":"span_1_of_4","28":"owp-content-center","29":"owp-thumbs-layout-horizontal","30":"owp-btn-big","31":"owp-tabs-layout-vertical","32":"has-no-thumbnails"},"acf":[],"aioseo_notices":[],"_links":{"self":[{"href":"https:\/\/audiohypnosis.online\/hu\/wp-json\/wp\/v2\/product\/152091","targetHints":{"allow":["GET"]}}],"collection":[{"href":"https:\/\/audiohypnosis.online\/hu\/wp-json\/wp\/v2\/product"}],"about":[{"href":"https:\/\/audiohypnosis.online\/hu\/wp-json\/wp\/v2\/types\/product"}],"replies":[{"embeddable":true,"href":"https:\/\/audiohypnosis.online\/hu\/wp-json\/wp\/v2\/comments?post=152091"}],"version-history":[{"count":1,"href":"https:\/\/audiohypnosis.online\/hu\/wp-json\/wp\/v2\/product\/152091\/revisions"}],"predecessor-version":[{"id":152156,"href":"https:\/\/audiohypnosis.online\/hu\/wp-json\/wp\/v2\/product\/152091\/revisions\/152156"}],"wp:featuredmedia":[{"embeddable":true,"href":"https:\/\/audiohypnosis.online\/hu\/wp-json\/wp\/v2\/media\/152096"}],"wp:attachment":[{"href":"https:\/\/audiohypnosis.online\/hu\/wp-json\/wp\/v2\/media?parent=152091"}],"wp:term":[{"taxonomy":"language","embeddable":true,"href":"https:\/\/audiohypnosis.online\/hu\/wp-json\/wp\/v2\/language?post=152091"},{"taxonomy":"product_cat","embeddable":true,"href":"https:\/\/audiohypnosis.online\/hu\/wp-json\/wp\/v2\/product_cat?post=152091"},{"taxonomy":"product_tag","embeddable":true,"href":"https:\/\/audiohypnosis.online\/hu\/wp-json\/wp\/v2\/product_tag?post=152091"}],"curies":[{"name":"wp","href":"https:\/\/api.w.org\/{rel}","templated":true}]}}