{"id":152090,"date":"2023-10-14T09:09:13","date_gmt":"2023-10-14T07:09:13","guid":{"rendered":"https:\/\/audiohypnosis.online\/product\/panikroham\/"},"modified":"2024-01-28T10:49:54","modified_gmt":"2024-01-28T09:49:54","slug":"panikrohamok","status":"publish","type":"product","link":"https:\/\/audiohypnosis.online\/hu\/termek\/panikrohamok\/","title":{"rendered":"P\u00e1nikroham"},"content":{"rendered":"<p>P\u00e1nikrohamot tapasztal?<br \/>\nHanghipn\u00f3zisos foglalkoz\u00e1saink a stresszold\u00e1sra \u00e9s az \u00e9rzelmi j\u00f3l\u00e9tre \u00f6sszpontos\u00edtanak.<br \/>\nHozz\u00e1f\u00e9r\u00e9st kap 6 let\u00f6lthet\u0151 hangf\u00e1jlhoz \u00e9s egy k\u00e9zik\u00f6nyvh\u00f6z, amelyek egy nyugodtabb \u00e9let fel\u00e9 vezetik \u00d6nt.  <\/p>\n","protected":false},"excerpt":{"rendered":"<p>P\u00e1nikrohamokt\u00f3l szenved?<\/p>\n","protected":false},"featured_media":152101,"comment_status":"closed","ping_status":"closed","template":"","meta":[],"language":[3142,3141],"product_cat":[3149],"product_tag":[3151,3173,3166,3152,3155],"class_list":{"0":"post-152090","1":"product","2":"type-product","3":"status-publish","4":"has-post-thumbnail","6":"language-francia","7":"language-holland","8":"product_cat-felelmek-es-fobiak","9":"product_tag-emotionalwellness-hu","10":"product_tag-panik","11":"product_tag-relief-hu","12":"product_tag-stressz","13":"product_tag-szorongas","14":"pa_languages-francia","15":"pa_languages-holland","17":"entry","18":"has-media","20":"first","21":"instock","22":"purchasable","23":"product-type-variable","24":"has-product-nav","25":"col","26":"span_1_of_4","27":"owp-content-center","28":"owp-thumbs-layout-horizontal","29":"owp-btn-big","30":"owp-tabs-layout-vertical","31":"has-no-thumbnails"},"acf":[],"aioseo_notices":[],"_links":{"self":[{"href":"https:\/\/audiohypnosis.online\/hu\/wp-json\/wp\/v2\/product\/152090","targetHints":{"allow":["GET"]}}],"collection":[{"href":"https:\/\/audiohypnosis.online\/hu\/wp-json\/wp\/v2\/product"}],"about":[{"href":"https:\/\/audiohypnosis.online\/hu\/wp-json\/wp\/v2\/types\/product"}],"replies":[{"embeddable":true,"href":"https:\/\/audiohypnosis.online\/hu\/wp-json\/wp\/v2\/comments?post=152090"}],"version-history":[{"count":1,"href":"https:\/\/audiohypnosis.online\/hu\/wp-json\/wp\/v2\/product\/152090\/revisions"}],"predecessor-version":[{"id":152182,"href":"https:\/\/audiohypnosis.online\/hu\/wp-json\/wp\/v2\/product\/152090\/revisions\/152182"}],"wp:featuredmedia":[{"embeddable":true,"href":"https:\/\/audiohypnosis.online\/hu\/wp-json\/wp\/v2\/media\/152101"}],"wp:attachment":[{"href":"https:\/\/audiohypnosis.online\/hu\/wp-json\/wp\/v2\/media?parent=152090"}],"wp:term":[{"taxonomy":"language","embeddable":true,"href":"https:\/\/audiohypnosis.online\/hu\/wp-json\/wp\/v2\/language?post=152090"},{"taxonomy":"product_cat","embeddable":true,"href":"https:\/\/audiohypnosis.online\/hu\/wp-json\/wp\/v2\/product_cat?post=152090"},{"taxonomy":"product_tag","embeddable":true,"href":"https:\/\/audiohypnosis.online\/hu\/wp-json\/wp\/v2\/product_tag?post=152090"}],"curies":[{"name":"wp","href":"https:\/\/api.w.org\/{rel}","templated":true}]}}