{"id":152088,"date":"2023-10-14T09:09:13","date_gmt":"2023-10-14T07:09:13","guid":{"rendered":"https:\/\/audiohypnosis.online\/product\/pozitiv-onkep\/"},"modified":"2024-01-28T10:49:48","modified_gmt":"2024-01-28T09:49:48","slug":"pozitiv-enkep","status":"publish","type":"product","link":"https:\/\/audiohypnosis.online\/hu\/termek\/pozitiv-enkep\/","title":{"rendered":"Pozit\u00edv \u00f6nk\u00e9p"},"content":{"rendered":"<p>Jav\u00edtani szeretn\u00e9 az \u00f6nk\u00e9p\u00e9t?<br \/>\nAudi\u00f3 hipn\u00f3zis foglalkoz\u00e1saink utat k\u00edn\u00e1lnak a nagyobb \u00f6nszeretethez \u00e9s \u00f6nbizalomhoz.<br \/>\nHozz\u00e1f\u00e9r\u00e9st kapsz 6 let\u00f6lthet\u0151 hangf\u00e1jlhoz \u00e9s egy k\u00e9zik\u00f6nyvh\u00f6z a legjobb gyakorlatokhoz.  <\/p>\n","protected":false},"excerpt":{"rendered":"<p>Jav\u00edtani szeretn\u00e9 az \u00f6nk\u00e9p\u00e9t?<\/p>\n","protected":false},"featured_media":152097,"comment_status":"closed","ping_status":"closed","template":"","meta":[],"language":[3142,3141,3164],"product_cat":[3144],"product_tag":[3156,3151,3167,3161,3145],"class_list":{"0":"post-152088","1":"product","2":"type-product","3":"status-publish","4":"has-post-thumbnail","6":"language-francia","7":"language-holland","8":"language-portugal-brazilia","9":"product_cat-onfejlesztes","10":"product_tag-bizalom","11":"product_tag-emotionalwellness-hu","12":"product_tag-pozitivitas","13":"product_tag-selfesteem-hu","14":"product_tag-selfimprovement-hu","15":"pa_languages-francia","16":"pa_languages-holland","17":"pa_languages-portugal-brazilia","19":"entry","20":"has-media","22":"first","23":"instock","24":"purchasable","25":"product-type-variable","26":"has-product-nav","27":"col","28":"span_1_of_4","29":"owp-content-center","30":"owp-thumbs-layout-horizontal","31":"owp-btn-big","32":"owp-tabs-layout-vertical","33":"has-no-thumbnails"},"acf":[],"aioseo_notices":[],"_links":{"self":[{"href":"https:\/\/audiohypnosis.online\/hu\/wp-json\/wp\/v2\/product\/152088","targetHints":{"allow":["GET"]}}],"collection":[{"href":"https:\/\/audiohypnosis.online\/hu\/wp-json\/wp\/v2\/product"}],"about":[{"href":"https:\/\/audiohypnosis.online\/hu\/wp-json\/wp\/v2\/types\/product"}],"replies":[{"embeddable":true,"href":"https:\/\/audiohypnosis.online\/hu\/wp-json\/wp\/v2\/comments?post=152088"}],"version-history":[{"count":1,"href":"https:\/\/audiohypnosis.online\/hu\/wp-json\/wp\/v2\/product\/152088\/revisions"}],"predecessor-version":[{"id":152168,"href":"https:\/\/audiohypnosis.online\/hu\/wp-json\/wp\/v2\/product\/152088\/revisions\/152168"}],"wp:featuredmedia":[{"embeddable":true,"href":"https:\/\/audiohypnosis.online\/hu\/wp-json\/wp\/v2\/media\/152097"}],"wp:attachment":[{"href":"https:\/\/audiohypnosis.online\/hu\/wp-json\/wp\/v2\/media?parent=152088"}],"wp:term":[{"taxonomy":"language","embeddable":true,"href":"https:\/\/audiohypnosis.online\/hu\/wp-json\/wp\/v2\/language?post=152088"},{"taxonomy":"product_cat","embeddable":true,"href":"https:\/\/audiohypnosis.online\/hu\/wp-json\/wp\/v2\/product_cat?post=152088"},{"taxonomy":"product_tag","embeddable":true,"href":"https:\/\/audiohypnosis.online\/hu\/wp-json\/wp\/v2\/product_tag?post=152088"}],"curies":[{"name":"wp","href":"https:\/\/api.w.org\/{rel}","templated":true}]}}