{"id":152070,"date":"2023-10-13T16:54:33","date_gmt":"2023-10-13T14:54:33","guid":{"rendered":"https:\/\/audiohypnosis.online\/audio-hypnosis-trance-tokens-jutalomprogramunk\/"},"modified":"2024-01-27T07:14:42","modified_gmt":"2024-01-27T06:14:42","slug":"audio-hypnosis-trance-tokens-jutalomprogramunk","status":"publish","type":"page","link":"https:\/\/audiohypnosis.online\/hu\/audio-hypnosis-trance-tokens-jutalomprogramunk\/","title":{"rendered":"Audio Hypnosis Trance Tokens &#8211; Jutalomprogramunk"},"content":{"rendered":"\t\t<div data-elementor-type=\"wp-page\" data-elementor-id=\"152070\" class=\"elementor elementor-152070 elementor-30509\" data-elementor-post-type=\"page\">\n\t\t\t\t<div class=\"elementor-element elementor-element-b83a8c9 e-flex e-con-boxed e-con e-parent\" data-id=\"b83a8c9\" data-element_type=\"container\" data-settings=\"{&quot;background_background&quot;:&quot;classic&quot;,&quot;shape_divider_top&quot;:&quot;mountains&quot;,&quot;shape_divider_bottom&quot;:&quot;mountains&quot;}\">\n\t\t\t\t\t<div class=\"e-con-inner\">\n\t\t\t\t<div class=\"elementor-shape elementor-shape-top\" data-negative=\"false\">\n\t\t\t<svg xmlns=\"http:\/\/www.w3.org\/2000\/svg\" viewBox=\"0 0 1000 100\" preserveAspectRatio=\"none\">\n\t<path class=\"elementor-shape-fill\" opacity=\"0.33\" d=\"M473,67.3c-203.9,88.3-263.1-34-320.3,0C66,119.1,0,59.7,0,59.7V0h1000v59.7 c0,0-62.1,26.1-94.9,29.3c-32.8,3.3-62.8-12.3-75.8-22.1C806,49.6,745.3,8.7,694.9,4.7S492.4,59,473,67.3z\"\/>\n\t<path class=\"elementor-shape-fill\" opacity=\"0.66\" d=\"M734,67.3c-45.5,0-77.2-23.2-129.1-39.1c-28.6-8.7-150.3-10.1-254,39.1 s-91.7-34.4-149.2,0C115.7,118.3,0,39.8,0,39.8V0h1000v36.5c0,0-28.2-18.5-92.1-18.5C810.2,18.1,775.7,67.3,734,67.3z\"\/>\n\t<path class=\"elementor-shape-fill\" d=\"M766.1,28.9c-200-57.5-266,65.5-395.1,19.5C242,1.8,242,5.4,184.8,20.6C128,35.8,132.3,44.9,89.9,52.5C28.6,63.7,0,0,0,0 h1000c0,0-9.9,40.9-83.6,48.1S829.6,47,766.1,28.9z\"\/>\n<\/svg>\t\t<\/div>\n\t\t\t\t<div class=\"elementor-shape elementor-shape-bottom\" data-negative=\"false\">\n\t\t\t<svg xmlns=\"http:\/\/www.w3.org\/2000\/svg\" viewBox=\"0 0 1000 100\" preserveAspectRatio=\"none\">\n\t<path class=\"elementor-shape-fill\" opacity=\"0.33\" d=\"M473,67.3c-203.9,88.3-263.1-34-320.3,0C66,119.1,0,59.7,0,59.7V0h1000v59.7 c0,0-62.1,26.1-94.9,29.3c-32.8,3.3-62.8-12.3-75.8-22.1C806,49.6,745.3,8.7,694.9,4.7S492.4,59,473,67.3z\"\/>\n\t<path class=\"elementor-shape-fill\" opacity=\"0.66\" d=\"M734,67.3c-45.5,0-77.2-23.2-129.1-39.1c-28.6-8.7-150.3-10.1-254,39.1 s-91.7-34.4-149.2,0C115.7,118.3,0,39.8,0,39.8V0h1000v36.5c0,0-28.2-18.5-92.1-18.5C810.2,18.1,775.7,67.3,734,67.3z\"\/>\n\t<path class=\"elementor-shape-fill\" d=\"M766.1,28.9c-200-57.5-266,65.5-395.1,19.5C242,1.8,242,5.4,184.8,20.6C128,35.8,132.3,44.9,89.9,52.5C28.6,63.7,0,0,0,0 h1000c0,0-9.9,40.9-83.6,48.1S829.6,47,766.1,28.9z\"\/>\n<\/svg>\t\t<\/div>\n\t\t\t\t\t<\/div>\n\t\t\t\t<\/div>\n\t\t<div class=\"elementor-element elementor-element-68a208da e-flex e-con-boxed e-con e-parent\" data-id=\"68a208da\" data-element_type=\"container\">\n\t\t\t\t\t<div class=\"e-con-inner\">\n\t\t\t\t<div class=\"elementor-element elementor-element-6f78c6c0 elementor-widget elementor-widget-heading\" data-id=\"6f78c6c0\" data-element_type=\"widget\" data-widget_type=\"heading.default\">\n\t\t\t\t<div class=\"elementor-widget-container\">\n\t\t\t<style>\/*! elementor - v3.23.0 - 23-07-2024 *\/\n.elementor-heading-title{padding:0;margin:0;line-height:1}.elementor-widget-heading .elementor-heading-title[class*=elementor-size-]>a{color:inherit;font-size:inherit;line-height:inherit}.elementor-widget-heading .elementor-heading-title.elementor-size-small{font-size:15px}.elementor-widget-heading .elementor-heading-title.elementor-size-medium{font-size:19px}.elementor-widget-heading .elementor-heading-title.elementor-size-large{font-size:29px}.elementor-widget-heading .elementor-heading-title.elementor-size-xl{font-size:39px}.elementor-widget-heading .elementor-heading-title.elementor-size-xxl{font-size:59px}<\/style><h2 class=\"elementor-heading-title elementor-size-default\">A jobb \u00e9nedhez vezet\u0151 \u00fat mostant\u00f3l m\u00e9g kifizet\u0151d\u0151bb\u00e9 v\u00e1lt.<\/h2>\t\t<\/div>\n\t\t\t\t<\/div>\n\t\t\t\t<div class=\"elementor-element elementor-element-c07b256 elementor-widget elementor-widget-heading\" data-id=\"c07b256\" data-element_type=\"widget\" data-widget_type=\"heading.default\">\n\t\t\t\t<div class=\"elementor-widget-container\">\n\t\t\t<h1 class=\"elementor-heading-title elementor-size-default\">Csatlakozzon az Audio Hypnosis Trance Tokens Rewardshoz m\u00e9g ma!<\/h1>\t\t<\/div>\n\t\t\t\t<\/div>\n\t\t\t\t<div class=\"elementor-element elementor-element-9c8e00f elementor-align-center elementor-widget elementor-widget-button\" data-id=\"9c8e00f\" data-element_type=\"widget\" data-widget_type=\"button.default\">\n\t\t\t\t<div class=\"elementor-widget-container\">\n\t\t\t\t\t<div class=\"elementor-button-wrapper\">\n\t\t\t<a class=\"elementor-button elementor-button-link elementor-size-sm\" href=\"http:\/\/audiohypnosis.online\/my-account\/loyalty_reward\/\">\n\t\t\t\t\t\t<span class=\"elementor-button-content-wrapper\">\n\t\t\t\t\t\t\t\t\t<span class=\"elementor-button-text\">Nyissa meg a Trance Token Dashboardot<\/span>\n\t\t\t\t\t<\/span>\n\t\t\t\t\t<\/a>\n\t\t<\/div>\n\t\t\t\t<\/div>\n\t\t\t\t<\/div>\n\t\t\t\t<div class=\"elementor-element elementor-element-7a65a08 elementor-widget elementor-widget-heading\" data-id=\"7a65a08\" data-element_type=\"widget\" data-widget_type=\"heading.default\">\n\t\t\t\t<div class=\"elementor-widget-container\">\n\t\t\t<h6 class=\"elementor-heading-title elementor-size-default\">Elk\u00e9pzelted m\u00e1r, hogy az \u00e1talakul\u00e1sod \u00fatj\u00e1t teljesebb\u00e9 teszed? Az AudioHypnosisn\u00e1l hisz\u00fcnk abban, hogy minden egyes l\u00e9p\u00e9s, amit a jobb \u00f6nmagad fel\u00e9 teszel, jutalmazni fog. Ez\u00e9rt vezett\u00fck be izgalmas Trance Tokens jutalmaz\u00e1si rendszer\u00fcnket, amely annyit ad vissza, amennyit befektetsz.<\/h6>\t\t<\/div>\n\t\t\t\t<\/div>\n\t\t\t\t\t<\/div>\n\t\t\t\t<\/div>\n\t\t<div class=\"elementor-element elementor-element-39bdc1bf e-con-full e-grid e-con e-parent\" data-id=\"39bdc1bf\" data-element_type=\"container\" data-settings=\"{&quot;background_background&quot;:&quot;classic&quot;}\">\n\t\t<div class=\"elementor-element elementor-element-f6d0d7b e-con-full e-flex e-con e-child\" data-id=\"f6d0d7b\" data-element_type=\"container\">\n\t\t<div class=\"elementor-element elementor-element-55c1b565 e-con-full e-flex elementor-invisible e-con e-child\" data-id=\"55c1b565\" data-element_type=\"container\" data-settings=\"{&quot;animation&quot;:&quot;fadeInUp&quot;}\">\n\t\t\t\t<div class=\"elementor-element elementor-element-4e68cb62 elementor-view-framed elementor-shape-circle elementor-widget elementor-widget-icon\" data-id=\"4e68cb62\" data-element_type=\"widget\" data-widget_type=\"icon.default\">\n\t\t\t\t<div class=\"elementor-widget-container\">\n\t\t\t\t\t<div class=\"elementor-icon-wrapper\">\n\t\t\t<div class=\"elementor-icon\">\n\t\t\t<i aria-hidden=\"true\" class=\"fas fa-sign-in-alt\"><\/i>\t\t\t<\/div>\n\t\t<\/div>\n\t\t\t\t<\/div>\n\t\t\t\t<\/div>\n\t\t\t\t<div class=\"elementor-element elementor-element-5012ff72 elementor-cta--valign-middle elementor-cta--skin-classic elementor-animated-content elementor-bg-transform elementor-bg-transform-zoom-in elementor-widget elementor-widget-call-to-action\" data-id=\"5012ff72\" data-element_type=\"widget\" data-widget_type=\"call-to-action.default\">\n\t\t\t\t<div class=\"elementor-widget-container\">\n\t\t\t<link rel=\"stylesheet\" href=\"https:\/\/audiohypnosis.online\/wp-content\/plugins\/elementor-pro\/assets\/css\/widget-call-to-action.min.css\">\t\t<div class=\"elementor-cta\">\n\t\t\t\t\t\t\t<div class=\"elementor-cta__content\">\n\t\t\t\t\n\t\t\t\t\t\t\t\t\t<h3 class=\"elementor-cta__title elementor-cta__content-item elementor-content-item\">\n\t\t\t\t\t\tRegisztr\u00e1lj \u00e9s kezdj el ragyogni:  <br>  100 Trance zseton\t\t\t\t\t<\/h3>\n\t\t\t\t\n\t\t\t\t\t\t\t\t\t<div class=\"elementor-cta__description elementor-cta__content-item elementor-content-item\">\n\t\t\t\t\t\t<p>Csatlakozz a k\u00f6z\u00f6ss\u00e9g\u00fcnkh\u00f6z, \u00e9s azonnal kapsz 100 Trance tokent, amivel elindulhatsz az \u00f6nfejleszt\u0151 utadon.<\/p>\n\t\t\t\t\t<\/div>\n\t\t\t\t\n\t\t\t\t\t\t\t<\/div>\n\t\t\t\t\t\t<\/div>\n\t\t\t\t<\/div>\n\t\t\t\t<\/div>\n\t\t\t\t<\/div>\n\t\t\t\t<\/div>\n\t\t<div class=\"elementor-element elementor-element-7fb4140e e-con-full e-flex elementor-invisible e-con e-child\" data-id=\"7fb4140e\" data-element_type=\"container\" data-settings=\"{&quot;animation&quot;:&quot;fadeInUp&quot;}\">\n\t\t\t\t<div class=\"elementor-element elementor-element-7dcef465 elementor-view-framed elementor-shape-circle elementor-widget elementor-widget-icon\" data-id=\"7dcef465\" data-element_type=\"widget\" data-widget_type=\"icon.default\">\n\t\t\t\t<div class=\"elementor-widget-container\">\n\t\t\t\t\t<div class=\"elementor-icon-wrapper\">\n\t\t\t<div class=\"elementor-icon\">\n\t\t\t<i aria-hidden=\"true\" class=\"fas fa-birthday-cake\"><\/i>\t\t\t<\/div>\n\t\t<\/div>\n\t\t\t\t<\/div>\n\t\t\t\t<\/div>\n\t\t\t\t<div class=\"elementor-element elementor-element-62c3c6db elementor-cta--valign-middle elementor-cta--skin-classic elementor-animated-content elementor-bg-transform elementor-bg-transform-zoom-in elementor-widget elementor-widget-call-to-action\" data-id=\"62c3c6db\" data-element_type=\"widget\" data-widget_type=\"call-to-action.default\">\n\t\t\t\t<div class=\"elementor-widget-container\">\n\t\t\t\t\t<div class=\"elementor-cta\">\n\t\t\t\t\t\t\t<div class=\"elementor-cta__content\">\n\t\t\t\t\n\t\t\t\t\t\t\t\t\t<h3 class=\"elementor-cta__title elementor-cta__content-item elementor-content-item\">\n\t\t\t\t\t\tBoldog hipnotikus sz\u00fclet\u00e9snapot:  <br>  200 Trance zseton\t\t\t\t\t<\/h3>\n\t\t\t\t\n\t\t\t\t\t\t\t\t\t<div class=\"elementor-cta__description elementor-cta__content-item elementor-content-item\">\n\t\t\t\t\t\t<p>\u00dcnnepelje vel\u00fcnk k\u00fcl\u00f6nleges napj\u00e1t! Kap 200 Trance Tokent, hogy a sz\u00fclet\u00e9snapod m\u00e9g fantasztikusabb legyen.<\/p>\n\t\t\t\t\t<\/div>\n\t\t\t\t\n\t\t\t\t\t\t\t<\/div>\n\t\t\t\t\t\t<\/div>\n\t\t\t\t<\/div>\n\t\t\t\t<\/div>\n\t\t\t\t<\/div>\n\t\t<div class=\"elementor-element elementor-element-59395122 e-con-full e-flex elementor-invisible e-con e-child\" data-id=\"59395122\" data-element_type=\"container\" data-settings=\"{&quot;animation&quot;:&quot;fadeInUp&quot;}\">\n\t\t\t\t<div class=\"elementor-element elementor-element-6006d4 elementor-view-framed elementor-shape-circle elementor-widget elementor-widget-icon\" data-id=\"6006d4\" data-element_type=\"widget\" data-widget_type=\"icon.default\">\n\t\t\t\t<div class=\"elementor-widget-container\">\n\t\t\t\t\t<div class=\"elementor-icon-wrapper\">\n\t\t\t<div class=\"elementor-icon\">\n\t\t\t<i aria-hidden=\"true\" class=\"fas fa-star\"><\/i>\t\t\t<\/div>\n\t\t<\/div>\n\t\t\t\t<\/div>\n\t\t\t\t<\/div>\n\t\t\t\t<div class=\"elementor-element elementor-element-3b249b14 elementor-cta--valign-middle elementor-cta--skin-classic elementor-animated-content elementor-bg-transform elementor-bg-transform-zoom-in elementor-widget elementor-widget-call-to-action\" data-id=\"3b249b14\" data-element_type=\"widget\" data-widget_type=\"call-to-action.default\">\n\t\t\t\t<div class=\"elementor-widget-container\">\n\t\t\t\t\t<div class=\"elementor-cta\">\n\t\t\t\t\t\t\t<div class=\"elementor-cta__content\">\n\t\t\t\t\n\t\t\t\t\t\t\t\t\t<h3 class=\"elementor-cta__title elementor-cta__content-item elementor-content-item\">\n\t\t\t\t\t\tOssza meg a t\u00f6rt\u00e9net\u00e9t:<br>  200 Trance zseton\t\t\t\t\t<\/h3>\n\t\t\t\t\n\t\t\t\t\t\t\t\t\t<div class=\"elementor-cta__description elementor-cta__content-item elementor-content-item\">\n\t\t\t\t\t\t<p>Az \u00d6n tapasztalata sz\u00e1m\u00edt. Hagyj v\u00e9lem\u00e9nyt \u00e9s szerezz 200 Trance tokent k\u00f6sz\u00f6netk\u00e9ppen t\u0151l\u00fcnk.<\/p>\n\t\t\t\t\t<\/div>\n\t\t\t\t\n\t\t\t\t\t\t\t<\/div>\n\t\t\t\t\t\t<\/div>\n\t\t\t\t<\/div>\n\t\t\t\t<\/div>\n\t\t\t\t<\/div>\n\t\t\t\t<\/div>\n\t\t<div class=\"elementor-element elementor-element-a2cfc65 e-con-full e-grid e-con e-parent\" data-id=\"a2cfc65\" data-element_type=\"container\" data-settings=\"{&quot;background_background&quot;:&quot;classic&quot;}\">\n\t\t<div class=\"elementor-element elementor-element-fd89149 e-con-full e-flex elementor-invisible e-con e-child\" data-id=\"fd89149\" data-element_type=\"container\" data-settings=\"{&quot;animation&quot;:&quot;fadeInUp&quot;}\">\n\t\t\t\t<div class=\"elementor-element elementor-element-f94df5e elementor-view-framed elementor-shape-circle elementor-widget elementor-widget-icon\" data-id=\"f94df5e\" data-element_type=\"widget\" data-widget_type=\"icon.default\">\n\t\t\t\t<div class=\"elementor-widget-container\">\n\t\t\t\t\t<div class=\"elementor-icon-wrapper\">\n\t\t\t<div class=\"elementor-icon\">\n\t\t\t<i aria-hidden=\"true\" class=\"fas fa-money-check-alt\"><\/i>\t\t\t<\/div>\n\t\t<\/div>\n\t\t\t\t<\/div>\n\t\t\t\t<\/div>\n\t\t\t\t<div class=\"elementor-element elementor-element-5de1cab elementor-cta--valign-middle elementor-cta--skin-classic elementor-animated-content elementor-bg-transform elementor-bg-transform-zoom-in elementor-widget elementor-widget-call-to-action\" data-id=\"5de1cab\" data-element_type=\"widget\" data-widget_type=\"call-to-action.default\">\n\t\t\t\t<div class=\"elementor-widget-container\">\n\t\t\t\t\t<div class=\"elementor-cta\">\n\t\t\t\t\t\t\t<div class=\"elementor-cta__content\">\n\t\t\t\t\n\t\t\t\t\t\t\t\t\t<h3 class=\"elementor-cta__title elementor-cta__content-item elementor-content-item\">\n\t\t\t\t\t\tK\u00f6lts\u00f6n t\u00f6bbet, keressen t\u00f6bbet:  <br>  1 Trance Token minden 1 eur\u00f3\u00e9rt\t\t\t\t\t<\/h3>\n\t\t\t\t\n\t\t\t\t\t\t\t\t\t<div class=\"elementor-cta__description elementor-cta__content-item elementor-content-item\">\n\t\t\t\t\t\t<p>Minden alkalommal, amikor a foglalkoz\u00e1sainkon befektetsz magadba, Trance Tokeneket kapsz. Minden elk\u00f6lt\u00f6tt 1 eur\u00f3 ut\u00e1n 1 Trance Token j\u00e1r. A pontok az eur\u00f3ban kifejezett \u00e9rt\u00e9k alapj\u00e1n gy\u0171lnek, \u00edgy a jutalmaz\u00e1si rendszer az \u00e1rfolyam-ingadoz\u00e1sokt\u00f3l f\u00fcggetlen\u00fcl konzisztens. P\u00e9ld\u00e1ul egy term\u00e9k \u00e9rt\u00e9ke 37 pont lehet, m\u00e9g akkor is, ha az \u00d6n helyi p\u00e9nznem\u00e9ben az \u00e1r magasabbnak t\u0171nik. Biztos lehet benne, hogy jutalmait pontosan \u00fagy sz\u00e1moljuk ki, hogy tiszteletben tartsuk a szem\u00e9lyes fejl\u0151d\u00e9s ir\u00e1nti elk\u00f6telezetts\u00e9g\u00e9t.<\/p>\n\t\t\t\t\t<\/div>\n\t\t\t\t\n\t\t\t\t\t\t\t<\/div>\n\t\t\t\t\t\t<\/div>\n\t\t\t\t<\/div>\n\t\t\t\t<\/div>\n\t\t\t\t<\/div>\n\t\t<div class=\"elementor-element elementor-element-5470b9e e-con-full e-flex elementor-invisible e-con e-child\" data-id=\"5470b9e\" data-element_type=\"container\" data-settings=\"{&quot;animation&quot;:&quot;fadeInUp&quot;}\">\n\t\t\t\t<div class=\"elementor-element elementor-element-299c3e4 elementor-view-framed elementor-shape-circle elementor-widget elementor-widget-icon\" data-id=\"299c3e4\" data-element_type=\"widget\" data-widget_type=\"icon.default\">\n\t\t\t\t<div class=\"elementor-widget-container\">\n\t\t\t\t\t<div class=\"elementor-icon-wrapper\">\n\t\t\t<div class=\"elementor-icon\">\n\t\t\t<i aria-hidden=\"true\" class=\"fas fa-share-alt\"><\/i>\t\t\t<\/div>\n\t\t<\/div>\n\t\t\t\t<\/div>\n\t\t\t\t<\/div>\n\t\t\t\t<div class=\"elementor-element elementor-element-1fb3f4c elementor-cta--valign-middle elementor-cta--skin-classic elementor-animated-content elementor-bg-transform elementor-bg-transform-zoom-in elementor-widget elementor-widget-call-to-action\" data-id=\"1fb3f4c\" data-element_type=\"widget\" data-widget_type=\"call-to-action.default\">\n\t\t\t\t<div class=\"elementor-widget-container\">\n\t\t\t\t\t<div class=\"elementor-cta\">\n\t\t\t\t\t\t\t<div class=\"elementor-cta__content\">\n\t\t\t\t\n\t\t\t\t\t\t\t\t\t<h3 class=\"elementor-cta__title elementor-cta__content-item elementor-content-item\">\n\t\t\t\t\t\tL\u00e9gy hipnotikus bar\u00e1t  <br>  5 \u20ac kedvezm\u00e9nyes utalv\u00e1ny\t\t\t\t\t<\/h3>\n\t\t\t\t\n\t\t\t\t\t\t\t\t\t<div class=\"elementor-cta__description elementor-cta__content-item elementor-content-item\">\n\t\t\t\t\t\t<p>L\u00e9gy Hipnotikus Bar\u00e1t, oszd meg az \u00e1talakul\u00e1st, \u00e9s l\u00e9gy a v\u00e1ltoz\u00e1s \u00e9s az \u00f6nfelfedez\u00e9s kataliz\u00e1tora. Ha aj\u00e1nlja egy bar\u00e1tj\u00e1nak, hogy fedezze fel audiohipn\u00f3zis foglalkoz\u00e1sainkat, mind \u00d6n, mind bar\u00e1tja 5 \u20ac b\u00f3nuszt kap h\u00e1l\u00e1nk jel\u00e9\u00fcl. Ez nem csak egy kedvezm\u00e9ny; ez egy megh\u00edv\u00e1s, hogy egy\u00fctt j\u00e1rjuk be az auton\u00f3mia \u00e9s a n\u00f6veked\u00e9s \u00fatj\u00e1t. Oszd meg az \u00e9lm\u00e9nyt, szerezd meg a jutalmakat, \u00e9s folytasd az \u00e1talakul\u00e1s \u00fatj\u00e1t m\u00e9g ma!<\/p>\n\t\t\t\t\t<\/div>\n\t\t\t\t\n\t\t\t\t\t\t\t<\/div>\n\t\t\t\t\t\t<\/div>\n\t\t\t\t<\/div>\n\t\t\t\t<\/div>\n\t\t\t\t<\/div>\n\t\t\t\t<\/div>\n\t\t<div class=\"elementor-element elementor-element-6e45c01c e-flex e-con-boxed e-con e-parent\" data-id=\"6e45c01c\" data-element_type=\"container\">\n\t\t\t\t\t<div class=\"e-con-inner\">\n\t\t\t\t<div class=\"elementor-element elementor-element-675bae19 elementor-widget elementor-widget-heading\" data-id=\"675bae19\" data-element_type=\"widget\" data-widget_type=\"heading.default\">\n\t\t\t\t<div class=\"elementor-widget-container\">\n\t\t\t<h2 class=\"elementor-heading-title elementor-size-default\">Minden 30 Trance Token = 1 \u20ac kedvezm\u00e9ny<\/h2>\t\t<\/div>\n\t\t\t\t<\/div>\n\t\t\t\t<div class=\"elementor-element elementor-element-3d97b70b elementor-widget elementor-widget-heading\" data-id=\"3d97b70b\" data-element_type=\"widget\" data-widget_type=\"heading.default\">\n\t\t\t\t<div class=\"elementor-widget-container\">\n\t\t\t<h1 class=\"elementor-heading-title elementor-size-default\">Ford\u00edtsa a Trance tokeneket megtakar\u00edt\u00e1ss\u00e1\n<\/h1>\t\t<\/div>\n\t\t\t\t<\/div>\n\t\t\t\t<div class=\"elementor-element elementor-element-7f3510ac elementor-widget elementor-widget-heading\" data-id=\"7f3510ac\" data-element_type=\"widget\" data-widget_type=\"heading.default\">\n\t\t\t\t<div class=\"elementor-widget-container\">\n\t\t\t<h6 class=\"elementor-heading-title elementor-size-default\">Gy\u0171jtsd fel a Trance Tokeneket, \u00e9s v\u00e1ltsd \u0151ket exkluz\u00edv kedvezm\u00e9nyekre.  <br>\n\n\nMinden 30 Trance Token ut\u00e1n 1 \u20ac kedvezm\u00e9nyt kapsz (vagy ennek megfelel\u0151 \u00f6sszeget a saj\u00e1t valut\u00e1dban),  \n\n<br>\nseg\u00edt megtakar\u00edtani a konverzi\u00f3 sor\u00e1n.<\/h6>\t\t<\/div>\n\t\t\t\t<\/div>\n\t\t\t\t\t<\/div>\n\t\t\t\t<\/div>\n\t\t\t\t<\/div>\n\t\t","protected":false},"excerpt":{"rendered":"<p>A jobb \u00e9nedhez vezet\u0151 \u00fat mostant\u00f3l m\u00e9g kifizet\u0151d\u0151bb\u00e9 v\u00e1lt. Csatlakozzon az Audio Hypnosis Trance Tokens Rewardshoz m\u00e9g ma! Nyissa meg a Trance Token Dashboardot Elk\u00e9pzelted m\u00e1r, hogy az \u00e1talakul\u00e1sod \u00fatj\u00e1t teljesebb\u00e9 teszed? Az AudioHypnosisn\u00e1l hisz\u00fcnk abban, hogy minden egyes l\u00e9p\u00e9s, amit a jobb \u00f6nmagad fel\u00e9 teszel, jutalmazni fog. Ez\u00e9rt vezett\u00fck be izgalmas Trance Tokens jutalmaz\u00e1si [&hellip;]<\/p>\n","protected":false},"author":1,"featured_media":0,"parent":0,"menu_order":0,"comment_status":"closed","ping_status":"closed","template":"","meta":{"footnotes":""},"wf_page_folders":[2722],"class_list":["post-152070","page","type-page","status-publish","hentry","entry","owp-thumbs-layout-horizontal","owp-btn-big","owp-tabs-layout-vertical","has-no-thumbnails","has-product-nav"],"acf":[],"aioseo_notices":[],"_links":{"self":[{"href":"https:\/\/audiohypnosis.online\/hu\/wp-json\/wp\/v2\/pages\/152070","targetHints":{"allow":["GET"]}}],"collection":[{"href":"https:\/\/audiohypnosis.online\/hu\/wp-json\/wp\/v2\/pages"}],"about":[{"href":"https:\/\/audiohypnosis.online\/hu\/wp-json\/wp\/v2\/types\/page"}],"author":[{"embeddable":true,"href":"https:\/\/audiohypnosis.online\/hu\/wp-json\/wp\/v2\/users\/1"}],"replies":[{"embeddable":true,"href":"https:\/\/audiohypnosis.online\/hu\/wp-json\/wp\/v2\/comments?post=152070"}],"version-history":[{"count":1,"href":"https:\/\/audiohypnosis.online\/hu\/wp-json\/wp\/v2\/pages\/152070\/revisions"}],"predecessor-version":[{"id":152073,"href":"https:\/\/audiohypnosis.online\/hu\/wp-json\/wp\/v2\/pages\/152070\/revisions\/152073"}],"wp:attachment":[{"href":"https:\/\/audiohypnosis.online\/hu\/wp-json\/wp\/v2\/media?parent=152070"}],"wp:term":[{"taxonomy":"wf_page_folders","embeddable":true,"href":"https:\/\/audiohypnosis.online\/hu\/wp-json\/wp\/v2\/wf_page_folders?post=152070"}],"curies":[{"name":"wp","href":"https:\/\/api.w.org\/{rel}","templated":true}]}}