{"id":152009,"date":"2023-10-20T11:24:29","date_gmt":"2023-10-20T09:24:29","guid":{"rendered":"https:\/\/audiohypnosis.online\/audio-hipnozis-altalanos-feltetelek\/"},"modified":"2024-01-27T06:52:11","modified_gmt":"2024-01-27T05:52:11","slug":"audio-hipnozis-altalanos-feltetelek","status":"publish","type":"page","link":"https:\/\/audiohypnosis.online\/hu\/audio-hipnozis-altalanos-feltetelek\/","title":{"rendered":"Audio hipn\u00f3zis &#8211; \u00c1ltal\u00e1nos felt\u00e9telek"},"content":{"rendered":"\t\t<div data-elementor-type=\"wp-page\" data-elementor-id=\"152009\" class=\"elementor elementor-152009 elementor-20376\" data-elementor-post-type=\"page\">\n\t\t\t\t<div class=\"elementor-element elementor-element-b83a8c9 e-flex e-con-boxed e-con e-parent\" data-id=\"b83a8c9\" data-element_type=\"container\" data-settings=\"{&quot;background_background&quot;:&quot;classic&quot;,&quot;shape_divider_top&quot;:&quot;mountains&quot;,&quot;shape_divider_bottom&quot;:&quot;mountains&quot;}\">\n\t\t\t\t\t<div class=\"e-con-inner\">\n\t\t\t\t<div class=\"elementor-shape elementor-shape-top\" data-negative=\"false\">\n\t\t\t<svg xmlns=\"http:\/\/www.w3.org\/2000\/svg\" viewBox=\"0 0 1000 100\" preserveAspectRatio=\"none\">\n\t<path class=\"elementor-shape-fill\" opacity=\"0.33\" d=\"M473,67.3c-203.9,88.3-263.1-34-320.3,0C66,119.1,0,59.7,0,59.7V0h1000v59.7 c0,0-62.1,26.1-94.9,29.3c-32.8,3.3-62.8-12.3-75.8-22.1C806,49.6,745.3,8.7,694.9,4.7S492.4,59,473,67.3z\"\/>\n\t<path class=\"elementor-shape-fill\" opacity=\"0.66\" d=\"M734,67.3c-45.5,0-77.2-23.2-129.1-39.1c-28.6-8.7-150.3-10.1-254,39.1 s-91.7-34.4-149.2,0C115.7,118.3,0,39.8,0,39.8V0h1000v36.5c0,0-28.2-18.5-92.1-18.5C810.2,18.1,775.7,67.3,734,67.3z\"\/>\n\t<path class=\"elementor-shape-fill\" d=\"M766.1,28.9c-200-57.5-266,65.5-395.1,19.5C242,1.8,242,5.4,184.8,20.6C128,35.8,132.3,44.9,89.9,52.5C28.6,63.7,0,0,0,0 h1000c0,0-9.9,40.9-83.6,48.1S829.6,47,766.1,28.9z\"\/>\n<\/svg>\t\t<\/div>\n\t\t\t\t<div class=\"elementor-shape elementor-shape-bottom\" data-negative=\"false\">\n\t\t\t<svg xmlns=\"http:\/\/www.w3.org\/2000\/svg\" viewBox=\"0 0 1000 100\" preserveAspectRatio=\"none\">\n\t<path class=\"elementor-shape-fill\" opacity=\"0.33\" d=\"M473,67.3c-203.9,88.3-263.1-34-320.3,0C66,119.1,0,59.7,0,59.7V0h1000v59.7 c0,0-62.1,26.1-94.9,29.3c-32.8,3.3-62.8-12.3-75.8-22.1C806,49.6,745.3,8.7,694.9,4.7S492.4,59,473,67.3z\"\/>\n\t<path class=\"elementor-shape-fill\" opacity=\"0.66\" d=\"M734,67.3c-45.5,0-77.2-23.2-129.1-39.1c-28.6-8.7-150.3-10.1-254,39.1 s-91.7-34.4-149.2,0C115.7,118.3,0,39.8,0,39.8V0h1000v36.5c0,0-28.2-18.5-92.1-18.5C810.2,18.1,775.7,67.3,734,67.3z\"\/>\n\t<path class=\"elementor-shape-fill\" d=\"M766.1,28.9c-200-57.5-266,65.5-395.1,19.5C242,1.8,242,5.4,184.8,20.6C128,35.8,132.3,44.9,89.9,52.5C28.6,63.7,0,0,0,0 h1000c0,0-9.9,40.9-83.6,48.1S829.6,47,766.1,28.9z\"\/>\n<\/svg>\t\t<\/div>\n\t\t\t\t\t<\/div>\n\t\t\t\t<\/div>\n\t\t<div class=\"elementor-element elementor-element-8481795 e-flex e-con-boxed e-con e-parent\" data-id=\"8481795\" data-element_type=\"container\">\n\t\t\t\t\t<div class=\"e-con-inner\">\n\t\t\t\t<div class=\"elementor-element elementor-element-1358c3d elementor-widget elementor-widget-heading\" data-id=\"1358c3d\" data-element_type=\"widget\" data-widget_type=\"heading.default\">\n\t\t\t\t<div class=\"elementor-widget-container\">\n\t\t\t<style>\/*! elementor - v3.23.0 - 23-07-2024 *\/\n.elementor-heading-title{padding:0;margin:0;line-height:1}.elementor-widget-heading .elementor-heading-title[class*=elementor-size-]>a{color:inherit;font-size:inherit;line-height:inherit}.elementor-widget-heading .elementor-heading-title.elementor-size-small{font-size:15px}.elementor-widget-heading .elementor-heading-title.elementor-size-medium{font-size:19px}.elementor-widget-heading .elementor-heading-title.elementor-size-large{font-size:29px}.elementor-widget-heading .elementor-heading-title.elementor-size-xl{font-size:39px}.elementor-widget-heading .elementor-heading-title.elementor-size-xxl{font-size:59px}<\/style><h1 class=\"elementor-heading-title elementor-size-default\">\u00c1ltal\u00e1nos Szerz\u0151d\u00e9si Felt\u00e9telek<\/h1>\t\t<\/div>\n\t\t\t\t<\/div>\n\t\t\t\t<div class=\"elementor-element elementor-element-ddbacb6 elementor-widget elementor-widget-heading\" data-id=\"ddbacb6\" data-element_type=\"widget\" data-widget_type=\"heading.default\">\n\t\t\t\t<div class=\"elementor-widget-container\">\n\t\t\t<h2 class=\"elementor-heading-title elementor-size-default\">Audiohypnosis.online \u00e1ltal m\u0171k\u00f6dtetett The Spiral LTD<\/h2>\t\t<\/div>\n\t\t\t\t<\/div>\n\t\t\t\t<div class=\"elementor-element elementor-element-126a4b9 elementor-widget elementor-widget-text-editor\" data-id=\"126a4b9\" data-element_type=\"widget\" data-widget_type=\"text-editor.default\">\n\t\t\t\t<div class=\"elementor-widget-container\">\n\t\t\t<style>\/*! elementor - v3.23.0 - 23-07-2024 *\/\n.elementor-widget-text-editor.elementor-drop-cap-view-stacked .elementor-drop-cap{background-color:#69727d;color:#fff}.elementor-widget-text-editor.elementor-drop-cap-view-framed .elementor-drop-cap{color:#69727d;border:3px solid;background-color:transparent}.elementor-widget-text-editor:not(.elementor-drop-cap-view-default) .elementor-drop-cap{margin-top:8px}.elementor-widget-text-editor:not(.elementor-drop-cap-view-default) .elementor-drop-cap-letter{width:1em;height:1em}.elementor-widget-text-editor .elementor-drop-cap{float:left;text-align:center;line-height:1;font-size:50px}.elementor-widget-text-editor .elementor-drop-cap-letter{display:inline-block}<\/style>\t\t\t\t<h3>Utols\u00f3 friss\u00edt\u00e9s: okt\u00f3ber 2023<\/h3>\n\n<hr>\n\n<h2>Bevezet\u00e9s<\/h2>\nK\u00f6sz\u00f6nj\u00fck, hogy ell\u00e1togat az AudioHypnosis.online oldalra, amely a Bulg\u00e1ri\u00e1ban tal\u00e1lhat\u00f3 The Spiral LTD (&#8220;mi&#8221;, &#8220;minket&#8221;, &#8220;mi\u00e9nk&#8221;) \u00e1ltal ny\u00fajtott szolg\u00e1ltat\u00e1s. A jelen \u00c1ltal\u00e1nos Szerz\u0151d\u00e9si Felt\u00e9telek szab\u00e1lyozz\u00e1k weboldalunk haszn\u00e1lat\u00e1t \u00e9s az ott k\u00edn\u00e1lt term\u00e9kek \u00e9s szolg\u00e1ltat\u00e1sok megv\u00e1s\u00e1rl\u00e1s\u00e1t.\n\n<hr>\n\n<h2>A felt\u00e9telek elfogad\u00e1sa<\/h2>\nA weboldalhoz val\u00f3 hozz\u00e1f\u00e9r\u00e9ssel vagy annak haszn\u00e1lat\u00e1val \u00d6n elfogadja a jelen \u00c1ltal\u00e1nos Szerz\u0151d\u00e9si Felt\u00e9telek betart\u00e1s\u00e1t. Ha nem \u00e9rt egyet a jelen felt\u00e9telek b\u00e1rmely r\u00e9sz\u00e9vel, k\u00e9rj\u00fck, ne haszn\u00e1lja weboldalunkat.\n\n<hr>\n\n<h2>Felhaszn\u00e1l\u00f3i fi\u00f3kok<\/h2>\nAz AudioHypnosis.online oldalon t\u00f6rt\u00e9n\u0151 v\u00e1s\u00e1rl\u00e1shoz fi\u00f3kot kell l\u00e9trehoznia. \u00d6n v\u00e1llalja, hogy pontos \u00e9s naprak\u00e9sz inform\u00e1ci\u00f3kat ad meg, \u00e9s hogy fi\u00f3kj\u00e1t biztons\u00e1gban tartja.\n\n<hr>\n\n<h2>V\u00e1s\u00e1rl\u00e1sok<\/h2>\n<h3>\u00c1r<\/h3>\nAz egyes term\u00e9kek vagy szolg\u00e1ltat\u00e1sok \u00e1ra a weboldalunkon felt\u00fcntetett \u00e1r. Fenntartjuk a jogot, hogy az \u00e1rakat b\u00e1rmikor, el\u0151zetes \u00e9rtes\u00edt\u00e9s n\u00e9lk\u00fcl megv\u00e1ltoztassuk.\n<h3>Fizet\u00e9s<\/h3>\nMinden fizet\u00e9s biztons\u00e1gosan, online fizet\u00e9si \u00e1tj\u00e1r\u00f3nkon kereszt\u00fcl t\u00f6rt\u00e9nik. Az \u00d6n fizet\u00e9si adatait az Adatv\u00e9delmi szab\u00e1lyzatunknak megfelel\u0151en t\u00e1roljuk \u00e9s dolgozzuk fel.\n\n<hr>\n\n<h2>Sz\u00e1ll\u00edt\u00e1s<\/h2>\nA digit\u00e1lis term\u00e9kek let\u00f6lt\u00e9si link vagy online streaming \u00fatj\u00e1n ker\u00fclnek kisz\u00e1ll\u00edt\u00e1sra. A megv\u00e1s\u00e1rolt term\u00e9kekhez val\u00f3 hozz\u00e1f\u00e9r\u00e9st a fizet\u00e9s ellen\u0151rz\u00e9s\u00e9t k\u00f6vet\u0151en biztos\u00edtjuk.\n\n<hr>\n\n<h2>Visszat\u00e9r\u00edt\u00e9s \u00e9s visszat\u00e9r\u00edt\u00e9s<\/h2>\nTekintettel term\u00e9keink digit\u00e1lis jelleg\u00e9re, minden \u00e9rt\u00e9kes\u00edt\u00e9s v\u00e9gleges. Nem ker\u00fcl sor visszat\u00e9r\u00edt\u00e9sre, kiv\u00e9ve azokat az eseteket, amikor a term\u00e9ket nem sz\u00e1ll\u00edtott\u00e1k le vagy t\u00e9vesen adt\u00e1k meg.\n\n<hr>\n\n<h2>Szellemi tulajdon<\/h2>\nA weboldalon tal\u00e1lhat\u00f3 \u00f6sszes anyag, bele\u00e9rtve a digit\u00e1lis term\u00e9keket is, a The Spiral LTD szellemi tulajdon\u00e1t k\u00e9pezi, \u00e9s szerz\u0151i jogi v\u00e9delem alatt \u00e1ll.\n\n<hr>\n\n<h2>Megsz\u00fcntet\u00e9s<\/h2>\nFenntartjuk a jogot, hogy a jelen felt\u00e9telek megs\u00e9rt\u00e9se eset\u00e9n megsz\u00fcntess\u00fck az \u00d6n fi\u00f3kj\u00e1t \u00e9s a szolg\u00e1ltat\u00e1sainkhoz val\u00f3 hozz\u00e1f\u00e9r\u00e9s\u00e9t.\n\n<hr>\n\n<h2>A felel\u0151ss\u00e9g korl\u00e1toz\u00e1sa<\/h2>\nA Spiral LTD nem v\u00e1llal felel\u0151ss\u00e9get semmilyen k\u00f6zvetlen vagy k\u00f6zvetett k\u00e1r\u00e9rt, amely a weboldalunk vagy term\u00e9keink haszn\u00e1lat\u00e1b\u00f3l vagy azzal kapcsolatban keletkezik.\n\n<hr>\n\n<h2>Ir\u00e1nyad\u00f3 jog<\/h2>\nA jelen \u00c1ltal\u00e1nos Szerz\u0151d\u00e9si Felt\u00e9telekre Bulg\u00e1ria t\u00f6rv\u00e9nyei az ir\u00e1nyad\u00f3k. B\u00e1rmilyen jogvit\u00e1t bolg\u00e1r b\u00edr\u00f3s\u00e1gok \u00fatj\u00e1n kell rendezni.\n\n<hr>\n\n<h2>A felt\u00e9telek v\u00e1ltoz\u00e1sai<\/h2>\nFenntartjuk a jogot, hogy b\u00e1rmikor m\u00f3dos\u00edtsuk a jelen \u00c1ltal\u00e1nos Szerz\u0151d\u00e9si Felt\u00e9teleket. Minden v\u00e1ltoz\u00e1st k\u00f6zz\u00e9tesz\u00fcnk ezen az oldalon.\n\n<hr>\n\n<h2>Kapcsolattart\u00e1si inform\u00e1ci\u00f3k<\/h2>\nB\u00e1rmilyen k\u00e9rd\u00e9ssel vagy probl\u00e9m\u00e1val kapcsolatban a k\u00f6vetkez\u0151 c\u00edmen \u00e9rhet el minket:\nE-mail: <a href=\"mailto:support@audiohypnosis.online\" target=\"_new\">support@audiohypnosis.online<\/a>\n\n<hr>\n\nK\u00f6sz\u00f6nj\u00fck, hogy az AudioHypnosis.online \u00e9s a The Spiral LTD-t v\u00e1lasztotta. Alig v\u00e1rjuk, hogy szolg\u00e1lhassuk \u00d6nt.\t\t\t\t\t\t<\/div>\n\t\t\t\t<\/div>\n\t\t\t\t\t<\/div>\n\t\t\t\t<\/div>\n\t\t\t\t<\/div>\n\t\t","protected":false},"excerpt":{"rendered":"<p>\u00c1ltal\u00e1nos Szerz\u0151d\u00e9si Felt\u00e9telek Audiohypnosis.online \u00e1ltal m\u0171k\u00f6dtetett The Spiral LTD Utols\u00f3 friss\u00edt\u00e9s: okt\u00f3ber 2023 Bevezet\u00e9s K\u00f6sz\u00f6nj\u00fck, hogy ell\u00e1togat az AudioHypnosis.online oldalra, amely a Bulg\u00e1ri\u00e1ban tal\u00e1lhat\u00f3 The Spiral LTD (&#8220;mi&#8221;, &#8220;minket&#8221;, &#8220;mi\u00e9nk&#8221;) \u00e1ltal ny\u00fajtott szolg\u00e1ltat\u00e1s. A jelen \u00c1ltal\u00e1nos Szerz\u0151d\u00e9si Felt\u00e9telek szab\u00e1lyozz\u00e1k weboldalunk haszn\u00e1lat\u00e1t \u00e9s az ott k\u00edn\u00e1lt term\u00e9kek \u00e9s szolg\u00e1ltat\u00e1sok megv\u00e1s\u00e1rl\u00e1s\u00e1t. A felt\u00e9telek elfogad\u00e1sa A weboldalhoz val\u00f3 [&hellip;]<\/p>\n","protected":false},"author":1,"featured_media":0,"parent":0,"menu_order":0,"comment_status":"closed","ping_status":"closed","template":"elementor_theme","meta":{"footnotes":""},"wf_page_folders":[2723],"class_list":["post-152009","page","type-page","status-publish","hentry","entry","owp-thumbs-layout-horizontal","owp-btn-big","owp-tabs-layout-vertical","has-no-thumbnails","has-product-nav"],"acf":[],"aioseo_notices":[],"_links":{"self":[{"href":"https:\/\/audiohypnosis.online\/hu\/wp-json\/wp\/v2\/pages\/152009","targetHints":{"allow":["GET"]}}],"collection":[{"href":"https:\/\/audiohypnosis.online\/hu\/wp-json\/wp\/v2\/pages"}],"about":[{"href":"https:\/\/audiohypnosis.online\/hu\/wp-json\/wp\/v2\/types\/page"}],"author":[{"embeddable":true,"href":"https:\/\/audiohypnosis.online\/hu\/wp-json\/wp\/v2\/users\/1"}],"replies":[{"embeddable":true,"href":"https:\/\/audiohypnosis.online\/hu\/wp-json\/wp\/v2\/comments?post=152009"}],"version-history":[{"count":4,"href":"https:\/\/audiohypnosis.online\/hu\/wp-json\/wp\/v2\/pages\/152009\/revisions"}],"predecessor-version":[{"id":152016,"href":"https:\/\/audiohypnosis.online\/hu\/wp-json\/wp\/v2\/pages\/152009\/revisions\/152016"}],"wp:attachment":[{"href":"https:\/\/audiohypnosis.online\/hu\/wp-json\/wp\/v2\/media?parent=152009"}],"wp:term":[{"taxonomy":"wf_page_folders","embeddable":true,"href":"https:\/\/audiohypnosis.online\/hu\/wp-json\/wp\/v2\/wf_page_folders?post=152009"}],"curies":[{"name":"wp","href":"https:\/\/api.w.org\/{rel}","templated":true}]}}