{"id":24976,"date":"2023-10-30T13:36:04","date_gmt":"2023-10-30T12:36:04","guid":{"rendered":"http:\/\/audiohypnosis.online\/product\/renforcement-du-systeme-immunitaire-2\/"},"modified":"2023-10-30T13:36:04","modified_gmt":"2023-10-30T12:36:04","slug":"renforcement-du-systeme-immunitaire-2","status":"publish","type":"product","link":"https:\/\/audiohypnosis.online\/fr\/produit\/renforcement-du-systeme-immunitaire-2\/","title":{"rendered":"Renforcement du syst\u00e8me immunitaire"},"content":{"rendered":"<p>Vous souhaitez renforcer votre syst\u00e8me immunitaire ? Nos MP3 d&#8217;hypnose audio peuvent vous guider vers un mode de vie plus sain. Vous aurez acc\u00e8s \u00e0 6 fichiers audio t\u00e9l\u00e9chargeables et \u00e0 un manuel de bonnes pratiques.<\/p>\n","protected":false},"excerpt":{"rendered":"<p>Vous voulez renforcer votre syst\u00e8me immunitaire ?<\/p>\n","protected":false},"featured_media":14062,"comment_status":"closed","ping_status":"closed","template":"","meta":[],"language":[1632,2093,2100,1668,3062,1569],"product_cat":[1477],"product_tag":[1634,3493,1784,2053,2052],"class_list":{"0":"post-24976","1":"product","2":"type-product","3":"status-publish","4":"has-post-thumbnail","6":"language-de-fr-2","7":"language-en-fr","8":"language-es-fr","9":"language-fr-fr","10":"language-it-fr","11":"language-nl-fr","12":"product_cat-sante-et-bien-etre","13":"product_tag-bien-etre","14":"product_tag-gesundheit-fr","15":"product_tag-prendre-soin-de-soi","16":"product_tag-renforcer","17":"product_tag-systeme-immunitaire","18":"pa_languages-allemand","19":"pa_languages-anglais","20":"pa_languages-espagnol","21":"pa_languages-francais","22":"pa_languages-hongrois","23":"pa_languages-italien","24":"pa_languages-neerlandais","25":"pa_languages-polonais","26":"pa_languages-portugais-bresil","27":"pa_languages-serbe","28":"pa_languages-ukrainien","30":"entry","31":"has-media","33":"first","34":"instock","35":"shipping-taxable","36":"purchasable","37":"product-type-variable","38":"has-product-nav","39":"col","40":"span_1_of_4","41":"owp-content-center","42":"owp-thumbs-layout-horizontal","43":"owp-btn-big","44":"owp-tabs-layout-vertical","45":"has-no-thumbnails"},"acf":[],"aioseo_notices":[],"_links":{"self":[{"href":"https:\/\/audiohypnosis.online\/fr\/wp-json\/wp\/v2\/product\/24976","targetHints":{"allow":["GET"]}}],"collection":[{"href":"https:\/\/audiohypnosis.online\/fr\/wp-json\/wp\/v2\/product"}],"about":[{"href":"https:\/\/audiohypnosis.online\/fr\/wp-json\/wp\/v2\/types\/product"}],"replies":[{"embeddable":true,"href":"https:\/\/audiohypnosis.online\/fr\/wp-json\/wp\/v2\/comments?post=24976"}],"version-history":[{"count":0,"href":"https:\/\/audiohypnosis.online\/fr\/wp-json\/wp\/v2\/product\/24976\/revisions"}],"wp:featuredmedia":[{"embeddable":true,"href":"https:\/\/audiohypnosis.online\/fr\/wp-json\/wp\/v2\/media\/14062"}],"wp:attachment":[{"href":"https:\/\/audiohypnosis.online\/fr\/wp-json\/wp\/v2\/media?parent=24976"}],"wp:term":[{"taxonomy":"language","embeddable":true,"href":"https:\/\/audiohypnosis.online\/fr\/wp-json\/wp\/v2\/language?post=24976"},{"taxonomy":"product_cat","embeddable":true,"href":"https:\/\/audiohypnosis.online\/fr\/wp-json\/wp\/v2\/product_cat?post=24976"},{"taxonomy":"product_tag","embeddable":true,"href":"https:\/\/audiohypnosis.online\/fr\/wp-json\/wp\/v2\/product_tag?post=24976"}],"curies":[{"name":"wp","href":"https:\/\/api.w.org\/{rel}","templated":true}]}}