{"id":22393,"date":"2023-10-14T09:09:04","date_gmt":"2023-10-14T07:09:04","guid":{"rendered":"http:\/\/audiohypnosis.online\/product\/consommation-de-cannabis\/"},"modified":"2023-10-14T09:09:04","modified_gmt":"2023-10-14T07:09:04","slug":"consommation-de-cannabis","status":"publish","type":"product","link":"https:\/\/audiohypnosis.online\/fr\/produit\/consommation-de-cannabis\/","title":{"rendered":"Consommation de cannabis"},"content":{"rendered":"<p>Vous cherchez \u00e0 contr\u00f4ler votre consommation excessive de cannabis ? Nos MP3 d&#8217;hypnose audio vous offrent la possibilit\u00e9 de faire des choix plus sains. Le moment est venu d&#8217;op\u00e9rer une transformation positive. Mettez en \u0153uvre des changements durables pour un succ\u00e8s rapide et sain. En r\u00e9ussissant \u00e0 r\u00e9duire votre consommation de cannabis, vous atteignez un nouveau niveau de libert\u00e9, de contr\u00f4le et de bien-\u00eatre.<\/p>\n","protected":false},"excerpt":{"rendered":"<p>Vous voulez contr\u00f4ler votre consommation de cannabis ?<\/p>\n","protected":false},"featured_media":14284,"comment_status":"closed","ping_status":"closed","template":"","meta":[],"language":[1632,2100,1668,3062,1569],"product_cat":[1472],"product_tag":[1989],"class_list":{"0":"post-22393","1":"product","2":"type-product","3":"status-publish","4":"has-post-thumbnail","6":"language-de-fr-2","7":"language-es-fr","8":"language-fr-fr","9":"language-it-fr","10":"language-nl-fr","11":"product_cat-addictions-fr","12":"product_tag-cannabis-fr","13":"pa_languages-allemand","14":"pa_languages-espagnol","15":"pa_languages-francais","16":"pa_languages-hongrois","17":"pa_languages-italien","18":"pa_languages-neerlandais","19":"pa_languages-serbe","20":"pa_languages-ukrainien","22":"entry","23":"has-media","25":"first","26":"instock","27":"purchasable","28":"product-type-variable","29":"has-product-nav","30":"col","31":"span_1_of_4","32":"owp-content-center","33":"owp-thumbs-layout-horizontal","34":"owp-btn-big","35":"owp-tabs-layout-vertical","36":"has-no-thumbnails"},"acf":[],"aioseo_notices":[],"_links":{"self":[{"href":"https:\/\/audiohypnosis.online\/fr\/wp-json\/wp\/v2\/product\/22393","targetHints":{"allow":["GET"]}}],"collection":[{"href":"https:\/\/audiohypnosis.online\/fr\/wp-json\/wp\/v2\/product"}],"about":[{"href":"https:\/\/audiohypnosis.online\/fr\/wp-json\/wp\/v2\/types\/product"}],"replies":[{"embeddable":true,"href":"https:\/\/audiohypnosis.online\/fr\/wp-json\/wp\/v2\/comments?post=22393"}],"version-history":[{"count":0,"href":"https:\/\/audiohypnosis.online\/fr\/wp-json\/wp\/v2\/product\/22393\/revisions"}],"wp:featuredmedia":[{"embeddable":true,"href":"https:\/\/audiohypnosis.online\/fr\/wp-json\/wp\/v2\/media\/14284"}],"wp:attachment":[{"href":"https:\/\/audiohypnosis.online\/fr\/wp-json\/wp\/v2\/media?parent=22393"}],"wp:term":[{"taxonomy":"language","embeddable":true,"href":"https:\/\/audiohypnosis.online\/fr\/wp-json\/wp\/v2\/language?post=22393"},{"taxonomy":"product_cat","embeddable":true,"href":"https:\/\/audiohypnosis.online\/fr\/wp-json\/wp\/v2\/product_cat?post=22393"},{"taxonomy":"product_tag","embeddable":true,"href":"https:\/\/audiohypnosis.online\/fr\/wp-json\/wp\/v2\/product_tag?post=22393"}],"curies":[{"name":"wp","href":"https:\/\/api.w.org\/{rel}","templated":true}]}}